{"id":8925,"date":"2024-08-23T11:50:21","date_gmt":"2024-08-23T10:50:21","guid":{"rendered":"https:\/\/vellaescola.gal\/?post_type=product&#038;p=8925"},"modified":"2026-03-04T16:53:45","modified_gmt":"2026-03-04T15:53:45","slug":"airtrack-tumbling","status":"publish","type":"product","link":"https:\/\/vellaescola.gal\/gl\/produto\/airtrack-tumbling\/","title":{"rendered":"Airtrack Tumbling"},"content":{"rendered":"<div class=\"mkdf-pli-image\">\n<div class=\"mkdf-pli-text-holder\">\n<div class=\"mkdf-pli-text-wrapper\">\n<div class=\"mkdf-pli-text\">\n<p class=\"mkdf-pli-excerpt\">Trampol\u00edn inflable de 6 x 2 metros e 20 cm de alto, fabricado en lona de alta densidade e alta resistencia, axeitado para a pr\u00e1ctica de acrobacias.<\/p>\n<\/div>\n<\/div>\n<\/div>\n<\/div>\n<div><\/div>\n<div>Especificaci\u00f3ns:<\/div>\n<ul>\n<li>Lonxitude: 600 cm m\u00e1ximo<\/li>\n<li>Anchura: 200 cm m\u00e1ximo<\/li>\n<li>Altura: 20 cm<\/li>\n<\/ul>\n<div>\n<p>&nbsp;<\/p>\n<\/div>","protected":false},"excerpt":{"rendered":"<h3>Practica acrobacias imposibles con seguridade!!!<\/h3>\n<p>Trampol\u00edn inflable de 6 m de longo por 2 m de ancho e 20 cm de alto, fabricado en lona de alta densidade e moi resistente. O AirTrack recom\u00e9ndase para actividades acrob\u00e1ticas como tricking, parkour, ximnasia, artes circenses, artes marciais ou mesmo para amortecer ca\u00eddas durante actividades de gran altitude como slackline ou funambulismo.<\/p>","protected":false},"featured_media":5322,"comment_status":"open","ping_status":"closed","template":"","meta":[],"product_brand":[],"product_cat":[1445],"product_tag":[1490,1489,1486,1488,1419,1397,1480,1399,1487,1407,1452],"class_list":{"0":"post-8925","1":"product","2":"type-product","3":"status-publish","4":"has-post-thumbnail","6":"product_cat-parques","7":"product_tag-acolchado","8":"product_tag-acrobacias","9":"product_tag-airtrack","10":"product_tag-colchoneta","11":"product_tag-galicia","12":"product_tag-slackline","13":"product_tag-suelo","14":"product_tag-tricking","15":"product_tag-tumbling","16":"product_tag-urban","17":"product_tag-vella-escola","19":"first","20":"instock","21":"taxable","22":"shipping-taxable","23":"purchasable","24":"product-type-simple"},"yoast_head":"<!-- This site is optimized with the Yoast SEO plugin v27.2 - https:\/\/yoast.com\/product\/yoast-seo-wordpress\/ -->\n<title>Airtrack Tumbling - VELLA ESCOLA Cultura Urbana<\/title>\n<meta name=\"description\" content=\"Trampol\u00edn hinchable de 6x2 metros, 20 cm de altura, fabricada en lona de alta densidad y gran resistencia, apta para practicar acrobacias.\" \/>\n<meta name=\"robots\" content=\"index, follow, max-snippet:-1, max-image-preview:large, max-video-preview:-1\" \/>\n<link rel=\"canonical\" href=\"https:\/\/vellaescola.gal\/gl\/producto\/airtrack-tumbling\/\" \/>\n<meta property=\"og:locale\" content=\"gl_ES\" \/>\n<meta property=\"og:type\" content=\"article\" \/>\n<meta property=\"og:title\" content=\"Airtrack Tumbling - VELLA ESCOLA Cultura Urbana\" \/>\n<meta property=\"og:description\" content=\"Trampol\u00edn hinchable de 6x2 metros, 20 cm de altura, fabricada en lona de alta densidad y gran resistencia, apta para practicar acrobacias.\" \/>\n<meta property=\"og:url\" content=\"https:\/\/vellaescola.gal\/gl\/producto\/airtrack-tumbling\/\" \/>\n<meta property=\"og:site_name\" content=\"VELLA ESCOLA Cultura Urbana\" \/>\n<meta property=\"article:modified_time\" content=\"2026-03-04T15:53:45+00:00\" \/>\n<meta property=\"og:image\" content=\"https:\/\/vellaescola.gal\/wp-content\/uploads\/2019\/12\/Transparente_AirTrack_3.png\" \/>\n\t<meta property=\"og:image:width\" content=\"851\" \/>\n\t<meta property=\"og:image:height\" content=\"851\" \/>\n\t<meta property=\"og:image:type\" content=\"image\/png\" \/>\n<meta name=\"twitter:label1\" content=\"Tempo de lectura\" \/>\n\t<meta name=\"twitter:data1\" content=\"1 minuto\" \/>\n<script type=\"application\/ld+json\" class=\"yoast-schema-graph\">{\"@context\":\"https:\/\/schema.org\",\"@graph\":[{\"@type\":\"WebPage\",\"@id\":\"https:\/\/vellaescola.gal\/producto\/airtrack-tumbling\/\",\"url\":\"https:\/\/vellaescola.gal\/producto\/airtrack-tumbling\/\",\"name\":\"Airtrack Tumbling - VELLA ESCOLA Cultura Urbana\",\"isPartOf\":{\"@id\":\"https:\/\/vellaescola.gal\/#website\"},\"primaryImageOfPage\":{\"@id\":\"https:\/\/vellaescola.gal\/producto\/airtrack-tumbling\/#primaryimage\"},\"image\":{\"@id\":\"https:\/\/vellaescola.gal\/producto\/airtrack-tumbling\/#primaryimage\"},\"thumbnailUrl\":\"https:\/\/vellaescola.gal\/wp-content\/uploads\/2019\/12\/Transparente_AirTrack_3.png\",\"datePublished\":\"2024-08-23T10:50:21+00:00\",\"dateModified\":\"2026-03-04T15:53:45+00:00\",\"description\":\"Trampol\u00edn hinchable de 6x2 metros, 20 cm de altura, fabricada en lona de alta densidad y gran resistencia, apta para practicar acrobacias.\",\"breadcrumb\":{\"@id\":\"https:\/\/vellaescola.gal\/producto\/airtrack-tumbling\/#breadcrumb\"},\"inLanguage\":\"gl-ES\",\"potentialAction\":[{\"@type\":\"ReadAction\",\"target\":[\"https:\/\/vellaescola.gal\/producto\/airtrack-tumbling\/\"]}]},{\"@type\":\"ImageObject\",\"inLanguage\":\"gl-ES\",\"@id\":\"https:\/\/vellaescola.gal\/producto\/airtrack-tumbling\/#primaryimage\",\"url\":\"https:\/\/vellaescola.gal\/wp-content\/uploads\/2019\/12\/Transparente_AirTrack_3.png\",\"contentUrl\":\"https:\/\/vellaescola.gal\/wp-content\/uploads\/2019\/12\/Transparente_AirTrack_3.png\",\"width\":851,\"height\":851},{\"@type\":\"BreadcrumbList\",\"@id\":\"https:\/\/vellaescola.gal\/producto\/airtrack-tumbling\/#breadcrumb\",\"itemListElement\":[{\"@type\":\"ListItem\",\"position\":1,\"name\":\"Home\",\"item\":\"https:\/\/vellaescola.gal\/\"},{\"@type\":\"ListItem\",\"position\":2,\"name\":\"Productos\",\"item\":\"https:\/\/vellaescola.gal\/shop\/\"},{\"@type\":\"ListItem\",\"position\":3,\"name\":\"Airtrack Tumbling\"}]},{\"@type\":\"WebSite\",\"@id\":\"https:\/\/vellaescola.gal\/#website\",\"url\":\"https:\/\/vellaescola.gal\/\",\"name\":\"VELLA ESCOLA Cultura Urbana\",\"description\":\"L\u00edderes en Cultura Urbana en Galicia desde 2009. Talleres de Graffiti, Skate, Parkour y Breakdance para eventos e instituciones. Murales para empresas y particulares en toda Espa\u00f1a.\",\"potentialAction\":[{\"@type\":\"SearchAction\",\"target\":{\"@type\":\"EntryPoint\",\"urlTemplate\":\"https:\/\/vellaescola.gal\/?s={search_term_string}\"},\"query-input\":{\"@type\":\"PropertyValueSpecification\",\"valueRequired\":true,\"valueName\":\"search_term_string\"}}],\"inLanguage\":\"gl-ES\"}]}<\/script>\n<!-- \/ Yoast SEO plugin. -->","yoast_head_json":{"title":"Airtrack Tumbling - VELLA ESCOLA Cultura Urbana","description":"Trampol\u00edn hinchable de 6x2 metros, 20 cm de altura, fabricada en lona de alta densidad y gran resistencia, apta para practicar acrobacias.","robots":{"index":"index","follow":"follow","max-snippet":"max-snippet:-1","max-image-preview":"max-image-preview:large","max-video-preview":"max-video-preview:-1"},"canonical":"https:\/\/vellaescola.gal\/gl\/producto\/airtrack-tumbling\/","og_locale":"gl_ES","og_type":"article","og_title":"Airtrack Tumbling - VELLA ESCOLA Cultura Urbana","og_description":"Trampol\u00edn hinchable de 6x2 metros, 20 cm de altura, fabricada en lona de alta densidad y gran resistencia, apta para practicar acrobacias.","og_url":"https:\/\/vellaescola.gal\/gl\/producto\/airtrack-tumbling\/","og_site_name":"VELLA ESCOLA Cultura Urbana","article_modified_time":"2026-03-04T15:53:45+00:00","og_image":[{"width":851,"height":851,"url":"https:\/\/vellaescola.gal\/wp-content\/uploads\/2019\/12\/Transparente_AirTrack_3.png","type":"image\/png"}],"twitter_misc":{"Tempo de lectura":"1 minuto"},"schema":{"@context":"https:\/\/schema.org","@graph":[{"@type":"WebPage","@id":"https:\/\/vellaescola.gal\/producto\/airtrack-tumbling\/","url":"https:\/\/vellaescola.gal\/producto\/airtrack-tumbling\/","name":"Airtrack Tumbling - VELLA ESCOLA Cultura Urbana","isPartOf":{"@id":"https:\/\/vellaescola.gal\/#website"},"primaryImageOfPage":{"@id":"https:\/\/vellaescola.gal\/producto\/airtrack-tumbling\/#primaryimage"},"image":{"@id":"https:\/\/vellaescola.gal\/producto\/airtrack-tumbling\/#primaryimage"},"thumbnailUrl":"https:\/\/vellaescola.gal\/wp-content\/uploads\/2019\/12\/Transparente_AirTrack_3.png","datePublished":"2024-08-23T10:50:21+00:00","dateModified":"2026-03-04T15:53:45+00:00","description":"Trampol\u00edn hinchable de 6x2 metros, 20 cm de altura, fabricada en lona de alta densidad y gran resistencia, apta para practicar acrobacias.","breadcrumb":{"@id":"https:\/\/vellaescola.gal\/producto\/airtrack-tumbling\/#breadcrumb"},"inLanguage":"gl-ES","potentialAction":[{"@type":"ReadAction","target":["https:\/\/vellaescola.gal\/producto\/airtrack-tumbling\/"]}]},{"@type":"ImageObject","inLanguage":"gl-ES","@id":"https:\/\/vellaescola.gal\/producto\/airtrack-tumbling\/#primaryimage","url":"https:\/\/vellaescola.gal\/wp-content\/uploads\/2019\/12\/Transparente_AirTrack_3.png","contentUrl":"https:\/\/vellaescola.gal\/wp-content\/uploads\/2019\/12\/Transparente_AirTrack_3.png","width":851,"height":851},{"@type":"BreadcrumbList","@id":"https:\/\/vellaescola.gal\/producto\/airtrack-tumbling\/#breadcrumb","itemListElement":[{"@type":"ListItem","position":1,"name":"Home","item":"https:\/\/vellaescola.gal\/"},{"@type":"ListItem","position":2,"name":"Productos","item":"https:\/\/vellaescola.gal\/shop\/"},{"@type":"ListItem","position":3,"name":"Airtrack Tumbling"}]},{"@type":"WebSite","@id":"https:\/\/vellaescola.gal\/#website","url":"https:\/\/vellaescola.gal\/","name":"VELLA ESCOLA Cultura Urbana","description":"L\u00edderes en Cultura Urbana en Galicia dende 2009. Obradoiros de Graffiti, Skate, Parkour e Breakdance para eventos e instituci\u00f3ns. Murais para empresas e particulares en toda Espa\u00f1a.","potentialAction":[{"@type":"SearchAction","target":{"@type":"EntryPoint","urlTemplate":"https:\/\/vellaescola.gal\/?s={search_term_string}"},"query-input":{"@type":"PropertyValueSpecification","valueRequired":true,"valueName":"search_term_string"}}],"inLanguage":"gl-ES"}]}},"_links":{"self":[{"href":"https:\/\/vellaescola.gal\/gl\/wp-json\/wp\/v2\/product\/8925","targetHints":{"allow":["GET"]}}],"collection":[{"href":"https:\/\/vellaescola.gal\/gl\/wp-json\/wp\/v2\/product"}],"about":[{"href":"https:\/\/vellaescola.gal\/gl\/wp-json\/wp\/v2\/types\/product"}],"replies":[{"embeddable":true,"href":"https:\/\/vellaescola.gal\/gl\/wp-json\/wp\/v2\/comments?post=8925"}],"wp:featuredmedia":[{"embeddable":true,"href":"https:\/\/vellaescola.gal\/gl\/wp-json\/wp\/v2\/media\/5322"}],"wp:attachment":[{"href":"https:\/\/vellaescola.gal\/gl\/wp-json\/wp\/v2\/media?parent=8925"}],"wp:term":[{"taxonomy":"product_brand","embeddable":true,"href":"https:\/\/vellaescola.gal\/gl\/wp-json\/wp\/v2\/product_brand?post=8925"},{"taxonomy":"product_cat","embeddable":true,"href":"https:\/\/vellaescola.gal\/gl\/wp-json\/wp\/v2\/product_cat?post=8925"},{"taxonomy":"product_tag","embeddable":true,"href":"https:\/\/vellaescola.gal\/gl\/wp-json\/wp\/v2\/product_tag?post=8925"}],"curies":[{"name":"wp","href":"https:\/\/api.w.org\/{rel}","templated":true}]}}