{"id":8923,"date":"2024-08-23T11:31:07","date_gmt":"2024-08-23T10:31:07","guid":{"rendered":"https:\/\/vellaescola.gal\/?post_type=product&#038;p=8923"},"modified":"2026-03-04T16:54:14","modified_gmt":"2026-03-04T15:54:14","slug":"muro-artificial","status":"publish","type":"product","link":"https:\/\/vellaescola.gal\/gl\/produto\/muro-artificial\/","title":{"rendered":"Muro Artificial"},"content":{"rendered":"<div class=\"mkdf-pli-image\">Aluguer de muro artificial modular para grafitis e arte mural, dispo\u00f1ible ata 2,5 m de alto por 8 m de longo.<\/div>\n<div><\/div>\n<div>Especificaci\u00f3ns:<\/div>\n<ul>\n<li>Lonxitude: 800 cm como m\u00e1ximo (400 cm recomendados).<\/li>\n<li>Largura: 250 cm como m\u00e1ximo (200 cm recomendados).<\/li>\n<li>Material: estrutura de aluminio e parte dianteira de madeira.<\/li>\n<li>Cores: parte dianteira pintada de branco ou negro.<\/li>\n<\/ul>\n<div>\n<p>&nbsp;<\/p>\n<\/div>","protected":false},"excerpt":{"rendered":"<div class=\"wpb_text_column wpb_content_element\">\n<div class=\"wpb_wrapper\">\n<h3>Montaremos a t\u00faa parede en 10 minutos e estar\u00e1 lista para pintar!<\/h3>\n<\/div>\n<\/div>\n<p>O muro artificial est\u00e1 composto por estruturas modulares que se conectan lateralmente, o que permite estender a superficie do muro ata 8 metros horizontalmente e ata 2,5 metros verticalmente, grazas a un sistema telesc\u00f3pico. O \u00e1ngulo do panel tam\u00e9n se pode axustar para compensar o terreo irregular e manter unha verticalidade perfecta. A base da estrutura incl\u00fae unha bandexa situada a 5 cm do chan para evitar derrames de pintura. Enriba da estrutura inst\u00e1lanse t\u00e1boas de madeira que poden retirarse ou substitu\u00edrse posteriormente.<\/p>\n<p>&nbsp;<\/p>","protected":false},"featured_media":14939,"comment_status":"open","ping_status":"closed","template":"","meta":[],"product_brand":[],"product_cat":[1445],"product_tag":[1484,1419,1361,1404,1482,1380,1481,1483,1407,1452,1485],"class_list":{"0":"post-8923","1":"product","2":"type-product","3":"status-publish","4":"has-post-thumbnail","6":"product_cat-parques","7":"product_tag-caballete","8":"product_tag-galicia","9":"product_tag-graffiti","10":"product_tag-hip-hop","11":"product_tag-lienzo","12":"product_tag-mural","13":"product_tag-muro","14":"product_tag-muro-artificial","15":"product_tag-urban","16":"product_tag-vella-escola","17":"product_tag-wall","19":"first","20":"instock","21":"taxable","22":"shipping-taxable","23":"purchasable","24":"product-type-simple"},"yoast_head":"<!-- This site is optimized with the Yoast SEO plugin v27.2 - https:\/\/yoast.com\/product\/yoast-seo-wordpress\/ -->\n<title>Muro Artificial - VELLA ESCOLA Cultura Urbana<\/title>\n<meta name=\"description\" content=\"Alquiler de Muro Artificial modular para Graffiti y arte mural, hasta 2,5m de alto por 8m de largo. Permite regular el \u00e1ngulo para compensar desniveles.\" \/>\n<meta name=\"robots\" content=\"index, follow, max-snippet:-1, max-image-preview:large, max-video-preview:-1\" \/>\n<link rel=\"canonical\" href=\"https:\/\/vellaescola.gal\/gl\/producto\/muro-artificial\/\" \/>\n<meta property=\"og:locale\" content=\"gl_ES\" \/>\n<meta property=\"og:type\" content=\"article\" \/>\n<meta property=\"og:title\" content=\"Muro Artificial - VELLA ESCOLA Cultura Urbana\" \/>\n<meta property=\"og:description\" content=\"Alquiler de Muro Artificial modular para Graffiti y arte mural, hasta 2,5m de alto por 8m de largo. Permite regular el \u00e1ngulo para compensar desniveles.\" \/>\n<meta property=\"og:url\" content=\"https:\/\/vellaescola.gal\/gl\/producto\/muro-artificial\/\" \/>\n<meta property=\"og:site_name\" content=\"VELLA ESCOLA Cultura Urbana\" \/>\n<meta property=\"article:modified_time\" content=\"2026-03-04T15:54:14+00:00\" \/>\n<meta property=\"og:image\" content=\"https:\/\/vellaescola.gal\/wp-content\/uploads\/2024\/08\/Muro-Trans-01.png\" \/>\n\t<meta property=\"og:image:width\" content=\"851\" \/>\n\t<meta property=\"og:image:height\" content=\"851\" \/>\n\t<meta property=\"og:image:type\" content=\"image\/png\" \/>\n<meta name=\"twitter:label1\" content=\"Tempo de lectura\" \/>\n\t<meta name=\"twitter:data1\" content=\"1 minuto\" \/>\n<script type=\"application\/ld+json\" class=\"yoast-schema-graph\">{\"@context\":\"https:\/\/schema.org\",\"@graph\":[{\"@type\":\"WebPage\",\"@id\":\"https:\/\/vellaescola.gal\/producto\/muro-artificial\/\",\"url\":\"https:\/\/vellaescola.gal\/producto\/muro-artificial\/\",\"name\":\"Muro Artificial - VELLA ESCOLA Cultura Urbana\",\"isPartOf\":{\"@id\":\"https:\/\/vellaescola.gal\/#website\"},\"primaryImageOfPage\":{\"@id\":\"https:\/\/vellaescola.gal\/producto\/muro-artificial\/#primaryimage\"},\"image\":{\"@id\":\"https:\/\/vellaescola.gal\/producto\/muro-artificial\/#primaryimage\"},\"thumbnailUrl\":\"https:\/\/vellaescola.gal\/wp-content\/uploads\/2024\/08\/Muro-Trans-01.png\",\"datePublished\":\"2024-08-23T10:31:07+00:00\",\"dateModified\":\"2026-03-04T15:54:14+00:00\",\"description\":\"Alquiler de Muro Artificial modular para Graffiti y arte mural, hasta 2,5m de alto por 8m de largo. Permite regular el \u00e1ngulo para compensar desniveles.\",\"breadcrumb\":{\"@id\":\"https:\/\/vellaescola.gal\/producto\/muro-artificial\/#breadcrumb\"},\"inLanguage\":\"gl-ES\",\"potentialAction\":[{\"@type\":\"ReadAction\",\"target\":[\"https:\/\/vellaescola.gal\/producto\/muro-artificial\/\"]}]},{\"@type\":\"ImageObject\",\"inLanguage\":\"gl-ES\",\"@id\":\"https:\/\/vellaescola.gal\/producto\/muro-artificial\/#primaryimage\",\"url\":\"https:\/\/vellaescola.gal\/wp-content\/uploads\/2024\/08\/Muro-Trans-01.png\",\"contentUrl\":\"https:\/\/vellaescola.gal\/wp-content\/uploads\/2024\/08\/Muro-Trans-01.png\",\"width\":851,\"height\":851},{\"@type\":\"BreadcrumbList\",\"@id\":\"https:\/\/vellaescola.gal\/producto\/muro-artificial\/#breadcrumb\",\"itemListElement\":[{\"@type\":\"ListItem\",\"position\":1,\"name\":\"Home\",\"item\":\"https:\/\/vellaescola.gal\/\"},{\"@type\":\"ListItem\",\"position\":2,\"name\":\"Productos\",\"item\":\"https:\/\/vellaescola.gal\/shop\/\"},{\"@type\":\"ListItem\",\"position\":3,\"name\":\"Muro Artificial\"}]},{\"@type\":\"WebSite\",\"@id\":\"https:\/\/vellaescola.gal\/#website\",\"url\":\"https:\/\/vellaescola.gal\/\",\"name\":\"VELLA ESCOLA Cultura Urbana\",\"description\":\"L\u00edderes en Cultura Urbana en Galicia desde 2009. Talleres de Graffiti, Skate, Parkour y Breakdance para eventos e instituciones. Murales para empresas y particulares en toda Espa\u00f1a.\",\"potentialAction\":[{\"@type\":\"SearchAction\",\"target\":{\"@type\":\"EntryPoint\",\"urlTemplate\":\"https:\/\/vellaescola.gal\/?s={search_term_string}\"},\"query-input\":{\"@type\":\"PropertyValueSpecification\",\"valueRequired\":true,\"valueName\":\"search_term_string\"}}],\"inLanguage\":\"gl-ES\"}]}<\/script>\n<!-- \/ Yoast SEO plugin. -->","yoast_head_json":{"title":"Muro Artificial - VELLA ESCOLA Cultura Urbana","description":"Alquiler de Muro Artificial modular para Graffiti y arte mural, hasta 2,5m de alto por 8m de largo. Permite regular el \u00e1ngulo para compensar desniveles.","robots":{"index":"index","follow":"follow","max-snippet":"max-snippet:-1","max-image-preview":"max-image-preview:large","max-video-preview":"max-video-preview:-1"},"canonical":"https:\/\/vellaescola.gal\/gl\/producto\/muro-artificial\/","og_locale":"gl_ES","og_type":"article","og_title":"Muro Artificial - VELLA ESCOLA Cultura Urbana","og_description":"Alquiler de Muro Artificial modular para Graffiti y arte mural, hasta 2,5m de alto por 8m de largo. Permite regular el \u00e1ngulo para compensar desniveles.","og_url":"https:\/\/vellaescola.gal\/gl\/producto\/muro-artificial\/","og_site_name":"VELLA ESCOLA Cultura Urbana","article_modified_time":"2026-03-04T15:54:14+00:00","og_image":[{"width":851,"height":851,"url":"https:\/\/vellaescola.gal\/wp-content\/uploads\/2024\/08\/Muro-Trans-01.png","type":"image\/png"}],"twitter_misc":{"Tempo de lectura":"1 minuto"},"schema":{"@context":"https:\/\/schema.org","@graph":[{"@type":"WebPage","@id":"https:\/\/vellaescola.gal\/producto\/muro-artificial\/","url":"https:\/\/vellaescola.gal\/producto\/muro-artificial\/","name":"Muro Artificial - VELLA ESCOLA Cultura Urbana","isPartOf":{"@id":"https:\/\/vellaescola.gal\/#website"},"primaryImageOfPage":{"@id":"https:\/\/vellaescola.gal\/producto\/muro-artificial\/#primaryimage"},"image":{"@id":"https:\/\/vellaescola.gal\/producto\/muro-artificial\/#primaryimage"},"thumbnailUrl":"https:\/\/vellaescola.gal\/wp-content\/uploads\/2024\/08\/Muro-Trans-01.png","datePublished":"2024-08-23T10:31:07+00:00","dateModified":"2026-03-04T15:54:14+00:00","description":"Alquiler de Muro Artificial modular para Graffiti y arte mural, hasta 2,5m de alto por 8m de largo. Permite regular el \u00e1ngulo para compensar desniveles.","breadcrumb":{"@id":"https:\/\/vellaescola.gal\/producto\/muro-artificial\/#breadcrumb"},"inLanguage":"gl-ES","potentialAction":[{"@type":"ReadAction","target":["https:\/\/vellaescola.gal\/producto\/muro-artificial\/"]}]},{"@type":"ImageObject","inLanguage":"gl-ES","@id":"https:\/\/vellaescola.gal\/producto\/muro-artificial\/#primaryimage","url":"https:\/\/vellaescola.gal\/wp-content\/uploads\/2024\/08\/Muro-Trans-01.png","contentUrl":"https:\/\/vellaescola.gal\/wp-content\/uploads\/2024\/08\/Muro-Trans-01.png","width":851,"height":851},{"@type":"BreadcrumbList","@id":"https:\/\/vellaescola.gal\/producto\/muro-artificial\/#breadcrumb","itemListElement":[{"@type":"ListItem","position":1,"name":"Home","item":"https:\/\/vellaescola.gal\/"},{"@type":"ListItem","position":2,"name":"Productos","item":"https:\/\/vellaescola.gal\/shop\/"},{"@type":"ListItem","position":3,"name":"Muro Artificial"}]},{"@type":"WebSite","@id":"https:\/\/vellaescola.gal\/#website","url":"https:\/\/vellaescola.gal\/","name":"VELLA ESCOLA Cultura Urbana","description":"L\u00edderes en Cultura Urbana en Galicia dende 2009. Obradoiros de Graffiti, Skate, Parkour e Breakdance para eventos e instituci\u00f3ns. Murais para empresas e particulares en toda Espa\u00f1a.","potentialAction":[{"@type":"SearchAction","target":{"@type":"EntryPoint","urlTemplate":"https:\/\/vellaescola.gal\/?s={search_term_string}"},"query-input":{"@type":"PropertyValueSpecification","valueRequired":true,"valueName":"search_term_string"}}],"inLanguage":"gl-ES"}]}},"_links":{"self":[{"href":"https:\/\/vellaescola.gal\/gl\/wp-json\/wp\/v2\/product\/8923","targetHints":{"allow":["GET"]}}],"collection":[{"href":"https:\/\/vellaescola.gal\/gl\/wp-json\/wp\/v2\/product"}],"about":[{"href":"https:\/\/vellaescola.gal\/gl\/wp-json\/wp\/v2\/types\/product"}],"replies":[{"embeddable":true,"href":"https:\/\/vellaescola.gal\/gl\/wp-json\/wp\/v2\/comments?post=8923"}],"wp:featuredmedia":[{"embeddable":true,"href":"https:\/\/vellaescola.gal\/gl\/wp-json\/wp\/v2\/media\/14939"}],"wp:attachment":[{"href":"https:\/\/vellaescola.gal\/gl\/wp-json\/wp\/v2\/media?parent=8923"}],"wp:term":[{"taxonomy":"product_brand","embeddable":true,"href":"https:\/\/vellaescola.gal\/gl\/wp-json\/wp\/v2\/product_brand?post=8923"},{"taxonomy":"product_cat","embeddable":true,"href":"https:\/\/vellaescola.gal\/gl\/wp-json\/wp\/v2\/product_cat?post=8923"},{"taxonomy":"product_tag","embeddable":true,"href":"https:\/\/vellaescola.gal\/gl\/wp-json\/wp\/v2\/product_tag?post=8923"}],"curies":[{"name":"wp","href":"https:\/\/api.w.org\/{rel}","templated":true}]}}