{"id":8882,"date":"2024-07-27T18:32:54","date_gmt":"2024-07-27T17:32:54","guid":{"rendered":"https:\/\/vellaescola.gal\/?post_type=product&#038;p=8882"},"modified":"2026-03-04T16:54:32","modified_gmt":"2026-03-04T15:54:32","slug":"pistas-de-baile","status":"publish","type":"product","link":"https:\/\/vellaescola.gal\/gl\/produto\/pistas-de-baile\/","title":{"rendered":"Pistas de Baile"},"content":{"rendered":"<div class=\"mkdf-pli-image\">Aluga pistas de baile modulares da marca americana SnapLock, equipadas cun sistema de conexi\u00f3n patentado PowerLock que permite unha montaxe r\u00e1pida e sen ferramentas (d\u00faas persoas en menos de 30 minutos). Como sistema modular, a pista de baile p\u00f3dese montar en diferentes configuraci\u00f3ns para adaptarse \u00e1s t\u00faas necesidades ou ao espazo dispo\u00f1ible. Cada peza est\u00e1 feita de material PVC ABS completamente liso, impermeable e absorbente de impactos.<\/div>\n<div><\/div>\n<div>Especificaci\u00f3ns:<\/div>\n<ul>\n<li>Lonxitude: 600 cm.<\/li>\n<li>Anchura: 500 cm.<\/li>\n<li>Material: PVC<\/li>\n<li>Cores: Branco e negro \/ gris e vermello. .<\/li>\n<\/ul>\n<div>\n<p>&nbsp;<\/p>\n<\/div>","protected":false},"excerpt":{"rendered":"<p>&nbsp;<\/p>\n<p>Aluguer de pistas de baile modulares equipadas cun sistema de conexi\u00f3n patentado PowerLock que permite unha montaxe r\u00e1pida e sen ferramentas.<\/p>\n<p>&nbsp;<\/p>","protected":false},"featured_media":5298,"comment_status":"open","ping_status":"closed","template":"","meta":[],"product_brand":[],"product_cat":[1445],"product_tag":[1353,1352,1408,1479,1478,1419,1404,1477,1480,1407,1452],"class_list":{"0":"post-8882","1":"product","2":"type-product","3":"status-publish","4":"has-post-thumbnail","6":"product_cat-parques","7":"product_tag-breakdance","8":"product_tag-breaking","9":"product_tag-dance","10":"product_tag-dancefloor","11":"product_tag-floor","12":"product_tag-galicia","13":"product_tag-hip-hop","14":"product_tag-pista-de-baile","15":"product_tag-suelo","16":"product_tag-urban","17":"product_tag-vella-escola","19":"first","20":"instock","21":"taxable","22":"shipping-taxable","23":"purchasable","24":"product-type-simple"},"yoast_head":"<!-- This site is optimized with the Yoast SEO plugin v27.2 - https:\/\/yoast.com\/product\/yoast-seo-wordpress\/ -->\n<title>Pistas de Baile - VELLA ESCOLA Cultura Urbana<\/title>\n<meta name=\"description\" content=\"Alquiler de Pistas de baile modulares dotadas de un sistema patentado de conexi\u00f3n PowerLock que permite un montaje r\u00e1pido y sin herramientas.\" \/>\n<meta name=\"robots\" content=\"index, follow, max-snippet:-1, max-image-preview:large, max-video-preview:-1\" \/>\n<link rel=\"canonical\" href=\"https:\/\/vellaescola.gal\/gl\/producto\/pistas-de-baile\/\" \/>\n<meta property=\"og:locale\" content=\"gl_ES\" \/>\n<meta property=\"og:type\" content=\"article\" \/>\n<meta property=\"og:title\" content=\"Pistas de Baile - VELLA ESCOLA Cultura Urbana\" \/>\n<meta property=\"og:description\" content=\"Alquiler de Pistas de baile modulares dotadas de un sistema patentado de conexi\u00f3n PowerLock que permite un montaje r\u00e1pido y sin herramientas.\" \/>\n<meta property=\"og:url\" content=\"https:\/\/vellaescola.gal\/gl\/producto\/pistas-de-baile\/\" \/>\n<meta property=\"og:site_name\" content=\"VELLA ESCOLA Cultura Urbana\" \/>\n<meta property=\"article:modified_time\" content=\"2026-03-04T15:54:32+00:00\" \/>\n<meta property=\"og:image\" content=\"https:\/\/vellaescola.gal\/wp-content\/uploads\/2019\/12\/Trans_Pista_de_Baile.png\" \/>\n\t<meta property=\"og:image:width\" content=\"851\" \/>\n\t<meta property=\"og:image:height\" content=\"851\" \/>\n\t<meta property=\"og:image:type\" content=\"image\/png\" \/>\n<meta name=\"twitter:label1\" content=\"Tempo de lectura\" \/>\n\t<meta name=\"twitter:data1\" content=\"1 minuto\" \/>\n<script type=\"application\/ld+json\" class=\"yoast-schema-graph\">{\"@context\":\"https:\/\/schema.org\",\"@graph\":[{\"@type\":\"WebPage\",\"@id\":\"https:\/\/vellaescola.gal\/producto\/pistas-de-baile\/\",\"url\":\"https:\/\/vellaescola.gal\/producto\/pistas-de-baile\/\",\"name\":\"Pistas de Baile - VELLA ESCOLA Cultura Urbana\",\"isPartOf\":{\"@id\":\"https:\/\/vellaescola.gal\/#website\"},\"primaryImageOfPage\":{\"@id\":\"https:\/\/vellaescola.gal\/producto\/pistas-de-baile\/#primaryimage\"},\"image\":{\"@id\":\"https:\/\/vellaescola.gal\/producto\/pistas-de-baile\/#primaryimage\"},\"thumbnailUrl\":\"https:\/\/vellaescola.gal\/wp-content\/uploads\/2019\/12\/Trans_Pista_de_Baile.png\",\"datePublished\":\"2024-07-27T17:32:54+00:00\",\"dateModified\":\"2026-03-04T15:54:32+00:00\",\"description\":\"Alquiler de Pistas de baile modulares dotadas de un sistema patentado de conexi\u00f3n PowerLock que permite un montaje r\u00e1pido y sin herramientas.\",\"breadcrumb\":{\"@id\":\"https:\/\/vellaescola.gal\/producto\/pistas-de-baile\/#breadcrumb\"},\"inLanguage\":\"gl-ES\",\"potentialAction\":[{\"@type\":\"ReadAction\",\"target\":[\"https:\/\/vellaescola.gal\/producto\/pistas-de-baile\/\"]}]},{\"@type\":\"ImageObject\",\"inLanguage\":\"gl-ES\",\"@id\":\"https:\/\/vellaescola.gal\/producto\/pistas-de-baile\/#primaryimage\",\"url\":\"https:\/\/vellaescola.gal\/wp-content\/uploads\/2019\/12\/Trans_Pista_de_Baile.png\",\"contentUrl\":\"https:\/\/vellaescola.gal\/wp-content\/uploads\/2019\/12\/Trans_Pista_de_Baile.png\",\"width\":851,\"height\":851},{\"@type\":\"BreadcrumbList\",\"@id\":\"https:\/\/vellaescola.gal\/producto\/pistas-de-baile\/#breadcrumb\",\"itemListElement\":[{\"@type\":\"ListItem\",\"position\":1,\"name\":\"Home\",\"item\":\"https:\/\/vellaescola.gal\/\"},{\"@type\":\"ListItem\",\"position\":2,\"name\":\"Productos\",\"item\":\"https:\/\/vellaescola.gal\/shop\/\"},{\"@type\":\"ListItem\",\"position\":3,\"name\":\"Pistas de Baile\"}]},{\"@type\":\"WebSite\",\"@id\":\"https:\/\/vellaescola.gal\/#website\",\"url\":\"https:\/\/vellaescola.gal\/\",\"name\":\"VELLA ESCOLA Cultura Urbana\",\"description\":\"L\u00edderes en Cultura Urbana en Galicia desde 2009. Talleres de Graffiti, Skate, Parkour y Breakdance para eventos e instituciones. Murales para empresas y particulares en toda Espa\u00f1a.\",\"potentialAction\":[{\"@type\":\"SearchAction\",\"target\":{\"@type\":\"EntryPoint\",\"urlTemplate\":\"https:\/\/vellaescola.gal\/?s={search_term_string}\"},\"query-input\":{\"@type\":\"PropertyValueSpecification\",\"valueRequired\":true,\"valueName\":\"search_term_string\"}}],\"inLanguage\":\"gl-ES\"}]}<\/script>\n<!-- \/ Yoast SEO plugin. -->","yoast_head_json":{"title":"Pistas de Baile - VELLA ESCOLA Cultura Urbana","description":"Aluguer de pistas de baile modulares equipadas cun sistema de conexi\u00f3n patentado PowerLock que permite unha montaxe r\u00e1pida e sen ferramentas.","robots":{"index":"index","follow":"follow","max-snippet":"max-snippet:-1","max-image-preview":"max-image-preview:large","max-video-preview":"max-video-preview:-1"},"canonical":"https:\/\/vellaescola.gal\/gl\/producto\/pistas-de-baile\/","og_locale":"gl_ES","og_type":"article","og_title":"Pistas de Baile - VELLA ESCOLA Cultura Urbana","og_description":"Alquiler de Pistas de baile modulares dotadas de un sistema patentado de conexi\u00f3n PowerLock que permite un montaje r\u00e1pido y sin herramientas.","og_url":"https:\/\/vellaescola.gal\/gl\/producto\/pistas-de-baile\/","og_site_name":"VELLA ESCOLA Cultura Urbana","article_modified_time":"2026-03-04T15:54:32+00:00","og_image":[{"width":851,"height":851,"url":"https:\/\/vellaescola.gal\/wp-content\/uploads\/2019\/12\/Trans_Pista_de_Baile.png","type":"image\/png"}],"twitter_misc":{"Tempo de lectura":"1 minuto"},"schema":{"@context":"https:\/\/schema.org","@graph":[{"@type":"WebPage","@id":"https:\/\/vellaescola.gal\/producto\/pistas-de-baile\/","url":"https:\/\/vellaescola.gal\/producto\/pistas-de-baile\/","name":"Pistas de Baile - VELLA ESCOLA Cultura Urbana","isPartOf":{"@id":"https:\/\/vellaescola.gal\/#website"},"primaryImageOfPage":{"@id":"https:\/\/vellaescola.gal\/producto\/pistas-de-baile\/#primaryimage"},"image":{"@id":"https:\/\/vellaescola.gal\/producto\/pistas-de-baile\/#primaryimage"},"thumbnailUrl":"https:\/\/vellaescola.gal\/wp-content\/uploads\/2019\/12\/Trans_Pista_de_Baile.png","datePublished":"2024-07-27T17:32:54+00:00","dateModified":"2026-03-04T15:54:32+00:00","description":"Aluguer de pistas de baile modulares equipadas cun sistema de conexi\u00f3n patentado PowerLock que permite unha montaxe r\u00e1pida e sen ferramentas.","breadcrumb":{"@id":"https:\/\/vellaescola.gal\/producto\/pistas-de-baile\/#breadcrumb"},"inLanguage":"gl-ES","potentialAction":[{"@type":"ReadAction","target":["https:\/\/vellaescola.gal\/producto\/pistas-de-baile\/"]}]},{"@type":"ImageObject","inLanguage":"gl-ES","@id":"https:\/\/vellaescola.gal\/producto\/pistas-de-baile\/#primaryimage","url":"https:\/\/vellaescola.gal\/wp-content\/uploads\/2019\/12\/Trans_Pista_de_Baile.png","contentUrl":"https:\/\/vellaescola.gal\/wp-content\/uploads\/2019\/12\/Trans_Pista_de_Baile.png","width":851,"height":851},{"@type":"BreadcrumbList","@id":"https:\/\/vellaescola.gal\/producto\/pistas-de-baile\/#breadcrumb","itemListElement":[{"@type":"ListItem","position":1,"name":"Home","item":"https:\/\/vellaescola.gal\/"},{"@type":"ListItem","position":2,"name":"Productos","item":"https:\/\/vellaescola.gal\/shop\/"},{"@type":"ListItem","position":3,"name":"Pistas de Baile"}]},{"@type":"WebSite","@id":"https:\/\/vellaescola.gal\/#website","url":"https:\/\/vellaescola.gal\/","name":"VELLA ESCOLA Cultura Urbana","description":"L\u00edderes en Cultura Urbana en Galicia dende 2009. Obradoiros de Graffiti, Skate, Parkour e Breakdance para eventos e instituci\u00f3ns. Murais para empresas e particulares en toda Espa\u00f1a.","potentialAction":[{"@type":"SearchAction","target":{"@type":"EntryPoint","urlTemplate":"https:\/\/vellaescola.gal\/?s={search_term_string}"},"query-input":{"@type":"PropertyValueSpecification","valueRequired":true,"valueName":"search_term_string"}}],"inLanguage":"gl-ES"}]}},"_links":{"self":[{"href":"https:\/\/vellaescola.gal\/gl\/wp-json\/wp\/v2\/product\/8882","targetHints":{"allow":["GET"]}}],"collection":[{"href":"https:\/\/vellaescola.gal\/gl\/wp-json\/wp\/v2\/product"}],"about":[{"href":"https:\/\/vellaescola.gal\/gl\/wp-json\/wp\/v2\/types\/product"}],"replies":[{"embeddable":true,"href":"https:\/\/vellaescola.gal\/gl\/wp-json\/wp\/v2\/comments?post=8882"}],"wp:featuredmedia":[{"embeddable":true,"href":"https:\/\/vellaescola.gal\/gl\/wp-json\/wp\/v2\/media\/5298"}],"wp:attachment":[{"href":"https:\/\/vellaescola.gal\/gl\/wp-json\/wp\/v2\/media?parent=8882"}],"wp:term":[{"taxonomy":"product_brand","embeddable":true,"href":"https:\/\/vellaescola.gal\/gl\/wp-json\/wp\/v2\/product_brand?post=8882"},{"taxonomy":"product_cat","embeddable":true,"href":"https:\/\/vellaescola.gal\/gl\/wp-json\/wp\/v2\/product_cat?post=8882"},{"taxonomy":"product_tag","embeddable":true,"href":"https:\/\/vellaescola.gal\/gl\/wp-json\/wp\/v2\/product_tag?post=8882"}],"curies":[{"name":"wp","href":"https:\/\/api.w.org\/{rel}","templated":true}]}}