{"id":8866,"date":"2024-07-27T16:36:04","date_gmt":"2024-07-27T15:36:04","guid":{"rendered":"https:\/\/vellaescola.gal\/?post_type=product&#038;p=8866"},"modified":"2026-03-04T16:54:53","modified_gmt":"2026-03-04T15:54:53","slug":"extreme-sports-park","status":"publish","type":"product","link":"https:\/\/vellaescola.gal\/gl\/produto\/extreme-sports-park\/","title":{"rendered":"Extreme Sports Park"},"content":{"rendered":"<div class=\"mkdf-pli-image\">Este parque multiusos est\u00e1 dese\u00f1ado para unha variedade de usos e optimizado para deportes urbanos como o parkour, o street workout e o chase tag. O parque conta cunha estrutura de aceiro galvanizado e paneis de madeira contrachapada fen\u00f3lica de alta densidade de 12 mm, instalados sobre tubos de aceiro de 42 mm de di\u00e1metro e 2,6 mm de grosor, formando laxes de chan e paredes verticais. O parque \u00e9 completamente estable e seguro, soportando cargas de m\u00e1is de 300 kg e est\u00e1 instalado sobre unha superficie de c\u00e9spede artificial antideslizante.<\/div>\n<div>\u2013<\/div>\n<div><\/div>\n<div>\n<p><strong>M\u00d3DULOS:<\/strong><\/p>\n<ul>\n<li>1 m\u00f3dulo cadrado (1 x 1 m)<\/li>\n<li>2 m\u00f3dulos baixos (60 cm de alto)<\/li>\n<li>1 x M\u00f3dulo alto (180 cm de alto)<\/li>\n<li>1 x M\u00f3dulo alto (200 cm de alto)<\/li>\n<li>6 barras transversais de tubo (surtidas)<\/li>\n<li>1 x Barra transversal de tubo alto (220 cm)<\/li>\n<li>1 x Herba artificial (8x8 m)<\/li>\n<\/ul>\n<\/div>","protected":false},"excerpt":{"rendered":"<p>&nbsp;<\/p>\n<p>Aluguer dun parque de barras para a pr\u00e1ctica de Street Workout, Calistenia e Parkour, composto por 1 m\u00f3dulo central e 2 sat\u00e9lites laterais.<\/p>\n<p>&nbsp;<\/p>","protected":false},"featured_media":5294,"comment_status":"open","ping_status":"closed","template":"","meta":[],"product_brand":[],"product_cat":[1445],"product_tag":[1410,1476,1419,1466,1367,1475,1448,1409,1407,1452,1474],"class_list":{"0":"post-8866","1":"product","2":"type-product","3":"status-publish","4":"has-post-thumbnail","6":"product_cat-parques","7":"product_tag-calistenia","8":"product_tag-extreme-sports","9":"product_tag-galicia","10":"product_tag-park","11":"product_tag-parkour","12":"product_tag-parque-de-barras","13":"product_tag-parque-urbano","14":"product_tag-street-workout","15":"product_tag-urban","16":"product_tag-vella-escola","17":"product_tag-workout-park","19":"first","20":"instock","21":"taxable","22":"shipping-taxable","23":"purchasable","24":"product-type-simple"},"yoast_head":"<!-- This site is optimized with the Yoast SEO plugin v27.2 - https:\/\/yoast.com\/product\/yoast-seo-wordpress\/ -->\n<title>Extreme Sports Park - VELLA ESCOLA Cultura Urbana<\/title>\n<meta name=\"description\" content=\"Alquiler de parque dise\u00f1ado para un uso m\u00faltiple, para practicar deportes como Parkour, ChaseTag (pilla pilla), Street Workout o Calistenia.\" \/>\n<meta name=\"robots\" content=\"index, follow, max-snippet:-1, max-image-preview:large, max-video-preview:-1\" \/>\n<link rel=\"canonical\" href=\"https:\/\/vellaescola.gal\/gl\/producto\/extreme-sports-park\/\" \/>\n<meta property=\"og:locale\" content=\"gl_ES\" \/>\n<meta property=\"og:type\" content=\"article\" \/>\n<meta property=\"og:title\" content=\"Extreme Sports Park - VELLA ESCOLA Cultura Urbana\" \/>\n<meta property=\"og:description\" content=\"Alquiler de parque dise\u00f1ado para un uso m\u00faltiple, para practicar deportes como Parkour, ChaseTag (pilla pilla), Street Workout o Calistenia.\" \/>\n<meta property=\"og:url\" content=\"https:\/\/vellaescola.gal\/gl\/producto\/extreme-sports-park\/\" \/>\n<meta property=\"og:site_name\" content=\"VELLA ESCOLA Cultura Urbana\" \/>\n<meta property=\"article:modified_time\" content=\"2026-03-04T15:54:53+00:00\" \/>\n<meta property=\"og:image\" content=\"https:\/\/vellaescola.gal\/wp-content\/uploads\/2019\/11\/Trans_Park_Extreme_Sports3.png\" \/>\n\t<meta property=\"og:image:width\" content=\"851\" \/>\n\t<meta property=\"og:image:height\" content=\"851\" \/>\n\t<meta property=\"og:image:type\" content=\"image\/png\" \/>\n<meta name=\"twitter:label1\" content=\"Tempo de lectura\" \/>\n\t<meta name=\"twitter:data1\" content=\"1 minuto\" \/>\n<script type=\"application\/ld+json\" class=\"yoast-schema-graph\">{\"@context\":\"https:\/\/schema.org\",\"@graph\":[{\"@type\":\"WebPage\",\"@id\":\"https:\/\/vellaescola.gal\/producto\/extreme-sports-park\/\",\"url\":\"https:\/\/vellaescola.gal\/producto\/extreme-sports-park\/\",\"name\":\"Extreme Sports Park - VELLA ESCOLA Cultura Urbana\",\"isPartOf\":{\"@id\":\"https:\/\/vellaescola.gal\/#website\"},\"primaryImageOfPage\":{\"@id\":\"https:\/\/vellaescola.gal\/producto\/extreme-sports-park\/#primaryimage\"},\"image\":{\"@id\":\"https:\/\/vellaescola.gal\/producto\/extreme-sports-park\/#primaryimage\"},\"thumbnailUrl\":\"https:\/\/vellaescola.gal\/wp-content\/uploads\/2019\/11\/Trans_Park_Extreme_Sports3.png\",\"datePublished\":\"2024-07-27T15:36:04+00:00\",\"dateModified\":\"2026-03-04T15:54:53+00:00\",\"description\":\"Alquiler de parque dise\u00f1ado para un uso m\u00faltiple, para practicar deportes como Parkour, ChaseTag (pilla pilla), Street Workout o Calistenia.\",\"breadcrumb\":{\"@id\":\"https:\/\/vellaescola.gal\/producto\/extreme-sports-park\/#breadcrumb\"},\"inLanguage\":\"gl-ES\",\"potentialAction\":[{\"@type\":\"ReadAction\",\"target\":[\"https:\/\/vellaescola.gal\/producto\/extreme-sports-park\/\"]}]},{\"@type\":\"ImageObject\",\"inLanguage\":\"gl-ES\",\"@id\":\"https:\/\/vellaescola.gal\/producto\/extreme-sports-park\/#primaryimage\",\"url\":\"https:\/\/vellaescola.gal\/wp-content\/uploads\/2019\/11\/Trans_Park_Extreme_Sports3.png\",\"contentUrl\":\"https:\/\/vellaescola.gal\/wp-content\/uploads\/2019\/11\/Trans_Park_Extreme_Sports3.png\",\"width\":851,\"height\":851},{\"@type\":\"BreadcrumbList\",\"@id\":\"https:\/\/vellaescola.gal\/producto\/extreme-sports-park\/#breadcrumb\",\"itemListElement\":[{\"@type\":\"ListItem\",\"position\":1,\"name\":\"Home\",\"item\":\"https:\/\/vellaescola.gal\/\"},{\"@type\":\"ListItem\",\"position\":2,\"name\":\"Productos\",\"item\":\"https:\/\/vellaescola.gal\/shop\/\"},{\"@type\":\"ListItem\",\"position\":3,\"name\":\"Extreme Sports Park\"}]},{\"@type\":\"WebSite\",\"@id\":\"https:\/\/vellaescola.gal\/#website\",\"url\":\"https:\/\/vellaescola.gal\/\",\"name\":\"VELLA ESCOLA Cultura Urbana\",\"description\":\"L\u00edderes en Cultura Urbana en Galicia desde 2009. Talleres de Graffiti, Skate, Parkour y Breakdance para eventos e instituciones. Murales para empresas y particulares en toda Espa\u00f1a.\",\"potentialAction\":[{\"@type\":\"SearchAction\",\"target\":{\"@type\":\"EntryPoint\",\"urlTemplate\":\"https:\/\/vellaescola.gal\/?s={search_term_string}\"},\"query-input\":{\"@type\":\"PropertyValueSpecification\",\"valueRequired\":true,\"valueName\":\"search_term_string\"}}],\"inLanguage\":\"gl-ES\"}]}<\/script>\n<!-- \/ Yoast SEO plugin. -->","yoast_head_json":{"title":"Extreme Sports Park - VELLA ESCOLA Cultura Urbana","description":"Alquiler de parque dise\u00f1ado para un uso m\u00faltiple, para practicar deportes como Parkour, ChaseTag (pilla pilla), Street Workout o Calistenia.","robots":{"index":"index","follow":"follow","max-snippet":"max-snippet:-1","max-image-preview":"max-image-preview:large","max-video-preview":"max-video-preview:-1"},"canonical":"https:\/\/vellaescola.gal\/gl\/producto\/extreme-sports-park\/","og_locale":"gl_ES","og_type":"article","og_title":"Extreme Sports Park - VELLA ESCOLA Cultura Urbana","og_description":"Alquiler de parque dise\u00f1ado para un uso m\u00faltiple, para practicar deportes como Parkour, ChaseTag (pilla pilla), Street Workout o Calistenia.","og_url":"https:\/\/vellaescola.gal\/gl\/producto\/extreme-sports-park\/","og_site_name":"VELLA ESCOLA Cultura Urbana","article_modified_time":"2026-03-04T15:54:53+00:00","og_image":[{"width":851,"height":851,"url":"https:\/\/vellaescola.gal\/wp-content\/uploads\/2019\/11\/Trans_Park_Extreme_Sports3.png","type":"image\/png"}],"twitter_misc":{"Tempo de lectura":"1 minuto"},"schema":{"@context":"https:\/\/schema.org","@graph":[{"@type":"WebPage","@id":"https:\/\/vellaescola.gal\/producto\/extreme-sports-park\/","url":"https:\/\/vellaescola.gal\/producto\/extreme-sports-park\/","name":"Extreme Sports Park - VELLA ESCOLA Cultura Urbana","isPartOf":{"@id":"https:\/\/vellaescola.gal\/#website"},"primaryImageOfPage":{"@id":"https:\/\/vellaescola.gal\/producto\/extreme-sports-park\/#primaryimage"},"image":{"@id":"https:\/\/vellaescola.gal\/producto\/extreme-sports-park\/#primaryimage"},"thumbnailUrl":"https:\/\/vellaescola.gal\/wp-content\/uploads\/2019\/11\/Trans_Park_Extreme_Sports3.png","datePublished":"2024-07-27T15:36:04+00:00","dateModified":"2026-03-04T15:54:53+00:00","description":"Alquiler de parque dise\u00f1ado para un uso m\u00faltiple, para practicar deportes como Parkour, ChaseTag (pilla pilla), Street Workout o Calistenia.","breadcrumb":{"@id":"https:\/\/vellaescola.gal\/producto\/extreme-sports-park\/#breadcrumb"},"inLanguage":"gl-ES","potentialAction":[{"@type":"ReadAction","target":["https:\/\/vellaescola.gal\/producto\/extreme-sports-park\/"]}]},{"@type":"ImageObject","inLanguage":"gl-ES","@id":"https:\/\/vellaescola.gal\/producto\/extreme-sports-park\/#primaryimage","url":"https:\/\/vellaescola.gal\/wp-content\/uploads\/2019\/11\/Trans_Park_Extreme_Sports3.png","contentUrl":"https:\/\/vellaescola.gal\/wp-content\/uploads\/2019\/11\/Trans_Park_Extreme_Sports3.png","width":851,"height":851},{"@type":"BreadcrumbList","@id":"https:\/\/vellaescola.gal\/producto\/extreme-sports-park\/#breadcrumb","itemListElement":[{"@type":"ListItem","position":1,"name":"Home","item":"https:\/\/vellaescola.gal\/"},{"@type":"ListItem","position":2,"name":"Productos","item":"https:\/\/vellaescola.gal\/shop\/"},{"@type":"ListItem","position":3,"name":"Extreme Sports Park"}]},{"@type":"WebSite","@id":"https:\/\/vellaescola.gal\/#website","url":"https:\/\/vellaescola.gal\/","name":"VELLA ESCOLA Cultura Urbana","description":"L\u00edderes en Cultura Urbana en Galicia dende 2009. Obradoiros de Graffiti, Skate, Parkour e Breakdance para eventos e instituci\u00f3ns. Murais para empresas e particulares en toda Espa\u00f1a.","potentialAction":[{"@type":"SearchAction","target":{"@type":"EntryPoint","urlTemplate":"https:\/\/vellaescola.gal\/?s={search_term_string}"},"query-input":{"@type":"PropertyValueSpecification","valueRequired":true,"valueName":"search_term_string"}}],"inLanguage":"gl-ES"}]}},"_links":{"self":[{"href":"https:\/\/vellaescola.gal\/gl\/wp-json\/wp\/v2\/product\/8866","targetHints":{"allow":["GET"]}}],"collection":[{"href":"https:\/\/vellaescola.gal\/gl\/wp-json\/wp\/v2\/product"}],"about":[{"href":"https:\/\/vellaescola.gal\/gl\/wp-json\/wp\/v2\/types\/product"}],"replies":[{"embeddable":true,"href":"https:\/\/vellaescola.gal\/gl\/wp-json\/wp\/v2\/comments?post=8866"}],"wp:featuredmedia":[{"embeddable":true,"href":"https:\/\/vellaescola.gal\/gl\/wp-json\/wp\/v2\/media\/5294"}],"wp:attachment":[{"href":"https:\/\/vellaescola.gal\/gl\/wp-json\/wp\/v2\/media?parent=8866"}],"wp:term":[{"taxonomy":"product_brand","embeddable":true,"href":"https:\/\/vellaescola.gal\/gl\/wp-json\/wp\/v2\/product_brand?post=8866"},{"taxonomy":"product_cat","embeddable":true,"href":"https:\/\/vellaescola.gal\/gl\/wp-json\/wp\/v2\/product_cat?post=8866"},{"taxonomy":"product_tag","embeddable":true,"href":"https:\/\/vellaescola.gal\/gl\/wp-json\/wp\/v2\/product_tag?post=8866"}],"curies":[{"name":"wp","href":"https:\/\/api.w.org\/{rel}","templated":true}]}}