{"id":8865,"date":"2024-07-27T15:50:28","date_gmt":"2024-07-27T14:50:28","guid":{"rendered":"https:\/\/vellaescola.gal\/?post_type=product&#038;p=8865"},"modified":"2026-03-04T16:55:37","modified_gmt":"2026-03-04T15:55:37","slug":"workout-park","status":"publish","type":"product","link":"https:\/\/vellaescola.gal\/gl\/produto\/workout-park\/","title":{"rendered":"Workout Park"},"content":{"rendered":"<div class=\"mkdf-pli-image\">Aluga un parque de barras optimizado para Street Workout, Calistenia ou Parkour, composto por un m\u00f3dulo central en forma de cubo e dous m\u00f3dulos laterais inferiores. O parque p\u00f3dese ampliar e configurar de varias maneiras grazas ao sistema de ancoraxe certificado KeeKlamp. A estrutura pode soportar cargas de m\u00e1is de 300 kg, \u00e9 estable e segura e est\u00e1 feita de compo\u00f1entes de aceiro galvanizado de alta resistencia (ancoraxes e tubos cun di\u00e1metro de 42 cm e un grosor de parede de 2,6 mm). O parque inst\u00e1lase sobre unha superficie de c\u00e9spede artificial ou moqueta.<\/div>","protected":false},"excerpt":{"rendered":"<p>&nbsp;<\/p>\n<p>Aluguer dun parque de barras para a pr\u00e1ctica de Street Workout, Calistenia e Parkour, composto por 1 m\u00f3dulo central e 2 sat\u00e9lites laterais.<\/p>\n<p>&nbsp;<\/p>","protected":false},"featured_media":5250,"comment_status":"open","ping_status":"closed","template":"","meta":[],"product_brand":[],"product_cat":[1445],"product_tag":[1410,1419,1466,1367,1475,1448,1409,1407,1452,1474],"class_list":{"0":"post-8865","1":"product","2":"type-product","3":"status-publish","4":"has-post-thumbnail","6":"product_cat-parques","7":"product_tag-calistenia","8":"product_tag-galicia","9":"product_tag-park","10":"product_tag-parkour","11":"product_tag-parque-de-barras","12":"product_tag-parque-urbano","13":"product_tag-street-workout","14":"product_tag-urban","15":"product_tag-vella-escola","16":"product_tag-workout-park","18":"first","19":"instock","20":"taxable","21":"shipping-taxable","22":"purchasable","23":"product-type-simple"},"yoast_head":"<!-- This site is optimized with the Yoast SEO plugin v27.2 - https:\/\/yoast.com\/product\/yoast-seo-wordpress\/ -->\n<title>Workout Park - VELLA ESCOLA Cultura Urbana<\/title>\n<meta name=\"description\" content=\"Alquiler de parque de barras para la pr\u00e1ctica de Street Workout, Calistenia y Parkour, que consta de 1 m\u00f3dulo central y 2 sat\u00e9lites laterales.\" \/>\n<meta name=\"robots\" content=\"index, follow, max-snippet:-1, max-image-preview:large, max-video-preview:-1\" \/>\n<link rel=\"canonical\" href=\"https:\/\/vellaescola.gal\/gl\/producto\/workout-park\/\" \/>\n<meta property=\"og:locale\" content=\"gl_ES\" \/>\n<meta property=\"og:type\" content=\"article\" \/>\n<meta property=\"og:title\" content=\"Workout Park - VELLA ESCOLA Cultura Urbana\" \/>\n<meta property=\"og:description\" content=\"Alquiler de parque de barras para la pr\u00e1ctica de Street Workout, Calistenia y Parkour, que consta de 1 m\u00f3dulo central y 2 sat\u00e9lites laterales.\" \/>\n<meta property=\"og:url\" content=\"https:\/\/vellaescola.gal\/gl\/producto\/workout-park\/\" \/>\n<meta property=\"og:site_name\" content=\"VELLA ESCOLA Cultura Urbana\" \/>\n<meta property=\"article:modified_time\" content=\"2026-03-04T15:55:37+00:00\" \/>\n<meta property=\"og:image\" content=\"https:\/\/vellaescola.gal\/wp-content\/uploads\/2019\/11\/Trans_Park_Workout.png\" \/>\n\t<meta property=\"og:image:width\" content=\"851\" \/>\n\t<meta property=\"og:image:height\" content=\"851\" \/>\n\t<meta property=\"og:image:type\" content=\"image\/png\" \/>\n<meta name=\"twitter:label1\" content=\"Tempo de lectura\" \/>\n\t<meta name=\"twitter:data1\" content=\"1 minuto\" \/>\n<script type=\"application\/ld+json\" class=\"yoast-schema-graph\">{\"@context\":\"https:\/\/schema.org\",\"@graph\":[{\"@type\":\"WebPage\",\"@id\":\"https:\/\/vellaescola.gal\/producto\/workout-park\/\",\"url\":\"https:\/\/vellaescola.gal\/producto\/workout-park\/\",\"name\":\"Workout Park - VELLA ESCOLA Cultura Urbana\",\"isPartOf\":{\"@id\":\"https:\/\/vellaescola.gal\/#website\"},\"primaryImageOfPage\":{\"@id\":\"https:\/\/vellaescola.gal\/producto\/workout-park\/#primaryimage\"},\"image\":{\"@id\":\"https:\/\/vellaescola.gal\/producto\/workout-park\/#primaryimage\"},\"thumbnailUrl\":\"https:\/\/vellaescola.gal\/wp-content\/uploads\/2019\/11\/Trans_Park_Workout.png\",\"datePublished\":\"2024-07-27T14:50:28+00:00\",\"dateModified\":\"2026-03-04T15:55:37+00:00\",\"description\":\"Alquiler de parque de barras para la pr\u00e1ctica de Street Workout, Calistenia y Parkour, que consta de 1 m\u00f3dulo central y 2 sat\u00e9lites laterales.\",\"breadcrumb\":{\"@id\":\"https:\/\/vellaescola.gal\/producto\/workout-park\/#breadcrumb\"},\"inLanguage\":\"gl-ES\",\"potentialAction\":[{\"@type\":\"ReadAction\",\"target\":[\"https:\/\/vellaescola.gal\/producto\/workout-park\/\"]}]},{\"@type\":\"ImageObject\",\"inLanguage\":\"gl-ES\",\"@id\":\"https:\/\/vellaescola.gal\/producto\/workout-park\/#primaryimage\",\"url\":\"https:\/\/vellaescola.gal\/wp-content\/uploads\/2019\/11\/Trans_Park_Workout.png\",\"contentUrl\":\"https:\/\/vellaescola.gal\/wp-content\/uploads\/2019\/11\/Trans_Park_Workout.png\",\"width\":851,\"height\":851},{\"@type\":\"BreadcrumbList\",\"@id\":\"https:\/\/vellaescola.gal\/producto\/workout-park\/#breadcrumb\",\"itemListElement\":[{\"@type\":\"ListItem\",\"position\":1,\"name\":\"Home\",\"item\":\"https:\/\/vellaescola.gal\/\"},{\"@type\":\"ListItem\",\"position\":2,\"name\":\"Productos\",\"item\":\"https:\/\/vellaescola.gal\/shop\/\"},{\"@type\":\"ListItem\",\"position\":3,\"name\":\"Workout Park\"}]},{\"@type\":\"WebSite\",\"@id\":\"https:\/\/vellaescola.gal\/#website\",\"url\":\"https:\/\/vellaescola.gal\/\",\"name\":\"VELLA ESCOLA Cultura Urbana\",\"description\":\"L\u00edderes en Cultura Urbana en Galicia desde 2009. Talleres de Graffiti, Skate, Parkour y Breakdance para eventos e instituciones. Murales para empresas y particulares en toda Espa\u00f1a.\",\"potentialAction\":[{\"@type\":\"SearchAction\",\"target\":{\"@type\":\"EntryPoint\",\"urlTemplate\":\"https:\/\/vellaescola.gal\/?s={search_term_string}\"},\"query-input\":{\"@type\":\"PropertyValueSpecification\",\"valueRequired\":true,\"valueName\":\"search_term_string\"}}],\"inLanguage\":\"gl-ES\"}]}<\/script>\n<!-- \/ Yoast SEO plugin. -->","yoast_head_json":{"title":"Workout Park - VELLA ESCOLA Cultura Urbana","description":"Aluguer dun parque de barras para a pr\u00e1ctica de Street Workout, Calistenia e Parkour, composto por 1 m\u00f3dulo central e 2 sat\u00e9lites laterais.","robots":{"index":"index","follow":"follow","max-snippet":"max-snippet:-1","max-image-preview":"max-image-preview:large","max-video-preview":"max-video-preview:-1"},"canonical":"https:\/\/vellaescola.gal\/gl\/producto\/workout-park\/","og_locale":"gl_ES","og_type":"article","og_title":"Workout Park - VELLA ESCOLA Cultura Urbana","og_description":"Alquiler de parque de barras para la pr\u00e1ctica de Street Workout, Calistenia y Parkour, que consta de 1 m\u00f3dulo central y 2 sat\u00e9lites laterales.","og_url":"https:\/\/vellaescola.gal\/gl\/producto\/workout-park\/","og_site_name":"VELLA ESCOLA Cultura Urbana","article_modified_time":"2026-03-04T15:55:37+00:00","og_image":[{"width":851,"height":851,"url":"https:\/\/vellaescola.gal\/wp-content\/uploads\/2019\/11\/Trans_Park_Workout.png","type":"image\/png"}],"twitter_misc":{"Tempo de lectura":"1 minuto"},"schema":{"@context":"https:\/\/schema.org","@graph":[{"@type":"WebPage","@id":"https:\/\/vellaescola.gal\/producto\/workout-park\/","url":"https:\/\/vellaescola.gal\/producto\/workout-park\/","name":"Workout Park - VELLA ESCOLA Cultura Urbana","isPartOf":{"@id":"https:\/\/vellaescola.gal\/#website"},"primaryImageOfPage":{"@id":"https:\/\/vellaescola.gal\/producto\/workout-park\/#primaryimage"},"image":{"@id":"https:\/\/vellaescola.gal\/producto\/workout-park\/#primaryimage"},"thumbnailUrl":"https:\/\/vellaescola.gal\/wp-content\/uploads\/2019\/11\/Trans_Park_Workout.png","datePublished":"2024-07-27T14:50:28+00:00","dateModified":"2026-03-04T15:55:37+00:00","description":"Aluguer dun parque de barras para a pr\u00e1ctica de Street Workout, Calistenia e Parkour, composto por 1 m\u00f3dulo central e 2 sat\u00e9lites laterais.","breadcrumb":{"@id":"https:\/\/vellaescola.gal\/producto\/workout-park\/#breadcrumb"},"inLanguage":"gl-ES","potentialAction":[{"@type":"ReadAction","target":["https:\/\/vellaescola.gal\/producto\/workout-park\/"]}]},{"@type":"ImageObject","inLanguage":"gl-ES","@id":"https:\/\/vellaescola.gal\/producto\/workout-park\/#primaryimage","url":"https:\/\/vellaescola.gal\/wp-content\/uploads\/2019\/11\/Trans_Park_Workout.png","contentUrl":"https:\/\/vellaescola.gal\/wp-content\/uploads\/2019\/11\/Trans_Park_Workout.png","width":851,"height":851},{"@type":"BreadcrumbList","@id":"https:\/\/vellaescola.gal\/producto\/workout-park\/#breadcrumb","itemListElement":[{"@type":"ListItem","position":1,"name":"Home","item":"https:\/\/vellaescola.gal\/"},{"@type":"ListItem","position":2,"name":"Productos","item":"https:\/\/vellaescola.gal\/shop\/"},{"@type":"ListItem","position":3,"name":"Workout Park"}]},{"@type":"WebSite","@id":"https:\/\/vellaescola.gal\/#website","url":"https:\/\/vellaescola.gal\/","name":"VELLA ESCOLA Cultura Urbana","description":"L\u00edderes en Cultura Urbana en Galicia dende 2009. Obradoiros de Graffiti, Skate, Parkour e Breakdance para eventos e instituci\u00f3ns. Murais para empresas e particulares en toda Espa\u00f1a.","potentialAction":[{"@type":"SearchAction","target":{"@type":"EntryPoint","urlTemplate":"https:\/\/vellaescola.gal\/?s={search_term_string}"},"query-input":{"@type":"PropertyValueSpecification","valueRequired":true,"valueName":"search_term_string"}}],"inLanguage":"gl-ES"}]}},"_links":{"self":[{"href":"https:\/\/vellaescola.gal\/gl\/wp-json\/wp\/v2\/product\/8865","targetHints":{"allow":["GET"]}}],"collection":[{"href":"https:\/\/vellaescola.gal\/gl\/wp-json\/wp\/v2\/product"}],"about":[{"href":"https:\/\/vellaescola.gal\/gl\/wp-json\/wp\/v2\/types\/product"}],"replies":[{"embeddable":true,"href":"https:\/\/vellaescola.gal\/gl\/wp-json\/wp\/v2\/comments?post=8865"}],"wp:featuredmedia":[{"embeddable":true,"href":"https:\/\/vellaescola.gal\/gl\/wp-json\/wp\/v2\/media\/5250"}],"wp:attachment":[{"href":"https:\/\/vellaescola.gal\/gl\/wp-json\/wp\/v2\/media?parent=8865"}],"wp:term":[{"taxonomy":"product_brand","embeddable":true,"href":"https:\/\/vellaescola.gal\/gl\/wp-json\/wp\/v2\/product_brand?post=8865"},{"taxonomy":"product_cat","embeddable":true,"href":"https:\/\/vellaescola.gal\/gl\/wp-json\/wp\/v2\/product_cat?post=8865"},{"taxonomy":"product_tag","embeddable":true,"href":"https:\/\/vellaescola.gal\/gl\/wp-json\/wp\/v2\/product_tag?post=8865"}],"curies":[{"name":"wp","href":"https:\/\/api.w.org\/{rel}","templated":true}]}}