{"id":8861,"date":"2024-07-27T15:15:32","date_gmt":"2024-07-27T14:15:32","guid":{"rendered":"https:\/\/vellaescola.gal\/?post_type=product&#038;p=8861"},"modified":"2026-03-04T16:49:04","modified_gmt":"2026-03-04T15:49:04","slug":"water-slide","status":"publish","type":"product","link":"https:\/\/vellaescola.gal\/gl\/produto\/water-slide\/","title":{"rendered":"Water Slide"},"content":{"rendered":"<div class=\"mkdf-pli-image\">Aluguer de parque acu\u00e1tico, de 25 metros de longo por 3 metros de ancho e 40 cm de alto nos laterais, dese\u00f1ado para deportes de t\u00e1boa (Skimboarding) ou tobog\u00e1ns acu\u00e1ticos. O parque est\u00e1 instalado sobre unha base acolchada de 2 cm de grosor que amortigua as ca\u00eddas, garantindo un uso seguro. Dependendo do seu uso, o parque p\u00f3dese colocar en pendentes suaves para ser utilizado como tobog\u00e1n acu\u00e1tico ou en superficies planas para skimboarding.<\/div>","protected":false},"excerpt":{"rendered":"<p>Aluguer de parque acu\u00e1tico para skimboard e tobog\u00e1ns acu\u00e1ticos en contornas urbanas. O parque mide 25 metros de longo por 3 metros de ancho.<\/p>\n<p>&nbsp;<\/p>\n<p>&nbsp;<\/p>\n<p>&nbsp;<\/p>","protected":false},"featured_media":5241,"comment_status":"open","ping_status":"closed","template":"","meta":[],"product_brand":[],"product_cat":[1445],"product_tag":[1471,1419,1466,1448,1473,1472,1470,1407,1452,1469],"class_list":{"0":"post-8861","1":"product","2":"type-product","3":"status-publish","4":"has-post-thumbnail","6":"product_cat-parques","7":"product_tag-auga","8":"product_tag-galicia","9":"product_tag-park","10":"product_tag-parque-urbano","11":"product_tag-pool","12":"product_tag-skimboard","13":"product_tag-tobogan-de-agua","14":"product_tag-urban","15":"product_tag-vella-escola","16":"product_tag-water-slide","18":"first","19":"instock","20":"taxable","21":"shipping-taxable","22":"purchasable","23":"product-type-simple"},"yoast_head":"<!-- This site is optimized with the Yoast SEO plugin v27.2 - https:\/\/yoast.com\/product\/yoast-seo-wordpress\/ -->\n<title>Water Slide - VELLA ESCOLA Cultura Urbana<\/title>\n<meta name=\"description\" content=\"Alquiler de parque acu\u00e1tico para la pr\u00e1ctica de Skimboard y Water Slide en entornos urbanos. El parque mide 25 metros de largo por 3 metros de ancho.\" \/>\n<meta name=\"robots\" content=\"index, follow, max-snippet:-1, max-image-preview:large, max-video-preview:-1\" \/>\n<link rel=\"canonical\" href=\"https:\/\/vellaescola.gal\/gl\/producto\/water-slide\/\" \/>\n<meta property=\"og:locale\" content=\"gl_ES\" \/>\n<meta property=\"og:type\" content=\"article\" \/>\n<meta property=\"og:title\" content=\"Water Slide - VELLA ESCOLA Cultura Urbana\" \/>\n<meta property=\"og:description\" content=\"Alquiler de parque acu\u00e1tico para la pr\u00e1ctica de Skimboard y Water Slide en entornos urbanos. El parque mide 25 metros de largo por 3 metros de ancho.\" \/>\n<meta property=\"og:url\" content=\"https:\/\/vellaescola.gal\/gl\/producto\/water-slide\/\" \/>\n<meta property=\"og:site_name\" content=\"VELLA ESCOLA Cultura Urbana\" \/>\n<meta property=\"article:modified_time\" content=\"2026-03-04T15:49:04+00:00\" \/>\n<meta property=\"og:image\" content=\"https:\/\/vellaescola.gal\/wp-content\/uploads\/2019\/11\/Trans_Park_Water_Slide_2.png\" \/>\n\t<meta property=\"og:image:width\" content=\"851\" \/>\n\t<meta property=\"og:image:height\" content=\"851\" \/>\n\t<meta property=\"og:image:type\" content=\"image\/png\" \/>\n<meta name=\"twitter:label1\" content=\"Tempo de lectura\" \/>\n\t<meta name=\"twitter:data1\" content=\"1 minuto\" \/>\n<script type=\"application\/ld+json\" class=\"yoast-schema-graph\">{\"@context\":\"https:\/\/schema.org\",\"@graph\":[{\"@type\":\"WebPage\",\"@id\":\"https:\/\/vellaescola.gal\/producto\/water-slide\/\",\"url\":\"https:\/\/vellaescola.gal\/producto\/water-slide\/\",\"name\":\"Water Slide - VELLA ESCOLA Cultura Urbana\",\"isPartOf\":{\"@id\":\"https:\/\/vellaescola.gal\/#website\"},\"primaryImageOfPage\":{\"@id\":\"https:\/\/vellaescola.gal\/producto\/water-slide\/#primaryimage\"},\"image\":{\"@id\":\"https:\/\/vellaescola.gal\/producto\/water-slide\/#primaryimage\"},\"thumbnailUrl\":\"https:\/\/vellaescola.gal\/wp-content\/uploads\/2019\/11\/Trans_Park_Water_Slide_2.png\",\"datePublished\":\"2024-07-27T14:15:32+00:00\",\"dateModified\":\"2026-03-04T15:49:04+00:00\",\"description\":\"Alquiler de parque acu\u00e1tico para la pr\u00e1ctica de Skimboard y Water Slide en entornos urbanos. El parque mide 25 metros de largo por 3 metros de ancho.\",\"breadcrumb\":{\"@id\":\"https:\/\/vellaescola.gal\/producto\/water-slide\/#breadcrumb\"},\"inLanguage\":\"gl-ES\",\"potentialAction\":[{\"@type\":\"ReadAction\",\"target\":[\"https:\/\/vellaescola.gal\/producto\/water-slide\/\"]}]},{\"@type\":\"ImageObject\",\"inLanguage\":\"gl-ES\",\"@id\":\"https:\/\/vellaescola.gal\/producto\/water-slide\/#primaryimage\",\"url\":\"https:\/\/vellaescola.gal\/wp-content\/uploads\/2019\/11\/Trans_Park_Water_Slide_2.png\",\"contentUrl\":\"https:\/\/vellaescola.gal\/wp-content\/uploads\/2019\/11\/Trans_Park_Water_Slide_2.png\",\"width\":851,\"height\":851},{\"@type\":\"BreadcrumbList\",\"@id\":\"https:\/\/vellaescola.gal\/producto\/water-slide\/#breadcrumb\",\"itemListElement\":[{\"@type\":\"ListItem\",\"position\":1,\"name\":\"Home\",\"item\":\"https:\/\/vellaescola.gal\/\"},{\"@type\":\"ListItem\",\"position\":2,\"name\":\"Productos\",\"item\":\"https:\/\/vellaescola.gal\/shop\/\"},{\"@type\":\"ListItem\",\"position\":3,\"name\":\"Water Slide\"}]},{\"@type\":\"WebSite\",\"@id\":\"https:\/\/vellaescola.gal\/#website\",\"url\":\"https:\/\/vellaescola.gal\/\",\"name\":\"VELLA ESCOLA Cultura Urbana\",\"description\":\"L\u00edderes en Cultura Urbana en Galicia desde 2009. Talleres de Graffiti, Skate, Parkour y Breakdance para eventos e instituciones. Murales para empresas y particulares en toda Espa\u00f1a.\",\"potentialAction\":[{\"@type\":\"SearchAction\",\"target\":{\"@type\":\"EntryPoint\",\"urlTemplate\":\"https:\/\/vellaescola.gal\/?s={search_term_string}\"},\"query-input\":{\"@type\":\"PropertyValueSpecification\",\"valueRequired\":true,\"valueName\":\"search_term_string\"}}],\"inLanguage\":\"gl-ES\"}]}<\/script>\n<!-- \/ Yoast SEO plugin. -->","yoast_head_json":{"title":"Water Slide - VELLA ESCOLA Cultura Urbana","description":"Aluguer de parque acu\u00e1tico para skimboard e tobog\u00e1ns acu\u00e1ticos en contornas urbanas. O parque mide 25 metros de longo por 3 metros de ancho.","robots":{"index":"index","follow":"follow","max-snippet":"max-snippet:-1","max-image-preview":"max-image-preview:large","max-video-preview":"max-video-preview:-1"},"canonical":"https:\/\/vellaescola.gal\/gl\/producto\/water-slide\/","og_locale":"gl_ES","og_type":"article","og_title":"Water Slide - VELLA ESCOLA Cultura Urbana","og_description":"Alquiler de parque acu\u00e1tico para la pr\u00e1ctica de Skimboard y Water Slide en entornos urbanos. El parque mide 25 metros de largo por 3 metros de ancho.","og_url":"https:\/\/vellaescola.gal\/gl\/producto\/water-slide\/","og_site_name":"VELLA ESCOLA Cultura Urbana","article_modified_time":"2026-03-04T15:49:04+00:00","og_image":[{"width":851,"height":851,"url":"https:\/\/vellaescola.gal\/wp-content\/uploads\/2019\/11\/Trans_Park_Water_Slide_2.png","type":"image\/png"}],"twitter_misc":{"Tempo de lectura":"1 minuto"},"schema":{"@context":"https:\/\/schema.org","@graph":[{"@type":"WebPage","@id":"https:\/\/vellaescola.gal\/producto\/water-slide\/","url":"https:\/\/vellaescola.gal\/producto\/water-slide\/","name":"Water Slide - VELLA ESCOLA Cultura Urbana","isPartOf":{"@id":"https:\/\/vellaescola.gal\/#website"},"primaryImageOfPage":{"@id":"https:\/\/vellaescola.gal\/producto\/water-slide\/#primaryimage"},"image":{"@id":"https:\/\/vellaescola.gal\/producto\/water-slide\/#primaryimage"},"thumbnailUrl":"https:\/\/vellaescola.gal\/wp-content\/uploads\/2019\/11\/Trans_Park_Water_Slide_2.png","datePublished":"2024-07-27T14:15:32+00:00","dateModified":"2026-03-04T15:49:04+00:00","description":"Aluguer de parque acu\u00e1tico para skimboard e tobog\u00e1ns acu\u00e1ticos en contornas urbanas. O parque mide 25 metros de longo por 3 metros de ancho.","breadcrumb":{"@id":"https:\/\/vellaescola.gal\/producto\/water-slide\/#breadcrumb"},"inLanguage":"gl-ES","potentialAction":[{"@type":"ReadAction","target":["https:\/\/vellaescola.gal\/producto\/water-slide\/"]}]},{"@type":"ImageObject","inLanguage":"gl-ES","@id":"https:\/\/vellaescola.gal\/producto\/water-slide\/#primaryimage","url":"https:\/\/vellaescola.gal\/wp-content\/uploads\/2019\/11\/Trans_Park_Water_Slide_2.png","contentUrl":"https:\/\/vellaescola.gal\/wp-content\/uploads\/2019\/11\/Trans_Park_Water_Slide_2.png","width":851,"height":851},{"@type":"BreadcrumbList","@id":"https:\/\/vellaescola.gal\/producto\/water-slide\/#breadcrumb","itemListElement":[{"@type":"ListItem","position":1,"name":"Home","item":"https:\/\/vellaescola.gal\/"},{"@type":"ListItem","position":2,"name":"Productos","item":"https:\/\/vellaescola.gal\/shop\/"},{"@type":"ListItem","position":3,"name":"Water Slide"}]},{"@type":"WebSite","@id":"https:\/\/vellaescola.gal\/#website","url":"https:\/\/vellaescola.gal\/","name":"VELLA ESCOLA Cultura Urbana","description":"L\u00edderes en Cultura Urbana en Galicia dende 2009. Obradoiros de Graffiti, Skate, Parkour e Breakdance para eventos e instituci\u00f3ns. Murais para empresas e particulares en toda Espa\u00f1a.","potentialAction":[{"@type":"SearchAction","target":{"@type":"EntryPoint","urlTemplate":"https:\/\/vellaescola.gal\/?s={search_term_string}"},"query-input":{"@type":"PropertyValueSpecification","valueRequired":true,"valueName":"search_term_string"}}],"inLanguage":"gl-ES"}]}},"_links":{"self":[{"href":"https:\/\/vellaescola.gal\/gl\/wp-json\/wp\/v2\/product\/8861","targetHints":{"allow":["GET"]}}],"collection":[{"href":"https:\/\/vellaescola.gal\/gl\/wp-json\/wp\/v2\/product"}],"about":[{"href":"https:\/\/vellaescola.gal\/gl\/wp-json\/wp\/v2\/types\/product"}],"replies":[{"embeddable":true,"href":"https:\/\/vellaescola.gal\/gl\/wp-json\/wp\/v2\/comments?post=8861"}],"wp:featuredmedia":[{"embeddable":true,"href":"https:\/\/vellaescola.gal\/gl\/wp-json\/wp\/v2\/media\/5241"}],"wp:attachment":[{"href":"https:\/\/vellaescola.gal\/gl\/wp-json\/wp\/v2\/media?parent=8861"}],"wp:term":[{"taxonomy":"product_brand","embeddable":true,"href":"https:\/\/vellaescola.gal\/gl\/wp-json\/wp\/v2\/product_brand?post=8861"},{"taxonomy":"product_cat","embeddable":true,"href":"https:\/\/vellaescola.gal\/gl\/wp-json\/wp\/v2\/product_cat?post=8861"},{"taxonomy":"product_tag","embeddable":true,"href":"https:\/\/vellaescola.gal\/gl\/wp-json\/wp\/v2\/product_tag?post=8861"}],"curies":[{"name":"wp","href":"https:\/\/api.w.org\/{rel}","templated":true}]}}