{"id":8849,"date":"2024-07-24T18:16:21","date_gmt":"2024-07-24T17:16:21","guid":{"rendered":"https:\/\/vellaescola.gal\/?post_type=product&#038;p=8849"},"modified":"2026-03-04T16:47:17","modified_gmt":"2026-03-04T15:47:17","slug":"skate-park","status":"publish","type":"product","link":"https:\/\/vellaescola.gal\/gl\/produto\/skate-park\/","title":{"rendered":"Skate Park"},"content":{"rendered":"<div class=\"mkdf-pli-image\">Aluguer de skatepark composto por m\u00e1is de 30 elementos: ramplas, caixas e ra\u00eds adaptados e optimizados para a pr\u00e1ctica segura do skate, patinaxe e scooter. A estrutura do parque m\u00f3bil \u00e9 de aceiro, o que proporciona consistencia e estabilidade aos m\u00f3dulos e soporta ata 350 kg. O material da superficie \u00e9 pl\u00e1stico ABS, que absorbe os impactos e ten un acabado texturizado para unha mellor adherencia, proporcionando unha maior seguridade. Tam\u00e9n proporcionamos equipamento deportivo: pat\u00edns, cascos e equipamento de protecci\u00f3n para que aqueles que non te\u00f1an os seus poidan usar o parque.<\/div>","protected":false},"excerpt":{"rendered":"<p>&nbsp;<\/p>\n<p>Aluguer de skatepark que consta de 25 elementos: ramplas, caixas e ra\u00eds seguros para patinar e ideais para Skate, Scooter ou Roller.<\/p>","protected":false},"featured_media":5242,"comment_status":"open","ping_status":"closed","template":"","meta":[],"product_brand":[],"product_cat":[1445],"product_tag":[1451,1419,1465,1450,1466,1448,1464,1467,1459,1458,1363,1462,1463,1444,1452],"class_list":{"0":"post-8849","1":"product","2":"type-product","3":"status-publish","4":"has-post-thumbnail","6":"product_cat-parques","7":"product_tag-circuito","8":"product_tag-galicia","9":"product_tag-modulos","10":"product_tag-obstaculos","11":"product_tag-park","12":"product_tag-parque-urbano","13":"product_tag-rampas","14":"product_tag-ramps","15":"product_tag-roller","16":"product_tag-scooter","17":"product_tag-skate","18":"product_tag-skate-park","19":"product_tag-skatepark","20":"product_tag-street","21":"product_tag-vella-escola","23":"first","24":"instock","25":"taxable","26":"shipping-taxable","27":"purchasable","28":"product-type-simple"},"yoast_head":"<!-- This site is optimized with the Yoast SEO plugin v27.2 - https:\/\/yoast.com\/product\/yoast-seo-wordpress\/ -->\n<title>Skate Park - VELLA ESCOLA Cultura Urbana<\/title>\n<meta name=\"description\" content=\"Alquiler de parque de Skate conformado por 25 elementos: rampas, cajones y railes seguros para patinar e ideal para Skate, Scooter o Roller.\" \/>\n<meta name=\"robots\" content=\"index, follow, max-snippet:-1, max-image-preview:large, max-video-preview:-1\" \/>\n<link rel=\"canonical\" href=\"https:\/\/vellaescola.gal\/gl\/producto\/skate-park\/\" \/>\n<meta property=\"og:locale\" content=\"gl_ES\" \/>\n<meta property=\"og:type\" content=\"article\" \/>\n<meta property=\"og:title\" content=\"Skate Park - VELLA ESCOLA Cultura Urbana\" \/>\n<meta property=\"og:description\" content=\"Alquiler de parque de Skate conformado por 25 elementos: rampas, cajones y railes seguros para patinar e ideal para Skate, Scooter o Roller.\" \/>\n<meta property=\"og:url\" content=\"https:\/\/vellaescola.gal\/gl\/producto\/skate-park\/\" \/>\n<meta property=\"og:site_name\" content=\"VELLA ESCOLA Cultura Urbana\" \/>\n<meta property=\"article:modified_time\" content=\"2026-03-04T15:47:17+00:00\" \/>\n<meta property=\"og:image\" content=\"https:\/\/vellaescola.gal\/wp-content\/uploads\/2019\/11\/Trans_Park_Skate_2.png\" \/>\n\t<meta property=\"og:image:width\" content=\"851\" \/>\n\t<meta property=\"og:image:height\" content=\"851\" \/>\n\t<meta property=\"og:image:type\" content=\"image\/png\" \/>\n<meta name=\"twitter:label1\" content=\"Tempo de lectura\" \/>\n\t<meta name=\"twitter:data1\" content=\"1 minuto\" \/>\n<script type=\"application\/ld+json\" class=\"yoast-schema-graph\">{\"@context\":\"https:\/\/schema.org\",\"@graph\":[{\"@type\":\"WebPage\",\"@id\":\"https:\/\/vellaescola.gal\/producto\/skate-park\/\",\"url\":\"https:\/\/vellaescola.gal\/producto\/skate-park\/\",\"name\":\"Skate Park - VELLA ESCOLA Cultura Urbana\",\"isPartOf\":{\"@id\":\"https:\/\/vellaescola.gal\/#website\"},\"primaryImageOfPage\":{\"@id\":\"https:\/\/vellaescola.gal\/producto\/skate-park\/#primaryimage\"},\"image\":{\"@id\":\"https:\/\/vellaescola.gal\/producto\/skate-park\/#primaryimage\"},\"thumbnailUrl\":\"https:\/\/vellaescola.gal\/wp-content\/uploads\/2019\/11\/Trans_Park_Skate_2.png\",\"datePublished\":\"2024-07-24T17:16:21+00:00\",\"dateModified\":\"2026-03-04T15:47:17+00:00\",\"description\":\"Alquiler de parque de Skate conformado por 25 elementos: rampas, cajones y railes seguros para patinar e ideal para Skate, Scooter o Roller.\",\"breadcrumb\":{\"@id\":\"https:\/\/vellaescola.gal\/producto\/skate-park\/#breadcrumb\"},\"inLanguage\":\"gl-ES\",\"potentialAction\":[{\"@type\":\"ReadAction\",\"target\":[\"https:\/\/vellaescola.gal\/producto\/skate-park\/\"]}]},{\"@type\":\"ImageObject\",\"inLanguage\":\"gl-ES\",\"@id\":\"https:\/\/vellaescola.gal\/producto\/skate-park\/#primaryimage\",\"url\":\"https:\/\/vellaescola.gal\/wp-content\/uploads\/2019\/11\/Trans_Park_Skate_2.png\",\"contentUrl\":\"https:\/\/vellaescola.gal\/wp-content\/uploads\/2019\/11\/Trans_Park_Skate_2.png\",\"width\":851,\"height\":851},{\"@type\":\"BreadcrumbList\",\"@id\":\"https:\/\/vellaescola.gal\/producto\/skate-park\/#breadcrumb\",\"itemListElement\":[{\"@type\":\"ListItem\",\"position\":1,\"name\":\"Home\",\"item\":\"https:\/\/vellaescola.gal\/\"},{\"@type\":\"ListItem\",\"position\":2,\"name\":\"Productos\",\"item\":\"https:\/\/vellaescola.gal\/shop\/\"},{\"@type\":\"ListItem\",\"position\":3,\"name\":\"Skate Park\"}]},{\"@type\":\"WebSite\",\"@id\":\"https:\/\/vellaescola.gal\/#website\",\"url\":\"https:\/\/vellaescola.gal\/\",\"name\":\"VELLA ESCOLA Cultura Urbana\",\"description\":\"L\u00edderes en Cultura Urbana en Galicia desde 2009. Talleres de Graffiti, Skate, Parkour y Breakdance para eventos e instituciones. Murales para empresas y particulares en toda Espa\u00f1a.\",\"potentialAction\":[{\"@type\":\"SearchAction\",\"target\":{\"@type\":\"EntryPoint\",\"urlTemplate\":\"https:\/\/vellaescola.gal\/?s={search_term_string}\"},\"query-input\":{\"@type\":\"PropertyValueSpecification\",\"valueRequired\":true,\"valueName\":\"search_term_string\"}}],\"inLanguage\":\"gl-ES\"}]}<\/script>\n<!-- \/ Yoast SEO plugin. -->","yoast_head_json":{"title":"Skate Park - VELLA ESCOLA Cultura Urbana","description":"Aluguer de skatepark que consta de 25 elementos: ramplas, caixas e ra\u00eds seguros para patinar e ideais para Skate, Scooter ou Roller.","robots":{"index":"index","follow":"follow","max-snippet":"max-snippet:-1","max-image-preview":"max-image-preview:large","max-video-preview":"max-video-preview:-1"},"canonical":"https:\/\/vellaescola.gal\/gl\/producto\/skate-park\/","og_locale":"gl_ES","og_type":"article","og_title":"Skate Park - VELLA ESCOLA Cultura Urbana","og_description":"Alquiler de parque de Skate conformado por 25 elementos: rampas, cajones y railes seguros para patinar e ideal para Skate, Scooter o Roller.","og_url":"https:\/\/vellaescola.gal\/gl\/producto\/skate-park\/","og_site_name":"VELLA ESCOLA Cultura Urbana","article_modified_time":"2026-03-04T15:47:17+00:00","og_image":[{"width":851,"height":851,"url":"https:\/\/vellaescola.gal\/wp-content\/uploads\/2019\/11\/Trans_Park_Skate_2.png","type":"image\/png"}],"twitter_misc":{"Tempo de lectura":"1 minuto"},"schema":{"@context":"https:\/\/schema.org","@graph":[{"@type":"WebPage","@id":"https:\/\/vellaescola.gal\/producto\/skate-park\/","url":"https:\/\/vellaescola.gal\/producto\/skate-park\/","name":"Skate Park - VELLA ESCOLA Cultura Urbana","isPartOf":{"@id":"https:\/\/vellaescola.gal\/#website"},"primaryImageOfPage":{"@id":"https:\/\/vellaescola.gal\/producto\/skate-park\/#primaryimage"},"image":{"@id":"https:\/\/vellaescola.gal\/producto\/skate-park\/#primaryimage"},"thumbnailUrl":"https:\/\/vellaescola.gal\/wp-content\/uploads\/2019\/11\/Trans_Park_Skate_2.png","datePublished":"2024-07-24T17:16:21+00:00","dateModified":"2026-03-04T15:47:17+00:00","description":"Aluguer de skatepark que consta de 25 elementos: ramplas, caixas e ra\u00eds seguros para patinar e ideais para Skate, Scooter ou Roller.","breadcrumb":{"@id":"https:\/\/vellaescola.gal\/producto\/skate-park\/#breadcrumb"},"inLanguage":"gl-ES","potentialAction":[{"@type":"ReadAction","target":["https:\/\/vellaescola.gal\/producto\/skate-park\/"]}]},{"@type":"ImageObject","inLanguage":"gl-ES","@id":"https:\/\/vellaescola.gal\/producto\/skate-park\/#primaryimage","url":"https:\/\/vellaescola.gal\/wp-content\/uploads\/2019\/11\/Trans_Park_Skate_2.png","contentUrl":"https:\/\/vellaescola.gal\/wp-content\/uploads\/2019\/11\/Trans_Park_Skate_2.png","width":851,"height":851},{"@type":"BreadcrumbList","@id":"https:\/\/vellaescola.gal\/producto\/skate-park\/#breadcrumb","itemListElement":[{"@type":"ListItem","position":1,"name":"Home","item":"https:\/\/vellaescola.gal\/"},{"@type":"ListItem","position":2,"name":"Productos","item":"https:\/\/vellaescola.gal\/shop\/"},{"@type":"ListItem","position":3,"name":"Skate Park"}]},{"@type":"WebSite","@id":"https:\/\/vellaescola.gal\/#website","url":"https:\/\/vellaescola.gal\/","name":"VELLA ESCOLA Cultura Urbana","description":"L\u00edderes en Cultura Urbana en Galicia dende 2009. Obradoiros de Graffiti, Skate, Parkour e Breakdance para eventos e instituci\u00f3ns. Murais para empresas e particulares en toda Espa\u00f1a.","potentialAction":[{"@type":"SearchAction","target":{"@type":"EntryPoint","urlTemplate":"https:\/\/vellaescola.gal\/?s={search_term_string}"},"query-input":{"@type":"PropertyValueSpecification","valueRequired":true,"valueName":"search_term_string"}}],"inLanguage":"gl-ES"}]}},"_links":{"self":[{"href":"https:\/\/vellaescola.gal\/gl\/wp-json\/wp\/v2\/product\/8849","targetHints":{"allow":["GET"]}}],"collection":[{"href":"https:\/\/vellaescola.gal\/gl\/wp-json\/wp\/v2\/product"}],"about":[{"href":"https:\/\/vellaescola.gal\/gl\/wp-json\/wp\/v2\/types\/product"}],"replies":[{"embeddable":true,"href":"https:\/\/vellaescola.gal\/gl\/wp-json\/wp\/v2\/comments?post=8849"}],"wp:featuredmedia":[{"embeddable":true,"href":"https:\/\/vellaescola.gal\/gl\/wp-json\/wp\/v2\/media\/5242"}],"wp:attachment":[{"href":"https:\/\/vellaescola.gal\/gl\/wp-json\/wp\/v2\/media?parent=8849"}],"wp:term":[{"taxonomy":"product_brand","embeddable":true,"href":"https:\/\/vellaescola.gal\/gl\/wp-json\/wp\/v2\/product_brand?post=8849"},{"taxonomy":"product_cat","embeddable":true,"href":"https:\/\/vellaescola.gal\/gl\/wp-json\/wp\/v2\/product_cat?post=8849"},{"taxonomy":"product_tag","embeddable":true,"href":"https:\/\/vellaescola.gal\/gl\/wp-json\/wp\/v2\/product_tag?post=8849"}],"curies":[{"name":"wp","href":"https:\/\/api.w.org\/{rel}","templated":true}]}}