{"id":8811,"date":"2024-07-18T17:29:51","date_gmt":"2024-07-18T16:29:51","guid":{"rendered":"https:\/\/vellaescola.gal\/?post_type=product&#038;p=8811"},"modified":"2026-03-03T17:52:14","modified_gmt":"2026-03-03T16:52:14","slug":"subsoccer","status":"publish","type":"product","link":"https:\/\/vellaescola.gal\/gl\/produto\/subsoccer\/","title":{"rendered":"Subsoccer"},"content":{"rendered":"<div class=\"mkdf-pli-image\"><\/div>\n<div class=\"mkdf-pli-text-holder\">\n<div class=\"mkdf-pli-text-wrapper\">\n<div class=\"mkdf-pli-text\">\n<p class=\"mkdf-pli-excerpt\">Aluguer de Subsoccer con:<\/p>\n<ul>\n<li class=\"mkdf-pli-excerpt\">2 taburetes (porter\u00edas).<\/li>\n<li>1 mesa de xogo con tapete.<\/li>\n<li>1 mini bal\u00f3n de subsoccer.<\/li>\n<\/ul>\n<\/div>\n<\/div>\n<\/div>","protected":false},"excerpt":{"rendered":"<p>Este xogo arcade tr\u00e1eche a atmosfera dun estadio de f\u00fatbol, comprimida nun xogo de mesa onde o campo se ve desde arriba! (Dispo\u00f1ible s\u00f3 para aluguer). Subsoccer \u00e9 un xogo de f\u00fatbol cunha \u00fanica regra: marcar un gol!<\/p>\n<p>A mec\u00e1nica do xogo \u00e9 sinxela e marcar goles tam\u00e9n \u00e9 doado... o m\u00e1is dif\u00edcil \u00e9 defender a t\u00faa porter\u00eda!<\/p>","protected":false},"featured_media":8385,"comment_status":"open","ping_status":"closed","template":"","meta":[],"product_brand":[],"product_cat":[1416],"product_tag":[1423,1424,1418,1420,1443,1442,1419,1422,1417,1421,1444,1441,1431],"class_list":{"0":"post-8811","1":"product","2":"type-product","3":"status-publish","4":"has-post-thumbnail","6":"product_cat-recreativas","7":"product_tag-80s","8":"product_tag-90s","9":"product_tag-alquiler-de-recreativas-galicia","10":"product_tag-arcade","11":"product_tag-football","12":"product_tag-futbol-mesa","13":"product_tag-galicia","14":"product_tag-gaming","15":"product_tag-recreativa","16":"product_tag-retro","17":"product_tag-street","18":"product_tag-subsoccer","19":"product_tag-virtual","21":"first","22":"instock","23":"taxable","24":"shipping-taxable","25":"purchasable","26":"product-type-simple"},"yoast_head":"<!-- This site is optimized with the Yoast SEO plugin v27.2 - https:\/\/yoast.com\/product\/yoast-seo-wordpress\/ -->\n<title>Subsoccer - VELLA ESCOLA Cultura Urbana<\/title>\n<meta name=\"description\" content=\"Alquiler de recreativa que te aporta la vibra de un estadio de f\u00fatbol comprimida en un juego de mesa donde el campo se ve desde arriba!\" \/>\n<meta name=\"robots\" content=\"index, follow, max-snippet:-1, max-image-preview:large, max-video-preview:-1\" \/>\n<link rel=\"canonical\" href=\"https:\/\/vellaescola.gal\/gl\/producto\/subsoccer\/\" \/>\n<meta property=\"og:locale\" content=\"gl_ES\" \/>\n<meta property=\"og:type\" content=\"article\" \/>\n<meta property=\"og:title\" content=\"Subsoccer - VELLA ESCOLA Cultura Urbana\" \/>\n<meta property=\"og:description\" content=\"Alquiler de recreativa que te aporta la vibra de un estadio de f\u00fatbol comprimida en un juego de mesa donde el campo se ve desde arriba!\" \/>\n<meta property=\"og:url\" content=\"https:\/\/vellaescola.gal\/gl\/producto\/subsoccer\/\" \/>\n<meta property=\"og:site_name\" content=\"VELLA ESCOLA Cultura Urbana\" \/>\n<meta property=\"article:modified_time\" content=\"2026-03-03T16:52:14+00:00\" \/>\n<meta property=\"og:image\" content=\"https:\/\/vellaescola.gal\/wp-content\/uploads\/2024\/03\/Trans_Subsoccer.png\" \/>\n\t<meta property=\"og:image:width\" content=\"650\" \/>\n\t<meta property=\"og:image:height\" content=\"650\" \/>\n\t<meta property=\"og:image:type\" content=\"image\/png\" \/>\n<meta name=\"twitter:label1\" content=\"Tempo de lectura\" \/>\n\t<meta name=\"twitter:data1\" content=\"1 minuto\" \/>\n<script type=\"application\/ld+json\" class=\"yoast-schema-graph\">{\"@context\":\"https:\/\/schema.org\",\"@graph\":[{\"@type\":\"WebPage\",\"@id\":\"https:\/\/vellaescola.gal\/producto\/subsoccer\/\",\"url\":\"https:\/\/vellaescola.gal\/producto\/subsoccer\/\",\"name\":\"Subsoccer - VELLA ESCOLA Cultura Urbana\",\"isPartOf\":{\"@id\":\"https:\/\/vellaescola.gal\/#website\"},\"primaryImageOfPage\":{\"@id\":\"https:\/\/vellaescola.gal\/producto\/subsoccer\/#primaryimage\"},\"image\":{\"@id\":\"https:\/\/vellaescola.gal\/producto\/subsoccer\/#primaryimage\"},\"thumbnailUrl\":\"https:\/\/vellaescola.gal\/wp-content\/uploads\/2024\/03\/Trans_Subsoccer.png\",\"datePublished\":\"2024-07-18T16:29:51+00:00\",\"dateModified\":\"2026-03-03T16:52:14+00:00\",\"description\":\"Alquiler de recreativa que te aporta la vibra de un estadio de f\u00fatbol comprimida en un juego de mesa donde el campo se ve desde arriba!\",\"breadcrumb\":{\"@id\":\"https:\/\/vellaescola.gal\/producto\/subsoccer\/#breadcrumb\"},\"inLanguage\":\"gl-ES\",\"potentialAction\":[{\"@type\":\"ReadAction\",\"target\":[\"https:\/\/vellaescola.gal\/producto\/subsoccer\/\"]}]},{\"@type\":\"ImageObject\",\"inLanguage\":\"gl-ES\",\"@id\":\"https:\/\/vellaescola.gal\/producto\/subsoccer\/#primaryimage\",\"url\":\"https:\/\/vellaescola.gal\/wp-content\/uploads\/2024\/03\/Trans_Subsoccer.png\",\"contentUrl\":\"https:\/\/vellaescola.gal\/wp-content\/uploads\/2024\/03\/Trans_Subsoccer.png\",\"width\":650,\"height\":650},{\"@type\":\"BreadcrumbList\",\"@id\":\"https:\/\/vellaescola.gal\/producto\/subsoccer\/#breadcrumb\",\"itemListElement\":[{\"@type\":\"ListItem\",\"position\":1,\"name\":\"Home\",\"item\":\"https:\/\/vellaescola.gal\/\"},{\"@type\":\"ListItem\",\"position\":2,\"name\":\"Productos\",\"item\":\"https:\/\/vellaescola.gal\/shop\/\"},{\"@type\":\"ListItem\",\"position\":3,\"name\":\"Subsoccer\"}]},{\"@type\":\"WebSite\",\"@id\":\"https:\/\/vellaescola.gal\/#website\",\"url\":\"https:\/\/vellaescola.gal\/\",\"name\":\"VELLA ESCOLA Cultura Urbana\",\"description\":\"L\u00edderes en Cultura Urbana en Galicia desde 2009. Talleres de Graffiti, Skate, Parkour y Breakdance para eventos e instituciones. Murales para empresas y particulares en toda Espa\u00f1a.\",\"potentialAction\":[{\"@type\":\"SearchAction\",\"target\":{\"@type\":\"EntryPoint\",\"urlTemplate\":\"https:\/\/vellaescola.gal\/?s={search_term_string}\"},\"query-input\":{\"@type\":\"PropertyValueSpecification\",\"valueRequired\":true,\"valueName\":\"search_term_string\"}}],\"inLanguage\":\"gl-ES\"}]}<\/script>\n<!-- \/ Yoast SEO plugin. -->","yoast_head_json":{"title":"Subsoccer - VELLA ESCOLA Cultura Urbana","description":"Alquiler de recreativa que te aporta la vibra de un estadio de f\u00fatbol comprimida en un juego de mesa donde el campo se ve desde arriba!","robots":{"index":"index","follow":"follow","max-snippet":"max-snippet:-1","max-image-preview":"max-image-preview:large","max-video-preview":"max-video-preview:-1"},"canonical":"https:\/\/vellaescola.gal\/gl\/producto\/subsoccer\/","og_locale":"gl_ES","og_type":"article","og_title":"Subsoccer - VELLA ESCOLA Cultura Urbana","og_description":"Alquiler de recreativa que te aporta la vibra de un estadio de f\u00fatbol comprimida en un juego de mesa donde el campo se ve desde arriba!","og_url":"https:\/\/vellaescola.gal\/gl\/producto\/subsoccer\/","og_site_name":"VELLA ESCOLA Cultura Urbana","article_modified_time":"2026-03-03T16:52:14+00:00","og_image":[{"width":650,"height":650,"url":"https:\/\/vellaescola.gal\/wp-content\/uploads\/2024\/03\/Trans_Subsoccer.png","type":"image\/png"}],"twitter_misc":{"Tempo de lectura":"1 minuto"},"schema":{"@context":"https:\/\/schema.org","@graph":[{"@type":"WebPage","@id":"https:\/\/vellaescola.gal\/producto\/subsoccer\/","url":"https:\/\/vellaescola.gal\/producto\/subsoccer\/","name":"Subsoccer - VELLA ESCOLA Cultura Urbana","isPartOf":{"@id":"https:\/\/vellaescola.gal\/#website"},"primaryImageOfPage":{"@id":"https:\/\/vellaescola.gal\/producto\/subsoccer\/#primaryimage"},"image":{"@id":"https:\/\/vellaescola.gal\/producto\/subsoccer\/#primaryimage"},"thumbnailUrl":"https:\/\/vellaescola.gal\/wp-content\/uploads\/2024\/03\/Trans_Subsoccer.png","datePublished":"2024-07-18T16:29:51+00:00","dateModified":"2026-03-03T16:52:14+00:00","description":"Alquiler de recreativa que te aporta la vibra de un estadio de f\u00fatbol comprimida en un juego de mesa donde el campo se ve desde arriba!","breadcrumb":{"@id":"https:\/\/vellaescola.gal\/producto\/subsoccer\/#breadcrumb"},"inLanguage":"gl-ES","potentialAction":[{"@type":"ReadAction","target":["https:\/\/vellaescola.gal\/producto\/subsoccer\/"]}]},{"@type":"ImageObject","inLanguage":"gl-ES","@id":"https:\/\/vellaescola.gal\/producto\/subsoccer\/#primaryimage","url":"https:\/\/vellaescola.gal\/wp-content\/uploads\/2024\/03\/Trans_Subsoccer.png","contentUrl":"https:\/\/vellaescola.gal\/wp-content\/uploads\/2024\/03\/Trans_Subsoccer.png","width":650,"height":650},{"@type":"BreadcrumbList","@id":"https:\/\/vellaescola.gal\/producto\/subsoccer\/#breadcrumb","itemListElement":[{"@type":"ListItem","position":1,"name":"Home","item":"https:\/\/vellaescola.gal\/"},{"@type":"ListItem","position":2,"name":"Productos","item":"https:\/\/vellaescola.gal\/shop\/"},{"@type":"ListItem","position":3,"name":"Subsoccer"}]},{"@type":"WebSite","@id":"https:\/\/vellaescola.gal\/#website","url":"https:\/\/vellaescola.gal\/","name":"VELLA ESCOLA Cultura Urbana","description":"L\u00edderes en Cultura Urbana en Galicia dende 2009. Obradoiros de Graffiti, Skate, Parkour e Breakdance para eventos e instituci\u00f3ns. Murais para empresas e particulares en toda Espa\u00f1a.","potentialAction":[{"@type":"SearchAction","target":{"@type":"EntryPoint","urlTemplate":"https:\/\/vellaescola.gal\/?s={search_term_string}"},"query-input":{"@type":"PropertyValueSpecification","valueRequired":true,"valueName":"search_term_string"}}],"inLanguage":"gl-ES"}]}},"_links":{"self":[{"href":"https:\/\/vellaescola.gal\/gl\/wp-json\/wp\/v2\/product\/8811","targetHints":{"allow":["GET"]}}],"collection":[{"href":"https:\/\/vellaescola.gal\/gl\/wp-json\/wp\/v2\/product"}],"about":[{"href":"https:\/\/vellaescola.gal\/gl\/wp-json\/wp\/v2\/types\/product"}],"replies":[{"embeddable":true,"href":"https:\/\/vellaescola.gal\/gl\/wp-json\/wp\/v2\/comments?post=8811"}],"wp:featuredmedia":[{"embeddable":true,"href":"https:\/\/vellaescola.gal\/gl\/wp-json\/wp\/v2\/media\/8385"}],"wp:attachment":[{"href":"https:\/\/vellaescola.gal\/gl\/wp-json\/wp\/v2\/media?parent=8811"}],"wp:term":[{"taxonomy":"product_brand","embeddable":true,"href":"https:\/\/vellaescola.gal\/gl\/wp-json\/wp\/v2\/product_brand?post=8811"},{"taxonomy":"product_cat","embeddable":true,"href":"https:\/\/vellaescola.gal\/gl\/wp-json\/wp\/v2\/product_cat?post=8811"},{"taxonomy":"product_tag","embeddable":true,"href":"https:\/\/vellaescola.gal\/gl\/wp-json\/wp\/v2\/product_tag?post=8811"}],"curies":[{"name":"wp","href":"https:\/\/api.w.org\/{rel}","templated":true}]}}