{"id":8809,"date":"2024-07-18T17:08:30","date_gmt":"2024-07-18T16:08:30","guid":{"rendered":"https:\/\/vellaescola.gal\/?post_type=product&#038;p=8809"},"modified":"2026-03-03T17:59:50","modified_gmt":"2026-03-03T16:59:50","slug":"retro-shooter-pistolas","status":"publish","type":"product","link":"https:\/\/vellaescola.gal\/gl\/produto\/retro-shooter-pistolas\/","title":{"rendered":"Retro Shooter (pistolas)"},"content":{"rendered":"<p>Esta m\u00e1quina recreativa est\u00e1 dispo\u00f1ible para alugar e incl\u00fae:<\/p>\n<ul>\n<li>80 xogos de disparos.<\/li>\n<li>2 pistolas con joystick e botonera.<\/li>\n<li>Efecto de retroceso en pistolas.<\/li>\n<li>Pantalla XL de 24 polgadas.<\/li>\n<li>Men\u00fa da consola en castel\u00e1n.<\/li>\n<li>Funci\u00f3n de gardar a partida.<\/li>\n<li>2 xogadores.<\/li>\n<\/ul>","protected":false},"excerpt":{"rendered":"<div class=\"mkdf-pli-image\">Aluguer de m\u00e1quina recreativa con consola Retro Shooter, sensores e 2 pistolas lightgun con 80 xogos de disparos. Con esta m\u00e1quina recreativa, podes revivir momentos da t\u00faa infancia con xogos de Neo Geo, Capcom, CPS1, Sega, Taito e moito m\u00e1is.<\/div>","protected":false},"featured_media":8591,"comment_status":"open","ping_status":"closed","template":"","meta":[],"product_brand":[],"product_cat":[1416],"product_tag":[1423,1424,1418,1420,1425,1419,1422,1435,1434,1417,1421,1433,1432],"class_list":{"0":"post-8809","1":"product","2":"type-product","3":"status-publish","4":"has-post-thumbnail","6":"product_cat-recreativas","7":"product_tag-80s","8":"product_tag-90s","9":"product_tag-alquiler-de-recreativas-galicia","10":"product_tag-arcade","11":"product_tag-bartop","12":"product_tag-galicia","13":"product_tag-gaming","14":"product_tag-lightgun","15":"product_tag-pistolas","16":"product_tag-recreativa","17":"product_tag-retro","18":"product_tag-retro-shooter","19":"product_tag-shooter","21":"first","22":"instock","23":"taxable","24":"shipping-taxable","25":"purchasable","26":"product-type-simple"},"yoast_head":"<!-- This site is optimized with the Yoast SEO plugin v27.2 - https:\/\/yoast.com\/product\/yoast-seo-wordpress\/ -->\n<title>Retro Shooter (pistolas) - VELLA ESCOLA Cultura Urbana<\/title>\n<meta name=\"description\" content=\"Alquiler de m\u00e1quina de juegos arcade con consola Retro Shooter, sensores y 2 pistolas lightgun con hasta 80 juegos de disparo.\" \/>\n<meta name=\"robots\" content=\"index, follow, max-snippet:-1, max-image-preview:large, max-video-preview:-1\" \/>\n<link rel=\"canonical\" href=\"https:\/\/vellaescola.gal\/gl\/producto\/retro-shooter-pistolas\/\" \/>\n<meta property=\"og:locale\" content=\"gl_ES\" \/>\n<meta property=\"og:type\" content=\"article\" \/>\n<meta property=\"og:title\" content=\"Retro Shooter (pistolas) - VELLA ESCOLA Cultura Urbana\" \/>\n<meta property=\"og:description\" content=\"Alquiler de m\u00e1quina de juegos arcade con consola Retro Shooter, sensores y 2 pistolas lightgun con hasta 80 juegos de disparo.\" \/>\n<meta property=\"og:url\" content=\"https:\/\/vellaescola.gal\/gl\/producto\/retro-shooter-pistolas\/\" \/>\n<meta property=\"og:site_name\" content=\"VELLA ESCOLA Cultura Urbana\" \/>\n<meta property=\"article:modified_time\" content=\"2026-03-03T16:59:50+00:00\" \/>\n<meta property=\"og:image\" content=\"https:\/\/vellaescola.gal\/wp-content\/uploads\/2024\/06\/Trans_Park_Retro_Shooter.png\" \/>\n\t<meta property=\"og:image:width\" content=\"851\" \/>\n\t<meta property=\"og:image:height\" content=\"851\" \/>\n\t<meta property=\"og:image:type\" content=\"image\/png\" \/>\n<meta name=\"twitter:label1\" content=\"Tempo de lectura\" \/>\n\t<meta name=\"twitter:data1\" content=\"1 minuto\" \/>\n<script type=\"application\/ld+json\" class=\"yoast-schema-graph\">{\"@context\":\"https:\/\/schema.org\",\"@graph\":[{\"@type\":\"WebPage\",\"@id\":\"https:\/\/vellaescola.gal\/producto\/retro-shooter-pistolas\/\",\"url\":\"https:\/\/vellaescola.gal\/producto\/retro-shooter-pistolas\/\",\"name\":\"Retro Shooter (pistolas) - VELLA ESCOLA Cultura Urbana\",\"isPartOf\":{\"@id\":\"https:\/\/vellaescola.gal\/#website\"},\"primaryImageOfPage\":{\"@id\":\"https:\/\/vellaescola.gal\/producto\/retro-shooter-pistolas\/#primaryimage\"},\"image\":{\"@id\":\"https:\/\/vellaescola.gal\/producto\/retro-shooter-pistolas\/#primaryimage\"},\"thumbnailUrl\":\"https:\/\/vellaescola.gal\/wp-content\/uploads\/2024\/06\/Trans_Park_Retro_Shooter.png\",\"datePublished\":\"2024-07-18T16:08:30+00:00\",\"dateModified\":\"2026-03-03T16:59:50+00:00\",\"description\":\"Alquiler de m\u00e1quina de juegos arcade con consola Retro Shooter, sensores y 2 pistolas lightgun con hasta 80 juegos de disparo.\",\"breadcrumb\":{\"@id\":\"https:\/\/vellaescola.gal\/producto\/retro-shooter-pistolas\/#breadcrumb\"},\"inLanguage\":\"gl-ES\",\"potentialAction\":[{\"@type\":\"ReadAction\",\"target\":[\"https:\/\/vellaescola.gal\/producto\/retro-shooter-pistolas\/\"]}]},{\"@type\":\"ImageObject\",\"inLanguage\":\"gl-ES\",\"@id\":\"https:\/\/vellaescola.gal\/producto\/retro-shooter-pistolas\/#primaryimage\",\"url\":\"https:\/\/vellaescola.gal\/wp-content\/uploads\/2024\/06\/Trans_Park_Retro_Shooter.png\",\"contentUrl\":\"https:\/\/vellaescola.gal\/wp-content\/uploads\/2024\/06\/Trans_Park_Retro_Shooter.png\",\"width\":851,\"height\":851},{\"@type\":\"BreadcrumbList\",\"@id\":\"https:\/\/vellaescola.gal\/producto\/retro-shooter-pistolas\/#breadcrumb\",\"itemListElement\":[{\"@type\":\"ListItem\",\"position\":1,\"name\":\"Home\",\"item\":\"https:\/\/vellaescola.gal\/\"},{\"@type\":\"ListItem\",\"position\":2,\"name\":\"Productos\",\"item\":\"https:\/\/vellaescola.gal\/shop\/\"},{\"@type\":\"ListItem\",\"position\":3,\"name\":\"Retro Shooter (pistolas)\"}]},{\"@type\":\"WebSite\",\"@id\":\"https:\/\/vellaescola.gal\/#website\",\"url\":\"https:\/\/vellaescola.gal\/\",\"name\":\"VELLA ESCOLA Cultura Urbana\",\"description\":\"L\u00edderes en Cultura Urbana en Galicia desde 2009. Talleres de Graffiti, Skate, Parkour y Breakdance para eventos e instituciones. Murales para empresas y particulares en toda Espa\u00f1a.\",\"potentialAction\":[{\"@type\":\"SearchAction\",\"target\":{\"@type\":\"EntryPoint\",\"urlTemplate\":\"https:\/\/vellaescola.gal\/?s={search_term_string}\"},\"query-input\":{\"@type\":\"PropertyValueSpecification\",\"valueRequired\":true,\"valueName\":\"search_term_string\"}}],\"inLanguage\":\"gl-ES\"}]}<\/script>\n<!-- \/ Yoast SEO plugin. -->","yoast_head_json":{"title":"Retro Shooter (pistolas) - VELLA ESCOLA Cultura Urbana","description":"Alquiler de m\u00e1quina de juegos arcade con consola Retro Shooter, sensores y 2 pistolas lightgun con hasta 80 juegos de disparo.","robots":{"index":"index","follow":"follow","max-snippet":"max-snippet:-1","max-image-preview":"max-image-preview:large","max-video-preview":"max-video-preview:-1"},"canonical":"https:\/\/vellaescola.gal\/gl\/producto\/retro-shooter-pistolas\/","og_locale":"gl_ES","og_type":"article","og_title":"Retro Shooter (pistolas) - VELLA ESCOLA Cultura Urbana","og_description":"Alquiler de m\u00e1quina de juegos arcade con consola Retro Shooter, sensores y 2 pistolas lightgun con hasta 80 juegos de disparo.","og_url":"https:\/\/vellaescola.gal\/gl\/producto\/retro-shooter-pistolas\/","og_site_name":"VELLA ESCOLA Cultura Urbana","article_modified_time":"2026-03-03T16:59:50+00:00","og_image":[{"width":851,"height":851,"url":"https:\/\/vellaescola.gal\/wp-content\/uploads\/2024\/06\/Trans_Park_Retro_Shooter.png","type":"image\/png"}],"twitter_misc":{"Tempo de lectura":"1 minuto"},"schema":{"@context":"https:\/\/schema.org","@graph":[{"@type":"WebPage","@id":"https:\/\/vellaescola.gal\/producto\/retro-shooter-pistolas\/","url":"https:\/\/vellaescola.gal\/producto\/retro-shooter-pistolas\/","name":"Retro Shooter (pistolas) - VELLA ESCOLA Cultura Urbana","isPartOf":{"@id":"https:\/\/vellaescola.gal\/#website"},"primaryImageOfPage":{"@id":"https:\/\/vellaescola.gal\/producto\/retro-shooter-pistolas\/#primaryimage"},"image":{"@id":"https:\/\/vellaescola.gal\/producto\/retro-shooter-pistolas\/#primaryimage"},"thumbnailUrl":"https:\/\/vellaescola.gal\/wp-content\/uploads\/2024\/06\/Trans_Park_Retro_Shooter.png","datePublished":"2024-07-18T16:08:30+00:00","dateModified":"2026-03-03T16:59:50+00:00","description":"Alquiler de m\u00e1quina de juegos arcade con consola Retro Shooter, sensores y 2 pistolas lightgun con hasta 80 juegos de disparo.","breadcrumb":{"@id":"https:\/\/vellaescola.gal\/producto\/retro-shooter-pistolas\/#breadcrumb"},"inLanguage":"gl-ES","potentialAction":[{"@type":"ReadAction","target":["https:\/\/vellaescola.gal\/producto\/retro-shooter-pistolas\/"]}]},{"@type":"ImageObject","inLanguage":"gl-ES","@id":"https:\/\/vellaescola.gal\/producto\/retro-shooter-pistolas\/#primaryimage","url":"https:\/\/vellaescola.gal\/wp-content\/uploads\/2024\/06\/Trans_Park_Retro_Shooter.png","contentUrl":"https:\/\/vellaescola.gal\/wp-content\/uploads\/2024\/06\/Trans_Park_Retro_Shooter.png","width":851,"height":851},{"@type":"BreadcrumbList","@id":"https:\/\/vellaescola.gal\/producto\/retro-shooter-pistolas\/#breadcrumb","itemListElement":[{"@type":"ListItem","position":1,"name":"Home","item":"https:\/\/vellaescola.gal\/"},{"@type":"ListItem","position":2,"name":"Productos","item":"https:\/\/vellaescola.gal\/shop\/"},{"@type":"ListItem","position":3,"name":"Retro Shooter (pistolas)"}]},{"@type":"WebSite","@id":"https:\/\/vellaescola.gal\/#website","url":"https:\/\/vellaescola.gal\/","name":"VELLA ESCOLA Cultura Urbana","description":"L\u00edderes en Cultura Urbana en Galicia dende 2009. Obradoiros de Graffiti, Skate, Parkour e Breakdance para eventos e instituci\u00f3ns. Murais para empresas e particulares en toda Espa\u00f1a.","potentialAction":[{"@type":"SearchAction","target":{"@type":"EntryPoint","urlTemplate":"https:\/\/vellaescola.gal\/?s={search_term_string}"},"query-input":{"@type":"PropertyValueSpecification","valueRequired":true,"valueName":"search_term_string"}}],"inLanguage":"gl-ES"}]}},"_links":{"self":[{"href":"https:\/\/vellaescola.gal\/gl\/wp-json\/wp\/v2\/product\/8809","targetHints":{"allow":["GET"]}}],"collection":[{"href":"https:\/\/vellaescola.gal\/gl\/wp-json\/wp\/v2\/product"}],"about":[{"href":"https:\/\/vellaescola.gal\/gl\/wp-json\/wp\/v2\/types\/product"}],"replies":[{"embeddable":true,"href":"https:\/\/vellaescola.gal\/gl\/wp-json\/wp\/v2\/comments?post=8809"}],"wp:featuredmedia":[{"embeddable":true,"href":"https:\/\/vellaescola.gal\/gl\/wp-json\/wp\/v2\/media\/8591"}],"wp:attachment":[{"href":"https:\/\/vellaescola.gal\/gl\/wp-json\/wp\/v2\/media?parent=8809"}],"wp:term":[{"taxonomy":"product_brand","embeddable":true,"href":"https:\/\/vellaescola.gal\/gl\/wp-json\/wp\/v2\/product_brand?post=8809"},{"taxonomy":"product_cat","embeddable":true,"href":"https:\/\/vellaescola.gal\/gl\/wp-json\/wp\/v2\/product_cat?post=8809"},{"taxonomy":"product_tag","embeddable":true,"href":"https:\/\/vellaescola.gal\/gl\/wp-json\/wp\/v2\/product_tag?post=8809"}],"curies":[{"name":"wp","href":"https:\/\/api.w.org\/{rel}","templated":true}]}}