{"id":8808,"date":"2024-07-18T16:54:05","date_gmt":"2024-07-18T15:54:05","guid":{"rendered":"https:\/\/vellaescola.gal\/?post_type=product&#038;p=8808"},"modified":"2026-03-04T15:52:12","modified_gmt":"2026-03-04T14:52:12","slug":"pinball-virtual","status":"publish","type":"product","link":"https:\/\/vellaescola.gal\/gl\/produto\/pinball-virtual\/","title":{"rendered":"Pinball Virtual"},"content":{"rendered":"<div class=\"mkdf-pli-image\"><\/div>\n<div class=\"mkdf-pli-text-holder\">\n<div class=\"mkdf-pli-text-wrapper\">\n<div class=\"mkdf-pli-text\">\n<p class=\"mkdf-pli-excerpt\">Aluguer de pinball virtual con pantalla de 32\u2033 (60 fps) con:<\/p>\n<ul>\n<li class=\"mkdf-pli-excerpt\">22 mesas de xogo diferentes.<\/li>\n<li>Tirador anal\u00f3xico.<\/li>\n<li>Aceler\u00f3metro que detecta o movemento da m\u00e1quina (bloqueo de penalizaci\u00f3n).<\/li>\n<li>Pantalla frontal dixital con puntuaci\u00f3n.<\/li>\n<li>Titoriais para cada mesa de xogo.<\/li>\n<\/ul>\n<\/div>\n<\/div>\n<\/div>","protected":false},"excerpt":{"rendered":"<p>Aluguer de pinball virtual ATGames Legends con 22 mesas de xogo diferentes funcionando a 60 fps nunha pantalla de 32\u2033 que proporciona unha experiencia de xogo realista similar \u00e1 dunha m\u00e1quina de pinball cl\u00e1sica.<\/p>","protected":false},"featured_media":9261,"comment_status":"open","ping_status":"closed","template":"","meta":[],"product_brand":[],"product_cat":[1416],"product_tag":[1423,1424,1418,1420,1419,1422,1430,1417,1421,1431],"class_list":{"0":"post-8808","1":"product","2":"type-product","3":"status-publish","4":"has-post-thumbnail","6":"product_cat-recreativas","7":"product_tag-80s","8":"product_tag-90s","9":"product_tag-alquiler-de-recreativas-galicia","10":"product_tag-arcade","11":"product_tag-galicia","12":"product_tag-gaming","13":"product_tag-pinball","14":"product_tag-recreativa","15":"product_tag-retro","16":"product_tag-virtual","18":"first","19":"instock","20":"taxable","21":"shipping-taxable","22":"purchasable","23":"product-type-simple"},"yoast_head":"<!-- This site is optimized with the Yoast SEO plugin v27.2 - https:\/\/yoast.com\/product\/yoast-seo-wordpress\/ -->\n<title>Pinball Virtual - VELLA ESCOLA Cultura Urbana<\/title>\n<meta name=\"description\" content=\"Alquiler de Pinball Virtual con 22 mesas de juego diferentes ejecutadas a 60fps sobre una pantalla de 32&quot; que aporta una sensaci\u00f3n real de juego.\" \/>\n<meta name=\"robots\" content=\"index, follow, max-snippet:-1, max-image-preview:large, max-video-preview:-1\" \/>\n<link rel=\"canonical\" href=\"https:\/\/vellaescola.gal\/gl\/producto\/pinball-virtual\/\" \/>\n<meta property=\"og:locale\" content=\"gl_ES\" \/>\n<meta property=\"og:type\" content=\"article\" \/>\n<meta property=\"og:title\" content=\"Pinball Virtual - VELLA ESCOLA Cultura Urbana\" \/>\n<meta property=\"og:description\" content=\"Alquiler de Pinball Virtual con 22 mesas de juego diferentes ejecutadas a 60fps sobre una pantalla de 32&quot; que aporta una sensaci\u00f3n real de juego.\" \/>\n<meta property=\"og:url\" content=\"https:\/\/vellaescola.gal\/gl\/producto\/pinball-virtual\/\" \/>\n<meta property=\"og:site_name\" content=\"VELLA ESCOLA Cultura Urbana\" \/>\n<meta property=\"article:modified_time\" content=\"2026-03-04T14:52:12+00:00\" \/>\n<meta property=\"og:image\" content=\"https:\/\/vellaescola.gal\/wp-content\/uploads\/2024\/07\/Trans_Pinball_Virtual-850x850-1.png\" \/>\n\t<meta property=\"og:image:width\" content=\"851\" \/>\n\t<meta property=\"og:image:height\" content=\"851\" \/>\n\t<meta property=\"og:image:type\" content=\"image\/png\" \/>\n<meta name=\"twitter:label1\" content=\"Tempo de lectura\" \/>\n\t<meta name=\"twitter:data1\" content=\"1 minuto\" \/>\n<script type=\"application\/ld+json\" class=\"yoast-schema-graph\">{\"@context\":\"https:\/\/schema.org\",\"@graph\":[{\"@type\":\"WebPage\",\"@id\":\"https:\/\/vellaescola.gal\/producto\/pinball-virtual\/\",\"url\":\"https:\/\/vellaescola.gal\/producto\/pinball-virtual\/\",\"name\":\"Pinball Virtual - VELLA ESCOLA Cultura Urbana\",\"isPartOf\":{\"@id\":\"https:\/\/vellaescola.gal\/#website\"},\"primaryImageOfPage\":{\"@id\":\"https:\/\/vellaescola.gal\/producto\/pinball-virtual\/#primaryimage\"},\"image\":{\"@id\":\"https:\/\/vellaescola.gal\/producto\/pinball-virtual\/#primaryimage\"},\"thumbnailUrl\":\"https:\/\/vellaescola.gal\/wp-content\/uploads\/2024\/07\/Trans_Pinball_Virtual-850x850-1.png\",\"datePublished\":\"2024-07-18T15:54:05+00:00\",\"dateModified\":\"2026-03-04T14:52:12+00:00\",\"description\":\"Alquiler de Pinball Virtual con 22 mesas de juego diferentes ejecutadas a 60fps sobre una pantalla de 32\\\" que aporta una sensaci\u00f3n real de juego.\",\"breadcrumb\":{\"@id\":\"https:\/\/vellaescola.gal\/producto\/pinball-virtual\/#breadcrumb\"},\"inLanguage\":\"gl-ES\",\"potentialAction\":[{\"@type\":\"ReadAction\",\"target\":[\"https:\/\/vellaescola.gal\/producto\/pinball-virtual\/\"]}]},{\"@type\":\"ImageObject\",\"inLanguage\":\"gl-ES\",\"@id\":\"https:\/\/vellaescola.gal\/producto\/pinball-virtual\/#primaryimage\",\"url\":\"https:\/\/vellaescola.gal\/wp-content\/uploads\/2024\/07\/Trans_Pinball_Virtual-850x850-1.png\",\"contentUrl\":\"https:\/\/vellaescola.gal\/wp-content\/uploads\/2024\/07\/Trans_Pinball_Virtual-850x850-1.png\",\"width\":851,\"height\":851},{\"@type\":\"BreadcrumbList\",\"@id\":\"https:\/\/vellaescola.gal\/producto\/pinball-virtual\/#breadcrumb\",\"itemListElement\":[{\"@type\":\"ListItem\",\"position\":1,\"name\":\"Home\",\"item\":\"https:\/\/vellaescola.gal\/\"},{\"@type\":\"ListItem\",\"position\":2,\"name\":\"Productos\",\"item\":\"https:\/\/vellaescola.gal\/shop\/\"},{\"@type\":\"ListItem\",\"position\":3,\"name\":\"Pinball Virtual\"}]},{\"@type\":\"WebSite\",\"@id\":\"https:\/\/vellaescola.gal\/#website\",\"url\":\"https:\/\/vellaescola.gal\/\",\"name\":\"VELLA ESCOLA Cultura Urbana\",\"description\":\"L\u00edderes en Cultura Urbana en Galicia desde 2009. Talleres de Graffiti, Skate, Parkour y Breakdance para eventos e instituciones. Murales para empresas y particulares en toda Espa\u00f1a.\",\"potentialAction\":[{\"@type\":\"SearchAction\",\"target\":{\"@type\":\"EntryPoint\",\"urlTemplate\":\"https:\/\/vellaescola.gal\/?s={search_term_string}\"},\"query-input\":{\"@type\":\"PropertyValueSpecification\",\"valueRequired\":true,\"valueName\":\"search_term_string\"}}],\"inLanguage\":\"gl-ES\"}]}<\/script>\n<!-- \/ Yoast SEO plugin. -->","yoast_head_json":{"title":"Pinball Virtual - VELLA ESCOLA Cultura Urbana","description":"Alquiler de Pinball Virtual con 22 mesas de juego diferentes ejecutadas a 60fps sobre una pantalla de 32\" que aporta una sensaci\u00f3n real de juego.","robots":{"index":"index","follow":"follow","max-snippet":"max-snippet:-1","max-image-preview":"max-image-preview:large","max-video-preview":"max-video-preview:-1"},"canonical":"https:\/\/vellaescola.gal\/gl\/producto\/pinball-virtual\/","og_locale":"gl_ES","og_type":"article","og_title":"Pinball Virtual - VELLA ESCOLA Cultura Urbana","og_description":"Alquiler de Pinball Virtual con 22 mesas de juego diferentes ejecutadas a 60fps sobre una pantalla de 32\" que aporta una sensaci\u00f3n real de juego.","og_url":"https:\/\/vellaescola.gal\/gl\/producto\/pinball-virtual\/","og_site_name":"VELLA ESCOLA Cultura Urbana","article_modified_time":"2026-03-04T14:52:12+00:00","og_image":[{"width":851,"height":851,"url":"https:\/\/vellaescola.gal\/wp-content\/uploads\/2024\/07\/Trans_Pinball_Virtual-850x850-1.png","type":"image\/png"}],"twitter_misc":{"Tempo de lectura":"1 minuto"},"schema":{"@context":"https:\/\/schema.org","@graph":[{"@type":"WebPage","@id":"https:\/\/vellaescola.gal\/producto\/pinball-virtual\/","url":"https:\/\/vellaescola.gal\/producto\/pinball-virtual\/","name":"Pinball Virtual - VELLA ESCOLA Cultura Urbana","isPartOf":{"@id":"https:\/\/vellaescola.gal\/#website"},"primaryImageOfPage":{"@id":"https:\/\/vellaescola.gal\/producto\/pinball-virtual\/#primaryimage"},"image":{"@id":"https:\/\/vellaescola.gal\/producto\/pinball-virtual\/#primaryimage"},"thumbnailUrl":"https:\/\/vellaescola.gal\/wp-content\/uploads\/2024\/07\/Trans_Pinball_Virtual-850x850-1.png","datePublished":"2024-07-18T15:54:05+00:00","dateModified":"2026-03-04T14:52:12+00:00","description":"Alquiler de Pinball Virtual con 22 mesas de juego diferentes ejecutadas a 60fps sobre una pantalla de 32\" que aporta una sensaci\u00f3n real de juego.","breadcrumb":{"@id":"https:\/\/vellaescola.gal\/producto\/pinball-virtual\/#breadcrumb"},"inLanguage":"gl-ES","potentialAction":[{"@type":"ReadAction","target":["https:\/\/vellaescola.gal\/producto\/pinball-virtual\/"]}]},{"@type":"ImageObject","inLanguage":"gl-ES","@id":"https:\/\/vellaescola.gal\/producto\/pinball-virtual\/#primaryimage","url":"https:\/\/vellaescola.gal\/wp-content\/uploads\/2024\/07\/Trans_Pinball_Virtual-850x850-1.png","contentUrl":"https:\/\/vellaescola.gal\/wp-content\/uploads\/2024\/07\/Trans_Pinball_Virtual-850x850-1.png","width":851,"height":851},{"@type":"BreadcrumbList","@id":"https:\/\/vellaescola.gal\/producto\/pinball-virtual\/#breadcrumb","itemListElement":[{"@type":"ListItem","position":1,"name":"Home","item":"https:\/\/vellaescola.gal\/"},{"@type":"ListItem","position":2,"name":"Productos","item":"https:\/\/vellaescola.gal\/shop\/"},{"@type":"ListItem","position":3,"name":"Pinball Virtual"}]},{"@type":"WebSite","@id":"https:\/\/vellaescola.gal\/#website","url":"https:\/\/vellaescola.gal\/","name":"VELLA ESCOLA Cultura Urbana","description":"L\u00edderes en Cultura Urbana en Galicia dende 2009. Obradoiros de Graffiti, Skate, Parkour e Breakdance para eventos e instituci\u00f3ns. Murais para empresas e particulares en toda Espa\u00f1a.","potentialAction":[{"@type":"SearchAction","target":{"@type":"EntryPoint","urlTemplate":"https:\/\/vellaescola.gal\/?s={search_term_string}"},"query-input":{"@type":"PropertyValueSpecification","valueRequired":true,"valueName":"search_term_string"}}],"inLanguage":"gl-ES"}]}},"_links":{"self":[{"href":"https:\/\/vellaescola.gal\/gl\/wp-json\/wp\/v2\/product\/8808","targetHints":{"allow":["GET"]}}],"collection":[{"href":"https:\/\/vellaescola.gal\/gl\/wp-json\/wp\/v2\/product"}],"about":[{"href":"https:\/\/vellaescola.gal\/gl\/wp-json\/wp\/v2\/types\/product"}],"replies":[{"embeddable":true,"href":"https:\/\/vellaescola.gal\/gl\/wp-json\/wp\/v2\/comments?post=8808"}],"wp:featuredmedia":[{"embeddable":true,"href":"https:\/\/vellaescola.gal\/gl\/wp-json\/wp\/v2\/media\/9261"}],"wp:attachment":[{"href":"https:\/\/vellaescola.gal\/gl\/wp-json\/wp\/v2\/media?parent=8808"}],"wp:term":[{"taxonomy":"product_brand","embeddable":true,"href":"https:\/\/vellaescola.gal\/gl\/wp-json\/wp\/v2\/product_brand?post=8808"},{"taxonomy":"product_cat","embeddable":true,"href":"https:\/\/vellaescola.gal\/gl\/wp-json\/wp\/v2\/product_cat?post=8808"},{"taxonomy":"product_tag","embeddable":true,"href":"https:\/\/vellaescola.gal\/gl\/wp-json\/wp\/v2\/product_tag?post=8808"}],"curies":[{"name":"wp","href":"https:\/\/api.w.org\/{rel}","templated":true}]}}