{"id":8803,"date":"2024-07-18T10:46:39","date_gmt":"2024-07-18T09:46:39","guid":{"rendered":"https:\/\/vellaescola.gal\/?post_type=product&#038;p=8803"},"modified":"2026-03-04T15:55:57","modified_gmt":"2026-03-04T14:55:57","slug":"air-hockey","status":"publish","type":"product","link":"https:\/\/vellaescola.gal\/gl\/produto\/air-hockey\/","title":{"rendered":"Air Hockey"},"content":{"rendered":"<p>Aluguer de mesa de air hockey con marcador electr\u00f3nico.<\/p>\n<ul>\n<li>Marcador electr\u00f3nico.<\/li>\n<li>Paquete de ne\u00f3n con lanzadores e discos LED para xogar na escuridade.<\/li>\n<li>2 xogadores.<\/li>\n<\/ul>","protected":false},"excerpt":{"rendered":"<p>O air hockey \u00e9 o xogo perfecto para os adictos \u00e1 adrenalina. O seu dese\u00f1o innovador, o seu potente motor soprador de aire e a s\u00faa plataforma deslizante conv\u00e9rteno nunha experiencia \u00fanica tanto para nenos como para adultos. Esta m\u00e1quina recreativa s\u00f3 est\u00e1 dispo\u00f1ible para aluguer.<\/p>","protected":false},"featured_media":7168,"comment_status":"open","ping_status":"closed","template":"","meta":[],"product_brand":[],"product_cat":[1416],"product_tag":[1423,1424,1427,1418,1420,1429,1419,1422,1428,1417,1421],"class_list":{"0":"post-8803","1":"product","2":"type-product","3":"status-publish","4":"has-post-thumbnail","6":"product_cat-recreativas","7":"product_tag-80s","8":"product_tag-90s","9":"product_tag-air-hockey","10":"product_tag-alquiler-de-recreativas-galicia","11":"product_tag-arcade","12":"product_tag-discos","13":"product_tag-galicia","14":"product_tag-gaming","15":"product_tag-mesa-de-aire","16":"product_tag-recreativa","17":"product_tag-retro","19":"first","20":"instock","21":"taxable","22":"shipping-taxable","23":"purchasable","24":"product-type-simple"},"yoast_head":"<!-- This site is optimized with the Yoast SEO plugin v27.2 - https:\/\/yoast.com\/product\/yoast-seo-wordpress\/ -->\n<title>Air Hockey - VELLA ESCOLA Cultura Urbana<\/title>\n<meta name=\"description\" content=\"Alquiler de Mesa de aire Air Hockey con marcador electr\u00f3nico (incluye pack ne\u00f3n con lanzadores y discos led para jugar a oscuras).\" \/>\n<meta name=\"robots\" content=\"index, follow, max-snippet:-1, max-image-preview:large, max-video-preview:-1\" \/>\n<link rel=\"canonical\" href=\"https:\/\/vellaescola.gal\/gl\/producto\/air-hockey\/\" \/>\n<meta property=\"og:locale\" content=\"gl_ES\" \/>\n<meta property=\"og:type\" content=\"article\" \/>\n<meta property=\"og:title\" content=\"Air Hockey - VELLA ESCOLA Cultura Urbana\" \/>\n<meta property=\"og:description\" content=\"Alquiler de Mesa de aire Air Hockey con marcador electr\u00f3nico (incluye pack ne\u00f3n con lanzadores y discos led para jugar a oscuras).\" \/>\n<meta property=\"og:url\" content=\"https:\/\/vellaescola.gal\/gl\/producto\/air-hockey\/\" \/>\n<meta property=\"og:site_name\" content=\"VELLA ESCOLA Cultura Urbana\" \/>\n<meta property=\"article:modified_time\" content=\"2026-03-04T14:55:57+00:00\" \/>\n<meta property=\"og:image\" content=\"https:\/\/vellaescola.gal\/wp-content\/uploads\/2023\/06\/Trans_Air_Hockey.png\" \/>\n\t<meta property=\"og:image:width\" content=\"851\" \/>\n\t<meta property=\"og:image:height\" content=\"851\" \/>\n\t<meta property=\"og:image:type\" content=\"image\/png\" \/>\n<meta name=\"twitter:label1\" content=\"Tempo de lectura\" \/>\n\t<meta name=\"twitter:data1\" content=\"1 minuto\" \/>\n<script type=\"application\/ld+json\" class=\"yoast-schema-graph\">{\"@context\":\"https:\/\/schema.org\",\"@graph\":[{\"@type\":\"WebPage\",\"@id\":\"https:\/\/vellaescola.gal\/producto\/air-hockey\/\",\"url\":\"https:\/\/vellaescola.gal\/producto\/air-hockey\/\",\"name\":\"Air Hockey - VELLA ESCOLA Cultura Urbana\",\"isPartOf\":{\"@id\":\"https:\/\/vellaescola.gal\/#website\"},\"primaryImageOfPage\":{\"@id\":\"https:\/\/vellaescola.gal\/producto\/air-hockey\/#primaryimage\"},\"image\":{\"@id\":\"https:\/\/vellaescola.gal\/producto\/air-hockey\/#primaryimage\"},\"thumbnailUrl\":\"https:\/\/vellaescola.gal\/wp-content\/uploads\/2023\/06\/Trans_Air_Hockey.png\",\"datePublished\":\"2024-07-18T09:46:39+00:00\",\"dateModified\":\"2026-03-04T14:55:57+00:00\",\"description\":\"Alquiler de Mesa de aire Air Hockey con marcador electr\u00f3nico (incluye pack ne\u00f3n con lanzadores y discos led para jugar a oscuras).\",\"breadcrumb\":{\"@id\":\"https:\/\/vellaescola.gal\/producto\/air-hockey\/#breadcrumb\"},\"inLanguage\":\"gl-ES\",\"potentialAction\":[{\"@type\":\"ReadAction\",\"target\":[\"https:\/\/vellaescola.gal\/producto\/air-hockey\/\"]}]},{\"@type\":\"ImageObject\",\"inLanguage\":\"gl-ES\",\"@id\":\"https:\/\/vellaescola.gal\/producto\/air-hockey\/#primaryimage\",\"url\":\"https:\/\/vellaescola.gal\/wp-content\/uploads\/2023\/06\/Trans_Air_Hockey.png\",\"contentUrl\":\"https:\/\/vellaescola.gal\/wp-content\/uploads\/2023\/06\/Trans_Air_Hockey.png\",\"width\":851,\"height\":851},{\"@type\":\"BreadcrumbList\",\"@id\":\"https:\/\/vellaescola.gal\/producto\/air-hockey\/#breadcrumb\",\"itemListElement\":[{\"@type\":\"ListItem\",\"position\":1,\"name\":\"Home\",\"item\":\"https:\/\/vellaescola.gal\/\"},{\"@type\":\"ListItem\",\"position\":2,\"name\":\"Productos\",\"item\":\"https:\/\/vellaescola.gal\/shop\/\"},{\"@type\":\"ListItem\",\"position\":3,\"name\":\"Air Hockey\"}]},{\"@type\":\"WebSite\",\"@id\":\"https:\/\/vellaescola.gal\/#website\",\"url\":\"https:\/\/vellaescola.gal\/\",\"name\":\"VELLA ESCOLA Cultura Urbana\",\"description\":\"L\u00edderes en Cultura Urbana en Galicia desde 2009. Talleres de Graffiti, Skate, Parkour y Breakdance para eventos e instituciones. Murales para empresas y particulares en toda Espa\u00f1a.\",\"potentialAction\":[{\"@type\":\"SearchAction\",\"target\":{\"@type\":\"EntryPoint\",\"urlTemplate\":\"https:\/\/vellaescola.gal\/?s={search_term_string}\"},\"query-input\":{\"@type\":\"PropertyValueSpecification\",\"valueRequired\":true,\"valueName\":\"search_term_string\"}}],\"inLanguage\":\"gl-ES\"}]}<\/script>\n<!-- \/ Yoast SEO plugin. -->","yoast_head_json":{"title":"Air Hockey - VELLA ESCOLA Cultura Urbana","description":"Alquiler de Mesa de aire Air Hockey con marcador electr\u00f3nico (incluye pack ne\u00f3n con lanzadores y discos led para jugar a oscuras).","robots":{"index":"index","follow":"follow","max-snippet":"max-snippet:-1","max-image-preview":"max-image-preview:large","max-video-preview":"max-video-preview:-1"},"canonical":"https:\/\/vellaescola.gal\/gl\/producto\/air-hockey\/","og_locale":"gl_ES","og_type":"article","og_title":"Air Hockey - VELLA ESCOLA Cultura Urbana","og_description":"Alquiler de Mesa de aire Air Hockey con marcador electr\u00f3nico (incluye pack ne\u00f3n con lanzadores y discos led para jugar a oscuras).","og_url":"https:\/\/vellaescola.gal\/gl\/producto\/air-hockey\/","og_site_name":"VELLA ESCOLA Cultura Urbana","article_modified_time":"2026-03-04T14:55:57+00:00","og_image":[{"width":851,"height":851,"url":"https:\/\/vellaescola.gal\/wp-content\/uploads\/2023\/06\/Trans_Air_Hockey.png","type":"image\/png"}],"twitter_misc":{"Tempo de lectura":"1 minuto"},"schema":{"@context":"https:\/\/schema.org","@graph":[{"@type":"WebPage","@id":"https:\/\/vellaescola.gal\/producto\/air-hockey\/","url":"https:\/\/vellaescola.gal\/producto\/air-hockey\/","name":"Air Hockey - VELLA ESCOLA Cultura Urbana","isPartOf":{"@id":"https:\/\/vellaescola.gal\/#website"},"primaryImageOfPage":{"@id":"https:\/\/vellaescola.gal\/producto\/air-hockey\/#primaryimage"},"image":{"@id":"https:\/\/vellaescola.gal\/producto\/air-hockey\/#primaryimage"},"thumbnailUrl":"https:\/\/vellaescola.gal\/wp-content\/uploads\/2023\/06\/Trans_Air_Hockey.png","datePublished":"2024-07-18T09:46:39+00:00","dateModified":"2026-03-04T14:55:57+00:00","description":"Alquiler de Mesa de aire Air Hockey con marcador electr\u00f3nico (incluye pack ne\u00f3n con lanzadores y discos led para jugar a oscuras).","breadcrumb":{"@id":"https:\/\/vellaescola.gal\/producto\/air-hockey\/#breadcrumb"},"inLanguage":"gl-ES","potentialAction":[{"@type":"ReadAction","target":["https:\/\/vellaescola.gal\/producto\/air-hockey\/"]}]},{"@type":"ImageObject","inLanguage":"gl-ES","@id":"https:\/\/vellaescola.gal\/producto\/air-hockey\/#primaryimage","url":"https:\/\/vellaescola.gal\/wp-content\/uploads\/2023\/06\/Trans_Air_Hockey.png","contentUrl":"https:\/\/vellaescola.gal\/wp-content\/uploads\/2023\/06\/Trans_Air_Hockey.png","width":851,"height":851},{"@type":"BreadcrumbList","@id":"https:\/\/vellaescola.gal\/producto\/air-hockey\/#breadcrumb","itemListElement":[{"@type":"ListItem","position":1,"name":"Home","item":"https:\/\/vellaescola.gal\/"},{"@type":"ListItem","position":2,"name":"Productos","item":"https:\/\/vellaescola.gal\/shop\/"},{"@type":"ListItem","position":3,"name":"Air Hockey"}]},{"@type":"WebSite","@id":"https:\/\/vellaescola.gal\/#website","url":"https:\/\/vellaescola.gal\/","name":"VELLA ESCOLA Cultura Urbana","description":"L\u00edderes en Cultura Urbana en Galicia dende 2009. Obradoiros de Graffiti, Skate, Parkour e Breakdance para eventos e instituci\u00f3ns. Murais para empresas e particulares en toda Espa\u00f1a.","potentialAction":[{"@type":"SearchAction","target":{"@type":"EntryPoint","urlTemplate":"https:\/\/vellaescola.gal\/?s={search_term_string}"},"query-input":{"@type":"PropertyValueSpecification","valueRequired":true,"valueName":"search_term_string"}}],"inLanguage":"gl-ES"}]}},"_links":{"self":[{"href":"https:\/\/vellaescola.gal\/gl\/wp-json\/wp\/v2\/product\/8803","targetHints":{"allow":["GET"]}}],"collection":[{"href":"https:\/\/vellaescola.gal\/gl\/wp-json\/wp\/v2\/product"}],"about":[{"href":"https:\/\/vellaescola.gal\/gl\/wp-json\/wp\/v2\/types\/product"}],"replies":[{"embeddable":true,"href":"https:\/\/vellaescola.gal\/gl\/wp-json\/wp\/v2\/comments?post=8803"}],"wp:featuredmedia":[{"embeddable":true,"href":"https:\/\/vellaescola.gal\/gl\/wp-json\/wp\/v2\/media\/7168"}],"wp:attachment":[{"href":"https:\/\/vellaescola.gal\/gl\/wp-json\/wp\/v2\/media?parent=8803"}],"wp:term":[{"taxonomy":"product_brand","embeddable":true,"href":"https:\/\/vellaescola.gal\/gl\/wp-json\/wp\/v2\/product_brand?post=8803"},{"taxonomy":"product_cat","embeddable":true,"href":"https:\/\/vellaescola.gal\/gl\/wp-json\/wp\/v2\/product_cat?post=8803"},{"taxonomy":"product_tag","embeddable":true,"href":"https:\/\/vellaescola.gal\/gl\/wp-json\/wp\/v2\/product_tag?post=8803"}],"curies":[{"name":"wp","href":"https:\/\/api.w.org\/{rel}","templated":true}]}}