{"id":8761,"date":"2024-07-12T13:59:32","date_gmt":"2024-07-12T12:59:32","guid":{"rendered":"https:\/\/vellaescola.gal\/?post_type=product&#038;p=8761"},"modified":"2026-03-04T16:01:40","modified_gmt":"2026-03-04T15:01:40","slug":"retro-arcade","status":"publish","type":"product","link":"https:\/\/vellaescola.gal\/gl\/produto\/retro-arcade\/","title":{"rendered":"Retro Arcade"},"content":{"rendered":"<p>Aluguer de xogos arcade con sistema Pandora Box (cont\u00e9n 3.290 xogos orixinais que nos lembran os anos 80 e 90).<\/p>\n<ul>\n<li>Men\u00fa da consola en castel\u00e1n.<\/li>\n<li>Funci\u00f3n de gardar a partida.<\/li>\n<li>2 xogadores.<\/li>\n<\/ul>","protected":false},"excerpt":{"rendered":"<p>Alugueiro de m\u00e1quina recreativa de xogos arcade con sistema Pandora Box (que emula m\u00e1is de 10 consolas retro) montada nun pedestal. Esta m\u00e1quina recreativa cont\u00e9n ata 3290 xogos orixinais que te transportar\u00e1n aos anos 80 e 90. Xogar nesta arcade permitirache revivir eses momentos da infancia con xogos de Neo Geo, Capcom, Sega, Nintendo, Taito, Konami e moitos m\u00e1is.<\/p>","protected":false},"featured_media":7161,"comment_status":"open","ping_status":"closed","template":"","meta":[],"product_brand":[],"product_cat":[1416],"product_tag":[1423,1424,1418,1420,1425,1419,1422,1417,1421],"class_list":{"0":"post-8761","1":"product","2":"type-product","3":"status-publish","4":"has-post-thumbnail","6":"product_cat-recreativas","7":"product_tag-80s","8":"product_tag-90s","9":"product_tag-alquiler-de-recreativas-galicia","10":"product_tag-arcade","11":"product_tag-bartop","12":"product_tag-galicia","13":"product_tag-gaming","14":"product_tag-recreativa","15":"product_tag-retro","17":"first","18":"instock","19":"taxable","20":"shipping-taxable","21":"purchasable","22":"product-type-simple"},"yoast_head":"<!-- This site is optimized with the Yoast SEO plugin v27.2 - https:\/\/yoast.com\/product\/yoast-seo-wordpress\/ -->\n<title>Retro Arcade - VELLA ESCOLA Cultura Urbana<\/title>\n<meta name=\"description\" content=\"Alquiler de m\u00e1quina de juegos arcade con sistema Pandora Box (contiene 3.290 juegos originales que nos hacen viajar a las d\u00e9cadas de los a\u00f1os 80 y 90).\" \/>\n<meta name=\"robots\" content=\"index, follow, max-snippet:-1, max-image-preview:large, max-video-preview:-1\" \/>\n<link rel=\"canonical\" href=\"https:\/\/vellaescola.gal\/gl\/producto\/retro-arcade\/\" \/>\n<meta property=\"og:locale\" content=\"gl_ES\" \/>\n<meta property=\"og:type\" content=\"article\" \/>\n<meta property=\"og:title\" content=\"Retro Arcade - VELLA ESCOLA Cultura Urbana\" \/>\n<meta property=\"og:description\" content=\"Alquiler de m\u00e1quina de juegos arcade con sistema Pandora Box (contiene 3.290 juegos originales que nos hacen viajar a las d\u00e9cadas de los a\u00f1os 80 y 90).\" \/>\n<meta property=\"og:url\" content=\"https:\/\/vellaescola.gal\/gl\/producto\/retro-arcade\/\" \/>\n<meta property=\"og:site_name\" content=\"VELLA ESCOLA Cultura Urbana\" \/>\n<meta property=\"article:modified_time\" content=\"2026-03-04T15:01:40+00:00\" \/>\n<meta property=\"og:image\" content=\"https:\/\/vellaescola.gal\/wp-content\/uploads\/2023\/06\/Trans_Park_Retro_Arcade2.png\" \/>\n\t<meta property=\"og:image:width\" content=\"851\" \/>\n\t<meta property=\"og:image:height\" content=\"851\" \/>\n\t<meta property=\"og:image:type\" content=\"image\/png\" \/>\n<meta name=\"twitter:label1\" content=\"Tempo de lectura\" \/>\n\t<meta name=\"twitter:data1\" content=\"1 minuto\" \/>\n<script type=\"application\/ld+json\" class=\"yoast-schema-graph\">{\"@context\":\"https:\/\/schema.org\",\"@graph\":[{\"@type\":\"WebPage\",\"@id\":\"https:\/\/vellaescola.gal\/producto\/retro-arcade\/\",\"url\":\"https:\/\/vellaescola.gal\/producto\/retro-arcade\/\",\"name\":\"Retro Arcade - VELLA ESCOLA Cultura Urbana\",\"isPartOf\":{\"@id\":\"https:\/\/vellaescola.gal\/#website\"},\"primaryImageOfPage\":{\"@id\":\"https:\/\/vellaescola.gal\/producto\/retro-arcade\/#primaryimage\"},\"image\":{\"@id\":\"https:\/\/vellaescola.gal\/producto\/retro-arcade\/#primaryimage\"},\"thumbnailUrl\":\"https:\/\/vellaescola.gal\/wp-content\/uploads\/2023\/06\/Trans_Park_Retro_Arcade2.png\",\"datePublished\":\"2024-07-12T12:59:32+00:00\",\"dateModified\":\"2026-03-04T15:01:40+00:00\",\"description\":\"Alquiler de m\u00e1quina de juegos arcade con sistema Pandora Box (contiene 3.290 juegos originales que nos hacen viajar a las d\u00e9cadas de los a\u00f1os 80 y 90).\",\"breadcrumb\":{\"@id\":\"https:\/\/vellaescola.gal\/producto\/retro-arcade\/#breadcrumb\"},\"inLanguage\":\"gl-ES\",\"potentialAction\":[{\"@type\":\"ReadAction\",\"target\":[\"https:\/\/vellaescola.gal\/producto\/retro-arcade\/\"]}]},{\"@type\":\"ImageObject\",\"inLanguage\":\"gl-ES\",\"@id\":\"https:\/\/vellaescola.gal\/producto\/retro-arcade\/#primaryimage\",\"url\":\"https:\/\/vellaescola.gal\/wp-content\/uploads\/2023\/06\/Trans_Park_Retro_Arcade2.png\",\"contentUrl\":\"https:\/\/vellaescola.gal\/wp-content\/uploads\/2023\/06\/Trans_Park_Retro_Arcade2.png\",\"width\":851,\"height\":851},{\"@type\":\"BreadcrumbList\",\"@id\":\"https:\/\/vellaescola.gal\/producto\/retro-arcade\/#breadcrumb\",\"itemListElement\":[{\"@type\":\"ListItem\",\"position\":1,\"name\":\"Home\",\"item\":\"https:\/\/vellaescola.gal\/\"},{\"@type\":\"ListItem\",\"position\":2,\"name\":\"Productos\",\"item\":\"https:\/\/vellaescola.gal\/shop\/\"},{\"@type\":\"ListItem\",\"position\":3,\"name\":\"Retro Arcade\"}]},{\"@type\":\"WebSite\",\"@id\":\"https:\/\/vellaescola.gal\/#website\",\"url\":\"https:\/\/vellaescola.gal\/\",\"name\":\"VELLA ESCOLA Cultura Urbana\",\"description\":\"L\u00edderes en Cultura Urbana en Galicia desde 2009. Talleres de Graffiti, Skate, Parkour y Breakdance para eventos e instituciones. Murales para empresas y particulares en toda Espa\u00f1a.\",\"potentialAction\":[{\"@type\":\"SearchAction\",\"target\":{\"@type\":\"EntryPoint\",\"urlTemplate\":\"https:\/\/vellaescola.gal\/?s={search_term_string}\"},\"query-input\":{\"@type\":\"PropertyValueSpecification\",\"valueRequired\":true,\"valueName\":\"search_term_string\"}}],\"inLanguage\":\"gl-ES\"}]}<\/script>\n<!-- \/ Yoast SEO plugin. -->","yoast_head_json":{"title":"Retro Arcade - VELLA ESCOLA Cultura Urbana","description":"Alquiler de m\u00e1quina de juegos arcade con sistema Pandora Box (contiene 3.290 juegos originales que nos hacen viajar a las d\u00e9cadas de los a\u00f1os 80 y 90).","robots":{"index":"index","follow":"follow","max-snippet":"max-snippet:-1","max-image-preview":"max-image-preview:large","max-video-preview":"max-video-preview:-1"},"canonical":"https:\/\/vellaescola.gal\/gl\/producto\/retro-arcade\/","og_locale":"gl_ES","og_type":"article","og_title":"Retro Arcade - VELLA ESCOLA Cultura Urbana","og_description":"Alquiler de m\u00e1quina de juegos arcade con sistema Pandora Box (contiene 3.290 juegos originales que nos hacen viajar a las d\u00e9cadas de los a\u00f1os 80 y 90).","og_url":"https:\/\/vellaescola.gal\/gl\/producto\/retro-arcade\/","og_site_name":"VELLA ESCOLA Cultura Urbana","article_modified_time":"2026-03-04T15:01:40+00:00","og_image":[{"width":851,"height":851,"url":"https:\/\/vellaescola.gal\/wp-content\/uploads\/2023\/06\/Trans_Park_Retro_Arcade2.png","type":"image\/png"}],"twitter_misc":{"Tempo de lectura":"1 minuto"},"schema":{"@context":"https:\/\/schema.org","@graph":[{"@type":"WebPage","@id":"https:\/\/vellaescola.gal\/producto\/retro-arcade\/","url":"https:\/\/vellaescola.gal\/producto\/retro-arcade\/","name":"Retro Arcade - VELLA ESCOLA Cultura Urbana","isPartOf":{"@id":"https:\/\/vellaescola.gal\/#website"},"primaryImageOfPage":{"@id":"https:\/\/vellaescola.gal\/producto\/retro-arcade\/#primaryimage"},"image":{"@id":"https:\/\/vellaescola.gal\/producto\/retro-arcade\/#primaryimage"},"thumbnailUrl":"https:\/\/vellaescola.gal\/wp-content\/uploads\/2023\/06\/Trans_Park_Retro_Arcade2.png","datePublished":"2024-07-12T12:59:32+00:00","dateModified":"2026-03-04T15:01:40+00:00","description":"Alquiler de m\u00e1quina de juegos arcade con sistema Pandora Box (contiene 3.290 juegos originales que nos hacen viajar a las d\u00e9cadas de los a\u00f1os 80 y 90).","breadcrumb":{"@id":"https:\/\/vellaescola.gal\/producto\/retro-arcade\/#breadcrumb"},"inLanguage":"gl-ES","potentialAction":[{"@type":"ReadAction","target":["https:\/\/vellaescola.gal\/producto\/retro-arcade\/"]}]},{"@type":"ImageObject","inLanguage":"gl-ES","@id":"https:\/\/vellaescola.gal\/producto\/retro-arcade\/#primaryimage","url":"https:\/\/vellaescola.gal\/wp-content\/uploads\/2023\/06\/Trans_Park_Retro_Arcade2.png","contentUrl":"https:\/\/vellaescola.gal\/wp-content\/uploads\/2023\/06\/Trans_Park_Retro_Arcade2.png","width":851,"height":851},{"@type":"BreadcrumbList","@id":"https:\/\/vellaescola.gal\/producto\/retro-arcade\/#breadcrumb","itemListElement":[{"@type":"ListItem","position":1,"name":"Home","item":"https:\/\/vellaescola.gal\/"},{"@type":"ListItem","position":2,"name":"Productos","item":"https:\/\/vellaescola.gal\/shop\/"},{"@type":"ListItem","position":3,"name":"Retro Arcade"}]},{"@type":"WebSite","@id":"https:\/\/vellaescola.gal\/#website","url":"https:\/\/vellaescola.gal\/","name":"VELLA ESCOLA Cultura Urbana","description":"L\u00edderes en Cultura Urbana en Galicia dende 2009. Obradoiros de Graffiti, Skate, Parkour e Breakdance para eventos e instituci\u00f3ns. Murais para empresas e particulares en toda Espa\u00f1a.","potentialAction":[{"@type":"SearchAction","target":{"@type":"EntryPoint","urlTemplate":"https:\/\/vellaescola.gal\/?s={search_term_string}"},"query-input":{"@type":"PropertyValueSpecification","valueRequired":true,"valueName":"search_term_string"}}],"inLanguage":"gl-ES"}]}},"_links":{"self":[{"href":"https:\/\/vellaescola.gal\/gl\/wp-json\/wp\/v2\/product\/8761","targetHints":{"allow":["GET"]}}],"collection":[{"href":"https:\/\/vellaescola.gal\/gl\/wp-json\/wp\/v2\/product"}],"about":[{"href":"https:\/\/vellaescola.gal\/gl\/wp-json\/wp\/v2\/types\/product"}],"replies":[{"embeddable":true,"href":"https:\/\/vellaescola.gal\/gl\/wp-json\/wp\/v2\/comments?post=8761"}],"wp:featuredmedia":[{"embeddable":true,"href":"https:\/\/vellaescola.gal\/gl\/wp-json\/wp\/v2\/media\/7161"}],"wp:attachment":[{"href":"https:\/\/vellaescola.gal\/gl\/wp-json\/wp\/v2\/media?parent=8761"}],"wp:term":[{"taxonomy":"product_brand","embeddable":true,"href":"https:\/\/vellaescola.gal\/gl\/wp-json\/wp\/v2\/product_brand?post=8761"},{"taxonomy":"product_cat","embeddable":true,"href":"https:\/\/vellaescola.gal\/gl\/wp-json\/wp\/v2\/product_cat?post=8761"},{"taxonomy":"product_tag","embeddable":true,"href":"https:\/\/vellaescola.gal\/gl\/wp-json\/wp\/v2\/product_tag?post=8761"}],"curies":[{"name":"wp","href":"https:\/\/api.w.org\/{rel}","templated":true}]}}