{"id":8675,"date":"2024-07-09T13:49:32","date_gmt":"2024-07-09T12:49:32","guid":{"rendered":"https:\/\/vellaescola.gal\/?post_type=product&#038;p=8675"},"modified":"2026-03-04T16:13:33","modified_gmt":"2026-03-04T15:13:33","slug":"taller-de-tattoo","status":"publish","type":"product","link":"https:\/\/vellaescola.gal\/gl\/produto\/taller-de-tattoo\/","title":{"rendered":"Taller de Tattoo"},"content":{"rendered":"<p>Neste obradoiro aprender\u00e1s as t\u00e9cnicas b\u00e1sicas da tatuaxe.<\/p>","protected":false},"excerpt":{"rendered":"<p>A arte da tatuaxe consiste en alterar a cor da pel, de forma temporal ou permanente, aplicando un dese\u00f1o, patr\u00f3n, figura ou texto. As tatuaxes son unha pr\u00e1ctica que serve para identificar diferentes culturas, pero tam\u00e9n est\u00e1n ligadas \u00e1s tendencias da moda actuais, proporcionando un elemento \u00fanico e distintivo a quen leva esta arte nos seus corpos. Neste obradoiro, afondaremos no mundo da tatuaxe para co\u00f1ecer os diferentes estilos, a maquinaria e as ferramentas que se empregan nesta pr\u00e1ctica, as\u00ed como as t\u00e9cnicas aplicadas no proceso de tatuaxe. Os participantes practicar\u00e1n individualmente sen agulla e, posteriormente, baixo supervisi\u00f3n, cunha agulla sobre pel de laranxa.<\/p>\n<p>&nbsp;<\/p>\n<p>https:\/\/www.youtube.com\/watch?v=hUf-qvqKLjc<\/p>","protected":false},"featured_media":14918,"comment_status":"open","ping_status":"closed","template":"","meta":[],"product_brand":[],"product_cat":[1350],"product_tag":[1360,1359,1358,1351,1412,1414,1413],"class_list":{"0":"post-8675","1":"product","2":"type-product","3":"status-publish","4":"has-post-thumbnail","6":"product_cat-talleres","7":"product_tag-clases","8":"product_tag-curso","9":"product_tag-obradoiro","10":"product_tag-taller","11":"product_tag-tattoo","12":"product_tag-tatuaje","13":"product_tag-tatuaxe","15":"first","16":"instock","17":"taxable","18":"shipping-taxable","19":"purchasable","20":"product-type-simple"},"yoast_head":"<!-- This site is optimized with the Yoast SEO plugin v27.2 - https:\/\/yoast.com\/product\/yoast-seo-wordpress\/ -->\n<title>Taller de Tattoo - VELLA ESCOLA Cultura Urbana<\/title>\n<meta name=\"description\" content=\"El arte del tatuaje consiste en alterar de manera temporal o permanente el color de la piel, sobre la que se plasma un debujo, un patr\u00f3n i un texto.\" \/>\n<meta name=\"robots\" content=\"index, follow, max-snippet:-1, max-image-preview:large, max-video-preview:-1\" \/>\n<link rel=\"canonical\" href=\"https:\/\/vellaescola.gal\/gl\/producto\/taller-de-tattoo\/\" \/>\n<meta property=\"og:locale\" content=\"gl_ES\" \/>\n<meta property=\"og:type\" content=\"article\" \/>\n<meta property=\"og:title\" content=\"Taller de Tattoo - VELLA ESCOLA Cultura Urbana\" \/>\n<meta property=\"og:description\" content=\"El arte del tatuaje consiste en alterar de manera temporal o permanente el color de la piel, sobre la que se plasma un debujo, un patr\u00f3n i un texto.\" \/>\n<meta property=\"og:url\" content=\"https:\/\/vellaescola.gal\/gl\/producto\/taller-de-tattoo\/\" \/>\n<meta property=\"og:site_name\" content=\"VELLA ESCOLA Cultura Urbana\" \/>\n<meta property=\"article:modified_time\" content=\"2026-03-04T15:13:33+00:00\" \/>\n<meta property=\"og:image\" content=\"https:\/\/vellaescola.gal\/wp-content\/uploads\/2024\/07\/Tattoo-Web.jpg\" \/>\n\t<meta property=\"og:image:width\" content=\"2001\" \/>\n\t<meta property=\"og:image:height\" content=\"1500\" \/>\n\t<meta property=\"og:image:type\" content=\"image\/jpeg\" \/>\n<meta name=\"twitter:label1\" content=\"Tempo de lectura\" \/>\n\t<meta name=\"twitter:data1\" content=\"1 minuto\" \/>\n<script type=\"application\/ld+json\" class=\"yoast-schema-graph\">{\"@context\":\"https:\/\/schema.org\",\"@graph\":[{\"@type\":\"WebPage\",\"@id\":\"https:\/\/vellaescola.gal\/producto\/taller-de-tattoo\/\",\"url\":\"https:\/\/vellaescola.gal\/producto\/taller-de-tattoo\/\",\"name\":\"Taller de Tattoo - VELLA ESCOLA Cultura Urbana\",\"isPartOf\":{\"@id\":\"https:\/\/vellaescola.gal\/#website\"},\"primaryImageOfPage\":{\"@id\":\"https:\/\/vellaescola.gal\/producto\/taller-de-tattoo\/#primaryimage\"},\"image\":{\"@id\":\"https:\/\/vellaescola.gal\/producto\/taller-de-tattoo\/#primaryimage\"},\"thumbnailUrl\":\"https:\/\/vellaescola.gal\/wp-content\/uploads\/2024\/07\/Tattoo-Web.jpg\",\"datePublished\":\"2024-07-09T12:49:32+00:00\",\"dateModified\":\"2026-03-04T15:13:33+00:00\",\"description\":\"El arte del tatuaje consiste en alterar de manera temporal o permanente el color de la piel, sobre la que se plasma un debujo, un patr\u00f3n i un texto.\",\"breadcrumb\":{\"@id\":\"https:\/\/vellaescola.gal\/producto\/taller-de-tattoo\/#breadcrumb\"},\"inLanguage\":\"gl-ES\",\"potentialAction\":[{\"@type\":\"ReadAction\",\"target\":[\"https:\/\/vellaescola.gal\/producto\/taller-de-tattoo\/\"]}]},{\"@type\":\"ImageObject\",\"inLanguage\":\"gl-ES\",\"@id\":\"https:\/\/vellaescola.gal\/producto\/taller-de-tattoo\/#primaryimage\",\"url\":\"https:\/\/vellaescola.gal\/wp-content\/uploads\/2024\/07\/Tattoo-Web.jpg\",\"contentUrl\":\"https:\/\/vellaescola.gal\/wp-content\/uploads\/2024\/07\/Tattoo-Web.jpg\",\"width\":2001,\"height\":1500},{\"@type\":\"BreadcrumbList\",\"@id\":\"https:\/\/vellaescola.gal\/producto\/taller-de-tattoo\/#breadcrumb\",\"itemListElement\":[{\"@type\":\"ListItem\",\"position\":1,\"name\":\"Home\",\"item\":\"https:\/\/vellaescola.gal\/\"},{\"@type\":\"ListItem\",\"position\":2,\"name\":\"Productos\",\"item\":\"https:\/\/vellaescola.gal\/shop\/\"},{\"@type\":\"ListItem\",\"position\":3,\"name\":\"Taller de Tattoo\"}]},{\"@type\":\"WebSite\",\"@id\":\"https:\/\/vellaescola.gal\/#website\",\"url\":\"https:\/\/vellaescola.gal\/\",\"name\":\"VELLA ESCOLA Cultura Urbana\",\"description\":\"L\u00edderes en Cultura Urbana en Galicia desde 2009. Talleres de Graffiti, Skate, Parkour y Breakdance para eventos e instituciones. Murales para empresas y particulares en toda Espa\u00f1a.\",\"potentialAction\":[{\"@type\":\"SearchAction\",\"target\":{\"@type\":\"EntryPoint\",\"urlTemplate\":\"https:\/\/vellaescola.gal\/?s={search_term_string}\"},\"query-input\":{\"@type\":\"PropertyValueSpecification\",\"valueRequired\":true,\"valueName\":\"search_term_string\"}}],\"inLanguage\":\"gl-ES\"}]}<\/script>\n<!-- \/ Yoast SEO plugin. -->","yoast_head_json":{"title":"Taller de Tattoo - VELLA ESCOLA Cultura Urbana","description":"El arte del tatuaje consiste en alterar de manera temporal o permanente el color de la piel, sobre la que se plasma un debujo, un patr\u00f3n i un texto.","robots":{"index":"index","follow":"follow","max-snippet":"max-snippet:-1","max-image-preview":"max-image-preview:large","max-video-preview":"max-video-preview:-1"},"canonical":"https:\/\/vellaescola.gal\/gl\/producto\/taller-de-tattoo\/","og_locale":"gl_ES","og_type":"article","og_title":"Taller de Tattoo - VELLA ESCOLA Cultura Urbana","og_description":"El arte del tatuaje consiste en alterar de manera temporal o permanente el color de la piel, sobre la que se plasma un debujo, un patr\u00f3n i un texto.","og_url":"https:\/\/vellaescola.gal\/gl\/producto\/taller-de-tattoo\/","og_site_name":"VELLA ESCOLA Cultura Urbana","article_modified_time":"2026-03-04T15:13:33+00:00","og_image":[{"width":2001,"height":1500,"url":"https:\/\/vellaescola.gal\/wp-content\/uploads\/2024\/07\/Tattoo-Web.jpg","type":"image\/jpeg"}],"twitter_misc":{"Tempo de lectura":"1 minuto"},"schema":{"@context":"https:\/\/schema.org","@graph":[{"@type":"WebPage","@id":"https:\/\/vellaescola.gal\/producto\/taller-de-tattoo\/","url":"https:\/\/vellaescola.gal\/producto\/taller-de-tattoo\/","name":"Taller de Tattoo - VELLA ESCOLA Cultura Urbana","isPartOf":{"@id":"https:\/\/vellaescola.gal\/#website"},"primaryImageOfPage":{"@id":"https:\/\/vellaescola.gal\/producto\/taller-de-tattoo\/#primaryimage"},"image":{"@id":"https:\/\/vellaescola.gal\/producto\/taller-de-tattoo\/#primaryimage"},"thumbnailUrl":"https:\/\/vellaescola.gal\/wp-content\/uploads\/2024\/07\/Tattoo-Web.jpg","datePublished":"2024-07-09T12:49:32+00:00","dateModified":"2026-03-04T15:13:33+00:00","description":"El arte del tatuaje consiste en alterar de manera temporal o permanente el color de la piel, sobre la que se plasma un debujo, un patr\u00f3n i un texto.","breadcrumb":{"@id":"https:\/\/vellaescola.gal\/producto\/taller-de-tattoo\/#breadcrumb"},"inLanguage":"gl-ES","potentialAction":[{"@type":"ReadAction","target":["https:\/\/vellaescola.gal\/producto\/taller-de-tattoo\/"]}]},{"@type":"ImageObject","inLanguage":"gl-ES","@id":"https:\/\/vellaescola.gal\/producto\/taller-de-tattoo\/#primaryimage","url":"https:\/\/vellaescola.gal\/wp-content\/uploads\/2024\/07\/Tattoo-Web.jpg","contentUrl":"https:\/\/vellaescola.gal\/wp-content\/uploads\/2024\/07\/Tattoo-Web.jpg","width":2001,"height":1500},{"@type":"BreadcrumbList","@id":"https:\/\/vellaescola.gal\/producto\/taller-de-tattoo\/#breadcrumb","itemListElement":[{"@type":"ListItem","position":1,"name":"Home","item":"https:\/\/vellaescola.gal\/"},{"@type":"ListItem","position":2,"name":"Productos","item":"https:\/\/vellaescola.gal\/shop\/"},{"@type":"ListItem","position":3,"name":"Taller de Tattoo"}]},{"@type":"WebSite","@id":"https:\/\/vellaescola.gal\/#website","url":"https:\/\/vellaescola.gal\/","name":"VELLA ESCOLA Cultura Urbana","description":"L\u00edderes en Cultura Urbana en Galicia dende 2009. Obradoiros de Graffiti, Skate, Parkour e Breakdance para eventos e instituci\u00f3ns. Murais para empresas e particulares en toda Espa\u00f1a.","potentialAction":[{"@type":"SearchAction","target":{"@type":"EntryPoint","urlTemplate":"https:\/\/vellaescola.gal\/?s={search_term_string}"},"query-input":{"@type":"PropertyValueSpecification","valueRequired":true,"valueName":"search_term_string"}}],"inLanguage":"gl-ES"}]}},"_links":{"self":[{"href":"https:\/\/vellaescola.gal\/gl\/wp-json\/wp\/v2\/product\/8675","targetHints":{"allow":["GET"]}}],"collection":[{"href":"https:\/\/vellaescola.gal\/gl\/wp-json\/wp\/v2\/product"}],"about":[{"href":"https:\/\/vellaescola.gal\/gl\/wp-json\/wp\/v2\/types\/product"}],"replies":[{"embeddable":true,"href":"https:\/\/vellaescola.gal\/gl\/wp-json\/wp\/v2\/comments?post=8675"}],"wp:featuredmedia":[{"embeddable":true,"href":"https:\/\/vellaescola.gal\/gl\/wp-json\/wp\/v2\/media\/14918"}],"wp:attachment":[{"href":"https:\/\/vellaescola.gal\/gl\/wp-json\/wp\/v2\/media?parent=8675"}],"wp:term":[{"taxonomy":"product_brand","embeddable":true,"href":"https:\/\/vellaescola.gal\/gl\/wp-json\/wp\/v2\/product_brand?post=8675"},{"taxonomy":"product_cat","embeddable":true,"href":"https:\/\/vellaescola.gal\/gl\/wp-json\/wp\/v2\/product_cat?post=8675"},{"taxonomy":"product_tag","embeddable":true,"href":"https:\/\/vellaescola.gal\/gl\/wp-json\/wp\/v2\/product_tag?post=8675"}],"curies":[{"name":"wp","href":"https:\/\/api.w.org\/{rel}","templated":true}]}}