{"id":8672,"date":"2024-07-09T13:34:49","date_gmt":"2024-07-09T12:34:49","guid":{"rendered":"https:\/\/vellaescola.gal\/?post_type=product&#038;p=8672"},"modified":"2026-03-04T16:18:15","modified_gmt":"2026-03-04T15:18:15","slug":"taller-de-street-workout","status":"publish","type":"product","link":"https:\/\/vellaescola.gal\/gl\/produto\/taller-de-street-workout\/","title":{"rendered":"Taller de Street Workout"},"content":{"rendered":"<p>Neste obradoiro aprender\u00e1s as t\u00e9cnicas b\u00e1sicas do street workout.<\/p>","protected":false},"excerpt":{"rendered":"<p>Obradoiro baseado no adestramento corporal, que busca a maior eficiencia e eficacia das t\u00e9cnicas aplicadas a diferentes contornas e situaci\u00f3ns da vida coti\u00e1, practicadas normalmente ao aire libre sobre mobiliario urbano ou elementos do medio urbano, ou en parques ou instalaci\u00f3ns dese\u00f1adas especificamente para esta pr\u00e1ctica.<\/p>","protected":false},"featured_media":14909,"comment_status":"open","ping_status":"closed","template":"","meta":[],"product_brand":[],"product_cat":[1350],"product_tag":[1410,1359,1358,1409,1351,1411],"class_list":{"0":"post-8672","1":"product","2":"type-product","3":"status-publish","4":"has-post-thumbnail","6":"product_cat-talleres","7":"product_tag-calistenia","8":"product_tag-curso","9":"product_tag-obradoiro","10":"product_tag-street-workout","11":"product_tag-taller","12":"product_tag-workout","14":"first","15":"instock","16":"taxable","17":"shipping-taxable","18":"purchasable","19":"product-type-simple"},"yoast_head":"<!-- This site is optimized with the Yoast SEO plugin v27.2 - https:\/\/yoast.com\/product\/yoast-seo-wordpress\/ -->\n<title>Taller de Street Workout - VELLA ESCOLA Cultura Urbana<\/title>\n<meta name=\"description\" content=\"Taller basado en el adiestramiento del cuerpo, buscando eficiencia y eficacia con t\u00e9cnicas aplicadas a diferentes entornos y situaciones del d\u00eda a d\u00eda.\" \/>\n<meta name=\"robots\" content=\"index, follow, max-snippet:-1, max-image-preview:large, max-video-preview:-1\" \/>\n<link rel=\"canonical\" href=\"https:\/\/vellaescola.gal\/gl\/producto\/taller-de-street-workout\/\" \/>\n<meta property=\"og:locale\" content=\"gl_ES\" \/>\n<meta property=\"og:type\" content=\"article\" \/>\n<meta property=\"og:title\" content=\"Taller de Street Workout - VELLA ESCOLA Cultura Urbana\" \/>\n<meta property=\"og:description\" content=\"Taller basado en el adiestramiento del cuerpo, buscando eficiencia y eficacia con t\u00e9cnicas aplicadas a diferentes entornos y situaciones del d\u00eda a d\u00eda.\" \/>\n<meta property=\"og:url\" content=\"https:\/\/vellaescola.gal\/gl\/producto\/taller-de-street-workout\/\" \/>\n<meta property=\"og:site_name\" content=\"VELLA ESCOLA Cultura Urbana\" \/>\n<meta property=\"article:modified_time\" content=\"2026-03-04T15:18:15+00:00\" \/>\n<meta property=\"og:image\" content=\"https:\/\/vellaescola.gal\/wp-content\/uploads\/2024\/07\/SW-Web.jpg\" \/>\n\t<meta property=\"og:image:width\" content=\"2001\" \/>\n\t<meta property=\"og:image:height\" content=\"1500\" \/>\n\t<meta property=\"og:image:type\" content=\"image\/jpeg\" \/>\n<meta name=\"twitter:label1\" content=\"Tempo de lectura\" \/>\n\t<meta name=\"twitter:data1\" content=\"1 minuto\" \/>\n<script type=\"application\/ld+json\" class=\"yoast-schema-graph\">{\"@context\":\"https:\/\/schema.org\",\"@graph\":[{\"@type\":\"WebPage\",\"@id\":\"https:\/\/vellaescola.gal\/producto\/taller-de-street-workout\/\",\"url\":\"https:\/\/vellaescola.gal\/producto\/taller-de-street-workout\/\",\"name\":\"Taller de Street Workout - VELLA ESCOLA Cultura Urbana\",\"isPartOf\":{\"@id\":\"https:\/\/vellaescola.gal\/#website\"},\"primaryImageOfPage\":{\"@id\":\"https:\/\/vellaescola.gal\/producto\/taller-de-street-workout\/#primaryimage\"},\"image\":{\"@id\":\"https:\/\/vellaescola.gal\/producto\/taller-de-street-workout\/#primaryimage\"},\"thumbnailUrl\":\"https:\/\/vellaescola.gal\/wp-content\/uploads\/2024\/07\/SW-Web.jpg\",\"datePublished\":\"2024-07-09T12:34:49+00:00\",\"dateModified\":\"2026-03-04T15:18:15+00:00\",\"description\":\"Taller basado en el adiestramiento del cuerpo, buscando eficiencia y eficacia con t\u00e9cnicas aplicadas a diferentes entornos y situaciones del d\u00eda a d\u00eda.\",\"breadcrumb\":{\"@id\":\"https:\/\/vellaescola.gal\/producto\/taller-de-street-workout\/#breadcrumb\"},\"inLanguage\":\"gl-ES\",\"potentialAction\":[{\"@type\":\"ReadAction\",\"target\":[\"https:\/\/vellaescola.gal\/producto\/taller-de-street-workout\/\"]}]},{\"@type\":\"ImageObject\",\"inLanguage\":\"gl-ES\",\"@id\":\"https:\/\/vellaescola.gal\/producto\/taller-de-street-workout\/#primaryimage\",\"url\":\"https:\/\/vellaescola.gal\/wp-content\/uploads\/2024\/07\/SW-Web.jpg\",\"contentUrl\":\"https:\/\/vellaescola.gal\/wp-content\/uploads\/2024\/07\/SW-Web.jpg\",\"width\":2001,\"height\":1500},{\"@type\":\"BreadcrumbList\",\"@id\":\"https:\/\/vellaescola.gal\/producto\/taller-de-street-workout\/#breadcrumb\",\"itemListElement\":[{\"@type\":\"ListItem\",\"position\":1,\"name\":\"Home\",\"item\":\"https:\/\/vellaescola.gal\/\"},{\"@type\":\"ListItem\",\"position\":2,\"name\":\"Productos\",\"item\":\"https:\/\/vellaescola.gal\/shop\/\"},{\"@type\":\"ListItem\",\"position\":3,\"name\":\"Taller de Street Workout\"}]},{\"@type\":\"WebSite\",\"@id\":\"https:\/\/vellaescola.gal\/#website\",\"url\":\"https:\/\/vellaescola.gal\/\",\"name\":\"VELLA ESCOLA Cultura Urbana\",\"description\":\"L\u00edderes en Cultura Urbana en Galicia desde 2009. Talleres de Graffiti, Skate, Parkour y Breakdance para eventos e instituciones. Murales para empresas y particulares en toda Espa\u00f1a.\",\"potentialAction\":[{\"@type\":\"SearchAction\",\"target\":{\"@type\":\"EntryPoint\",\"urlTemplate\":\"https:\/\/vellaescola.gal\/?s={search_term_string}\"},\"query-input\":{\"@type\":\"PropertyValueSpecification\",\"valueRequired\":true,\"valueName\":\"search_term_string\"}}],\"inLanguage\":\"gl-ES\"}]}<\/script>\n<!-- \/ Yoast SEO plugin. -->","yoast_head_json":{"title":"Obradoiro de r\u00faa Workout - VELLA ESCOLA Cultura urbana","description":"Obradoiro baseado no adestramento corporal, buscando a eficiencia e a eficacia con t\u00e9cnicas aplicadas a diferentes entornos e situaci\u00f3ns coti\u00e1s.","robots":{"index":"index","follow":"follow","max-snippet":"max-snippet:-1","max-image-preview":"max-image-preview:large","max-video-preview":"max-video-preview:-1"},"canonical":"https:\/\/vellaescola.gal\/gl\/producto\/taller-de-street-workout\/","og_locale":"gl_ES","og_type":"article","og_title":"Taller de Street Workout - VELLA ESCOLA Cultura Urbana","og_description":"Taller basado en el adiestramiento del cuerpo, buscando eficiencia y eficacia con t\u00e9cnicas aplicadas a diferentes entornos y situaciones del d\u00eda a d\u00eda.","og_url":"https:\/\/vellaescola.gal\/gl\/producto\/taller-de-street-workout\/","og_site_name":"VELLA ESCOLA Cultura Urbana","article_modified_time":"2026-03-04T15:18:15+00:00","og_image":[{"width":2001,"height":1500,"url":"https:\/\/vellaescola.gal\/wp-content\/uploads\/2024\/07\/SW-Web.jpg","type":"image\/jpeg"}],"twitter_misc":{"Tempo de lectura":"1 minuto"},"schema":{"@context":"https:\/\/schema.org","@graph":[{"@type":"WebPage","@id":"https:\/\/vellaescola.gal\/producto\/taller-de-street-workout\/","url":"https:\/\/vellaescola.gal\/producto\/taller-de-street-workout\/","name":"Obradoiro de r\u00faa Workout - VELLA ESCOLA Cultura urbana","isPartOf":{"@id":"https:\/\/vellaescola.gal\/#website"},"primaryImageOfPage":{"@id":"https:\/\/vellaescola.gal\/producto\/taller-de-street-workout\/#primaryimage"},"image":{"@id":"https:\/\/vellaescola.gal\/producto\/taller-de-street-workout\/#primaryimage"},"thumbnailUrl":"https:\/\/vellaescola.gal\/wp-content\/uploads\/2024\/07\/SW-Web.jpg","datePublished":"2024-07-09T12:34:49+00:00","dateModified":"2026-03-04T15:18:15+00:00","description":"Obradoiro baseado no adestramento corporal, buscando a eficiencia e a eficacia con t\u00e9cnicas aplicadas a diferentes entornos e situaci\u00f3ns coti\u00e1s.","breadcrumb":{"@id":"https:\/\/vellaescola.gal\/producto\/taller-de-street-workout\/#breadcrumb"},"inLanguage":"gl-ES","potentialAction":[{"@type":"ReadAction","target":["https:\/\/vellaescola.gal\/producto\/taller-de-street-workout\/"]}]},{"@type":"ImageObject","inLanguage":"gl-ES","@id":"https:\/\/vellaescola.gal\/producto\/taller-de-street-workout\/#primaryimage","url":"https:\/\/vellaescola.gal\/wp-content\/uploads\/2024\/07\/SW-Web.jpg","contentUrl":"https:\/\/vellaescola.gal\/wp-content\/uploads\/2024\/07\/SW-Web.jpg","width":2001,"height":1500},{"@type":"BreadcrumbList","@id":"https:\/\/vellaescola.gal\/producto\/taller-de-street-workout\/#breadcrumb","itemListElement":[{"@type":"ListItem","position":1,"name":"Home","item":"https:\/\/vellaescola.gal\/"},{"@type":"ListItem","position":2,"name":"Productos","item":"https:\/\/vellaescola.gal\/shop\/"},{"@type":"ListItem","position":3,"name":"Taller de Street Workout"}]},{"@type":"WebSite","@id":"https:\/\/vellaescola.gal\/#website","url":"https:\/\/vellaescola.gal\/","name":"VELLA ESCOLA Cultura Urbana","description":"L\u00edderes en Cultura Urbana en Galicia dende 2009. Obradoiros de Graffiti, Skate, Parkour e Breakdance para eventos e instituci\u00f3ns. Murais para empresas e particulares en toda Espa\u00f1a.","potentialAction":[{"@type":"SearchAction","target":{"@type":"EntryPoint","urlTemplate":"https:\/\/vellaescola.gal\/?s={search_term_string}"},"query-input":{"@type":"PropertyValueSpecification","valueRequired":true,"valueName":"search_term_string"}}],"inLanguage":"gl-ES"}]}},"_links":{"self":[{"href":"https:\/\/vellaescola.gal\/gl\/wp-json\/wp\/v2\/product\/8672","targetHints":{"allow":["GET"]}}],"collection":[{"href":"https:\/\/vellaescola.gal\/gl\/wp-json\/wp\/v2\/product"}],"about":[{"href":"https:\/\/vellaescola.gal\/gl\/wp-json\/wp\/v2\/types\/product"}],"replies":[{"embeddable":true,"href":"https:\/\/vellaescola.gal\/gl\/wp-json\/wp\/v2\/comments?post=8672"}],"wp:featuredmedia":[{"embeddable":true,"href":"https:\/\/vellaescola.gal\/gl\/wp-json\/wp\/v2\/media\/14909"}],"wp:attachment":[{"href":"https:\/\/vellaescola.gal\/gl\/wp-json\/wp\/v2\/media?parent=8672"}],"wp:term":[{"taxonomy":"product_brand","embeddable":true,"href":"https:\/\/vellaescola.gal\/gl\/wp-json\/wp\/v2\/product_brand?post=8672"},{"taxonomy":"product_cat","embeddable":true,"href":"https:\/\/vellaescola.gal\/gl\/wp-json\/wp\/v2\/product_cat?post=8672"},{"taxonomy":"product_tag","embeddable":true,"href":"https:\/\/vellaescola.gal\/gl\/wp-json\/wp\/v2\/product_tag?post=8672"}],"curies":[{"name":"wp","href":"https:\/\/api.w.org\/{rel}","templated":true}]}}