{"id":8670,"date":"2024-04-18T13:15:36","date_gmt":"2024-04-18T12:15:36","guid":{"rendered":"https:\/\/vellaescola.gal\/?post_type=product&#038;p=8670"},"modified":"2026-03-04T16:37:27","modified_gmt":"2026-03-04T15:37:27","slug":"taller-de-rap","status":"publish","type":"product","link":"https:\/\/vellaescola.gal\/gl\/produto\/taller-de-rap\/","title":{"rendered":"Taller de Rap"},"content":{"rendered":"<p>Neste obradoiro aprender\u00e1s as t\u00e9cnicas b\u00e1sicas do rap.<\/p>","protected":false},"excerpt":{"rendered":"<p>O rap \u00e9 un x\u00e9nero musical alternativo que xurdiu a principios da d\u00e9cada de 1980, caracterizado polas s\u00faas rimas e estruturado arredor dun ritmo 4x4 chamado \"beat\" ou \"instrumental\". Este estilo dist\u00ednguese pola s\u00faa complexidade compositiva e o seu rico contido l\u00edrico, que incl\u00fae xogos de palabras e recursos literarios t\u00edpicos da poes\u00eda, como met\u00e1foras, s\u00edmiles, hip\u00e9rboles e outras figuras ret\u00f3ricas. No obradoiro de rap, aprendemos a escribir e interpretar versos e exploramos os recursos literarios da nosa terra natal.<\/p>","protected":false},"featured_media":14917,"comment_status":"open","ping_status":"closed","template":"","meta":[],"product_brand":[],"product_cat":[1350],"product_tag":[1359,1402,1400,1401,1351,1392],"class_list":{"0":"post-8670","1":"product","2":"type-product","3":"status-publish","4":"has-post-thumbnail","6":"product_cat-talleres","7":"product_tag-curso","8":"product_tag-freestyle","9":"product_tag-rap","10":"product_tag-rima","11":"product_tag-taller","12":"product_tag-urbano","14":"first","15":"instock","16":"taxable","17":"shipping-taxable","18":"purchasable","19":"product-type-simple"},"yoast_head":"<!-- This site is optimized with the Yoast SEO plugin v27.2 - https:\/\/yoast.com\/product\/yoast-seo-wordpress\/ -->\n<title>Taller de Rap - VELLA ESCOLA Cultura Urbana<\/title>\n<meta name=\"description\" content=\"El Rap es un g\u00e9nero musical caracterizado por ser rimado y estructurado dentro de un comp\u00e1s r\u00edtmico de 4X4. En este taller aprender\u00e1s las t\u00e9cnicas b\u00e1sicas.\" \/>\n<meta name=\"robots\" content=\"index, follow, max-snippet:-1, max-image-preview:large, max-video-preview:-1\" \/>\n<link rel=\"canonical\" href=\"https:\/\/vellaescola.gal\/gl\/producto\/taller-de-rap\/\" \/>\n<meta property=\"og:locale\" content=\"gl_ES\" \/>\n<meta property=\"og:type\" content=\"article\" \/>\n<meta property=\"og:title\" content=\"Taller de Rap - VELLA ESCOLA Cultura Urbana\" \/>\n<meta property=\"og:description\" content=\"El Rap es un g\u00e9nero musical caracterizado por ser rimado y estructurado dentro de un comp\u00e1s r\u00edtmico de 4X4. En este taller aprender\u00e1s las t\u00e9cnicas b\u00e1sicas.\" \/>\n<meta property=\"og:url\" content=\"https:\/\/vellaescola.gal\/gl\/producto\/taller-de-rap\/\" \/>\n<meta property=\"og:site_name\" content=\"VELLA ESCOLA Cultura Urbana\" \/>\n<meta property=\"article:modified_time\" content=\"2026-03-04T15:37:27+00:00\" \/>\n<meta property=\"og:image\" content=\"https:\/\/vellaescola.gal\/wp-content\/uploads\/2024\/04\/Rap-Web.jpg\" \/>\n\t<meta property=\"og:image:width\" content=\"2001\" \/>\n\t<meta property=\"og:image:height\" content=\"1500\" \/>\n\t<meta property=\"og:image:type\" content=\"image\/jpeg\" \/>\n<meta name=\"twitter:label1\" content=\"Tempo de lectura\" \/>\n\t<meta name=\"twitter:data1\" content=\"1 minuto\" \/>\n<script type=\"application\/ld+json\" class=\"yoast-schema-graph\">{\"@context\":\"https:\/\/schema.org\",\"@graph\":[{\"@type\":\"WebPage\",\"@id\":\"https:\/\/vellaescola.gal\/producto\/taller-de-rap\/\",\"url\":\"https:\/\/vellaescola.gal\/producto\/taller-de-rap\/\",\"name\":\"Taller de Rap - VELLA ESCOLA Cultura Urbana\",\"isPartOf\":{\"@id\":\"https:\/\/vellaescola.gal\/#website\"},\"primaryImageOfPage\":{\"@id\":\"https:\/\/vellaescola.gal\/producto\/taller-de-rap\/#primaryimage\"},\"image\":{\"@id\":\"https:\/\/vellaescola.gal\/producto\/taller-de-rap\/#primaryimage\"},\"thumbnailUrl\":\"https:\/\/vellaescola.gal\/wp-content\/uploads\/2024\/04\/Rap-Web.jpg\",\"datePublished\":\"2024-04-18T12:15:36+00:00\",\"dateModified\":\"2026-03-04T15:37:27+00:00\",\"description\":\"El Rap es un g\u00e9nero musical caracterizado por ser rimado y estructurado dentro de un comp\u00e1s r\u00edtmico de 4X4. En este taller aprender\u00e1s las t\u00e9cnicas b\u00e1sicas.\",\"breadcrumb\":{\"@id\":\"https:\/\/vellaescola.gal\/producto\/taller-de-rap\/#breadcrumb\"},\"inLanguage\":\"gl-ES\",\"potentialAction\":[{\"@type\":\"ReadAction\",\"target\":[\"https:\/\/vellaescola.gal\/producto\/taller-de-rap\/\"]}]},{\"@type\":\"ImageObject\",\"inLanguage\":\"gl-ES\",\"@id\":\"https:\/\/vellaescola.gal\/producto\/taller-de-rap\/#primaryimage\",\"url\":\"https:\/\/vellaescola.gal\/wp-content\/uploads\/2024\/04\/Rap-Web.jpg\",\"contentUrl\":\"https:\/\/vellaescola.gal\/wp-content\/uploads\/2024\/04\/Rap-Web.jpg\",\"width\":2001,\"height\":1500},{\"@type\":\"BreadcrumbList\",\"@id\":\"https:\/\/vellaescola.gal\/producto\/taller-de-rap\/#breadcrumb\",\"itemListElement\":[{\"@type\":\"ListItem\",\"position\":1,\"name\":\"Home\",\"item\":\"https:\/\/vellaescola.gal\/\"},{\"@type\":\"ListItem\",\"position\":2,\"name\":\"Productos\",\"item\":\"https:\/\/vellaescola.gal\/shop\/\"},{\"@type\":\"ListItem\",\"position\":3,\"name\":\"Taller de Rap\"}]},{\"@type\":\"WebSite\",\"@id\":\"https:\/\/vellaescola.gal\/#website\",\"url\":\"https:\/\/vellaescola.gal\/\",\"name\":\"VELLA ESCOLA Cultura Urbana\",\"description\":\"L\u00edderes en Cultura Urbana en Galicia desde 2009. Talleres de Graffiti, Skate, Parkour y Breakdance para eventos e instituciones. Murales para empresas y particulares en toda Espa\u00f1a.\",\"potentialAction\":[{\"@type\":\"SearchAction\",\"target\":{\"@type\":\"EntryPoint\",\"urlTemplate\":\"https:\/\/vellaescola.gal\/?s={search_term_string}\"},\"query-input\":{\"@type\":\"PropertyValueSpecification\",\"valueRequired\":true,\"valueName\":\"search_term_string\"}}],\"inLanguage\":\"gl-ES\"}]}<\/script>\n<!-- \/ Yoast SEO plugin. -->","yoast_head_json":{"title":"Taller de Rap - VELLA ESCOLA Cultura Urbana","description":"El Rap es un g\u00e9nero musical caracterizado por ser rimado y estructurado dentro de un comp\u00e1s r\u00edtmico de 4X4. En este taller aprender\u00e1s las t\u00e9cnicas b\u00e1sicas.","robots":{"index":"index","follow":"follow","max-snippet":"max-snippet:-1","max-image-preview":"max-image-preview:large","max-video-preview":"max-video-preview:-1"},"canonical":"https:\/\/vellaescola.gal\/gl\/producto\/taller-de-rap\/","og_locale":"gl_ES","og_type":"article","og_title":"Taller de Rap - VELLA ESCOLA Cultura Urbana","og_description":"El Rap es un g\u00e9nero musical caracterizado por ser rimado y estructurado dentro de un comp\u00e1s r\u00edtmico de 4X4. En este taller aprender\u00e1s las t\u00e9cnicas b\u00e1sicas.","og_url":"https:\/\/vellaescola.gal\/gl\/producto\/taller-de-rap\/","og_site_name":"VELLA ESCOLA Cultura Urbana","article_modified_time":"2026-03-04T15:37:27+00:00","og_image":[{"width":2001,"height":1500,"url":"https:\/\/vellaescola.gal\/wp-content\/uploads\/2024\/04\/Rap-Web.jpg","type":"image\/jpeg"}],"twitter_misc":{"Tempo de lectura":"1 minuto"},"schema":{"@context":"https:\/\/schema.org","@graph":[{"@type":"WebPage","@id":"https:\/\/vellaescola.gal\/producto\/taller-de-rap\/","url":"https:\/\/vellaescola.gal\/producto\/taller-de-rap\/","name":"Taller de Rap - VELLA ESCOLA Cultura Urbana","isPartOf":{"@id":"https:\/\/vellaescola.gal\/#website"},"primaryImageOfPage":{"@id":"https:\/\/vellaescola.gal\/producto\/taller-de-rap\/#primaryimage"},"image":{"@id":"https:\/\/vellaescola.gal\/producto\/taller-de-rap\/#primaryimage"},"thumbnailUrl":"https:\/\/vellaescola.gal\/wp-content\/uploads\/2024\/04\/Rap-Web.jpg","datePublished":"2024-04-18T12:15:36+00:00","dateModified":"2026-03-04T15:37:27+00:00","description":"El Rap es un g\u00e9nero musical caracterizado por ser rimado y estructurado dentro de un comp\u00e1s r\u00edtmico de 4X4. En este taller aprender\u00e1s las t\u00e9cnicas b\u00e1sicas.","breadcrumb":{"@id":"https:\/\/vellaescola.gal\/producto\/taller-de-rap\/#breadcrumb"},"inLanguage":"gl-ES","potentialAction":[{"@type":"ReadAction","target":["https:\/\/vellaescola.gal\/producto\/taller-de-rap\/"]}]},{"@type":"ImageObject","inLanguage":"gl-ES","@id":"https:\/\/vellaescola.gal\/producto\/taller-de-rap\/#primaryimage","url":"https:\/\/vellaescola.gal\/wp-content\/uploads\/2024\/04\/Rap-Web.jpg","contentUrl":"https:\/\/vellaescola.gal\/wp-content\/uploads\/2024\/04\/Rap-Web.jpg","width":2001,"height":1500},{"@type":"BreadcrumbList","@id":"https:\/\/vellaescola.gal\/producto\/taller-de-rap\/#breadcrumb","itemListElement":[{"@type":"ListItem","position":1,"name":"Home","item":"https:\/\/vellaescola.gal\/"},{"@type":"ListItem","position":2,"name":"Productos","item":"https:\/\/vellaescola.gal\/shop\/"},{"@type":"ListItem","position":3,"name":"Taller de Rap"}]},{"@type":"WebSite","@id":"https:\/\/vellaescola.gal\/#website","url":"https:\/\/vellaescola.gal\/","name":"VELLA ESCOLA Cultura Urbana","description":"L\u00edderes en Cultura Urbana en Galicia dende 2009. Obradoiros de Graffiti, Skate, Parkour e Breakdance para eventos e instituci\u00f3ns. Murais para empresas e particulares en toda Espa\u00f1a.","potentialAction":[{"@type":"SearchAction","target":{"@type":"EntryPoint","urlTemplate":"https:\/\/vellaescola.gal\/?s={search_term_string}"},"query-input":{"@type":"PropertyValueSpecification","valueRequired":true,"valueName":"search_term_string"}}],"inLanguage":"gl-ES"}]}},"_links":{"self":[{"href":"https:\/\/vellaescola.gal\/gl\/wp-json\/wp\/v2\/product\/8670","targetHints":{"allow":["GET"]}}],"collection":[{"href":"https:\/\/vellaescola.gal\/gl\/wp-json\/wp\/v2\/product"}],"about":[{"href":"https:\/\/vellaescola.gal\/gl\/wp-json\/wp\/v2\/types\/product"}],"replies":[{"embeddable":true,"href":"https:\/\/vellaescola.gal\/gl\/wp-json\/wp\/v2\/comments?post=8670"}],"wp:featuredmedia":[{"embeddable":true,"href":"https:\/\/vellaescola.gal\/gl\/wp-json\/wp\/v2\/media\/14917"}],"wp:attachment":[{"href":"https:\/\/vellaescola.gal\/gl\/wp-json\/wp\/v2\/media?parent=8670"}],"wp:term":[{"taxonomy":"product_brand","embeddable":true,"href":"https:\/\/vellaescola.gal\/gl\/wp-json\/wp\/v2\/product_brand?post=8670"},{"taxonomy":"product_cat","embeddable":true,"href":"https:\/\/vellaescola.gal\/gl\/wp-json\/wp\/v2\/product_cat?post=8670"},{"taxonomy":"product_tag","embeddable":true,"href":"https:\/\/vellaescola.gal\/gl\/wp-json\/wp\/v2\/product_tag?post=8670"}],"curies":[{"name":"wp","href":"https:\/\/api.w.org\/{rel}","templated":true}]}}