{"id":8667,"date":"2024-07-09T12:08:16","date_gmt":"2024-07-09T11:08:16","guid":{"rendered":"https:\/\/vellaescola.gal\/?post_type=product&#038;p=8667"},"modified":"2026-03-04T16:25:49","modified_gmt":"2026-03-04T15:25:49","slug":"taller-de-stencil-art","status":"publish","type":"product","link":"https:\/\/vellaescola.gal\/gl\/produto\/taller-de-stencil-art\/","title":{"rendered":"Taller de Stencil Art"},"content":{"rendered":"<p>Neste obradoiro aprender\u00e1s as t\u00e9cnicas b\u00e1sicas para decorar as t\u00faas camisetas usando estarcidos.<\/p>","protected":false},"excerpt":{"rendered":"<p>O Stencil \u00e9 unha t\u00e9cnica de arte urbana que emprega modelos para crear obras de arte que se poden aplicar a diversas superficies, como paredes, madeira ou mesmo roupa. Nos nosos obradoiros de personalizaci\u00f3n de roupa, dese\u00f1amos e pintamos a man diferentes pezas de roupa, principalmente camisetas e bolsas de tea. Neste obradoiro, exploraremos e aplicaremos diversas t\u00e9cnicas de impresi\u00f3n mediante estarcidos.<\/p>","protected":false},"featured_media":14915,"comment_status":"open","ping_status":"closed","template":"","meta":[],"product_brand":[],"product_cat":[1350],"product_tag":[1383,1381,1360,1359,1371,1385,1377,1358,1375,1374,1384,1376,1382,1351],"class_list":{"0":"post-8667","1":"product","2":"type-product","3":"status-publish","4":"has-post-thumbnail","6":"product_cat-talleres","7":"product_tag-art","8":"product_tag-camisetas","9":"product_tag-clases","10":"product_tag-curso","11":"product_tag-custom","12":"product_tag-estampacion","13":"product_tag-moda","14":"product_tag-obradoiro","15":"product_tag-personalizacion","16":"product_tag-pintura","17":"product_tag-plantillas","18":"product_tag-roupa","19":"product_tag-stencil","20":"product_tag-taller","22":"first","23":"instock","24":"taxable","25":"shipping-taxable","26":"purchasable","27":"product-type-simple"},"yoast_head":"<!-- This site is optimized with the Yoast SEO plugin v27.2 - https:\/\/yoast.com\/product\/yoast-seo-wordpress\/ -->\n<title>Taller de Stencil Art - VELLA ESCOLA Cultura Urbana<\/title>\n<meta name=\"description\" content=\"El stencil es una t\u00e9cnica de arte urbana que utiliza plantillas para la realizaci\u00f3n de las obras art\u00edsticas que pueden aplicarse sobre diferentes soportes.\" \/>\n<meta name=\"robots\" content=\"index, follow, max-snippet:-1, max-image-preview:large, max-video-preview:-1\" \/>\n<link rel=\"canonical\" href=\"https:\/\/vellaescola.gal\/gl\/producto\/taller-de-stencil-art\/\" \/>\n<meta property=\"og:locale\" content=\"gl_ES\" \/>\n<meta property=\"og:type\" content=\"article\" \/>\n<meta property=\"og:title\" content=\"Taller de Stencil Art - VELLA ESCOLA Cultura Urbana\" \/>\n<meta property=\"og:description\" content=\"El stencil es una t\u00e9cnica de arte urbana que utiliza plantillas para la realizaci\u00f3n de las obras art\u00edsticas que pueden aplicarse sobre diferentes soportes.\" \/>\n<meta property=\"og:url\" content=\"https:\/\/vellaescola.gal\/gl\/producto\/taller-de-stencil-art\/\" \/>\n<meta property=\"og:site_name\" content=\"VELLA ESCOLA Cultura Urbana\" \/>\n<meta property=\"article:modified_time\" content=\"2026-03-04T15:25:49+00:00\" \/>\n<meta property=\"og:image\" content=\"https:\/\/vellaescola.gal\/wp-content\/uploads\/2024\/07\/Stencil-Web.jpg\" \/>\n\t<meta property=\"og:image:width\" content=\"2001\" \/>\n\t<meta property=\"og:image:height\" content=\"1500\" \/>\n\t<meta property=\"og:image:type\" content=\"image\/jpeg\" \/>\n<meta name=\"twitter:label1\" content=\"Tempo de lectura\" \/>\n\t<meta name=\"twitter:data1\" content=\"1 minuto\" \/>\n<script type=\"application\/ld+json\" class=\"yoast-schema-graph\">{\"@context\":\"https:\/\/schema.org\",\"@graph\":[{\"@type\":\"WebPage\",\"@id\":\"https:\/\/vellaescola.gal\/producto\/taller-de-stencil-art\/\",\"url\":\"https:\/\/vellaescola.gal\/producto\/taller-de-stencil-art\/\",\"name\":\"Taller de Stencil Art - VELLA ESCOLA Cultura Urbana\",\"isPartOf\":{\"@id\":\"https:\/\/vellaescola.gal\/#website\"},\"primaryImageOfPage\":{\"@id\":\"https:\/\/vellaescola.gal\/producto\/taller-de-stencil-art\/#primaryimage\"},\"image\":{\"@id\":\"https:\/\/vellaescola.gal\/producto\/taller-de-stencil-art\/#primaryimage\"},\"thumbnailUrl\":\"https:\/\/vellaescola.gal\/wp-content\/uploads\/2024\/07\/Stencil-Web.jpg\",\"datePublished\":\"2024-07-09T11:08:16+00:00\",\"dateModified\":\"2026-03-04T15:25:49+00:00\",\"description\":\"El stencil es una t\u00e9cnica de arte urbana que utiliza plantillas para la realizaci\u00f3n de las obras art\u00edsticas que pueden aplicarse sobre diferentes soportes.\",\"breadcrumb\":{\"@id\":\"https:\/\/vellaescola.gal\/producto\/taller-de-stencil-art\/#breadcrumb\"},\"inLanguage\":\"gl-ES\",\"potentialAction\":[{\"@type\":\"ReadAction\",\"target\":[\"https:\/\/vellaescola.gal\/producto\/taller-de-stencil-art\/\"]}]},{\"@type\":\"ImageObject\",\"inLanguage\":\"gl-ES\",\"@id\":\"https:\/\/vellaescola.gal\/producto\/taller-de-stencil-art\/#primaryimage\",\"url\":\"https:\/\/vellaescola.gal\/wp-content\/uploads\/2024\/07\/Stencil-Web.jpg\",\"contentUrl\":\"https:\/\/vellaescola.gal\/wp-content\/uploads\/2024\/07\/Stencil-Web.jpg\",\"width\":2001,\"height\":1500},{\"@type\":\"BreadcrumbList\",\"@id\":\"https:\/\/vellaescola.gal\/producto\/taller-de-stencil-art\/#breadcrumb\",\"itemListElement\":[{\"@type\":\"ListItem\",\"position\":1,\"name\":\"Home\",\"item\":\"https:\/\/vellaescola.gal\/\"},{\"@type\":\"ListItem\",\"position\":2,\"name\":\"Productos\",\"item\":\"https:\/\/vellaescola.gal\/shop\/\"},{\"@type\":\"ListItem\",\"position\":3,\"name\":\"Taller de Stencil Art\"}]},{\"@type\":\"WebSite\",\"@id\":\"https:\/\/vellaescola.gal\/#website\",\"url\":\"https:\/\/vellaescola.gal\/\",\"name\":\"VELLA ESCOLA Cultura Urbana\",\"description\":\"L\u00edderes en Cultura Urbana en Galicia desde 2009. Talleres de Graffiti, Skate, Parkour y Breakdance para eventos e instituciones. Murales para empresas y particulares en toda Espa\u00f1a.\",\"potentialAction\":[{\"@type\":\"SearchAction\",\"target\":{\"@type\":\"EntryPoint\",\"urlTemplate\":\"https:\/\/vellaescola.gal\/?s={search_term_string}\"},\"query-input\":{\"@type\":\"PropertyValueSpecification\",\"valueRequired\":true,\"valueName\":\"search_term_string\"}}],\"inLanguage\":\"gl-ES\"}]}<\/script>\n<!-- \/ Yoast SEO plugin. -->","yoast_head_json":{"title":"Obradoiro de arte con estarcido - VELLA ESCOLA Cultura Urbana","description":"El stencil es una t\u00e9cnica de arte urbana que utiliza plantillas para la realizaci\u00f3n de las obras art\u00edsticas que pueden aplicarse sobre diferentes soportes.","robots":{"index":"index","follow":"follow","max-snippet":"max-snippet:-1","max-image-preview":"max-image-preview:large","max-video-preview":"max-video-preview:-1"},"canonical":"https:\/\/vellaescola.gal\/gl\/producto\/taller-de-stencil-art\/","og_locale":"gl_ES","og_type":"article","og_title":"Taller de Stencil Art - VELLA ESCOLA Cultura Urbana","og_description":"El stencil es una t\u00e9cnica de arte urbana que utiliza plantillas para la realizaci\u00f3n de las obras art\u00edsticas que pueden aplicarse sobre diferentes soportes.","og_url":"https:\/\/vellaescola.gal\/gl\/producto\/taller-de-stencil-art\/","og_site_name":"VELLA ESCOLA Cultura Urbana","article_modified_time":"2026-03-04T15:25:49+00:00","og_image":[{"width":2001,"height":1500,"url":"https:\/\/vellaescola.gal\/wp-content\/uploads\/2024\/07\/Stencil-Web.jpg","type":"image\/jpeg"}],"twitter_misc":{"Tempo de lectura":"1 minuto"},"schema":{"@context":"https:\/\/schema.org","@graph":[{"@type":"WebPage","@id":"https:\/\/vellaescola.gal\/producto\/taller-de-stencil-art\/","url":"https:\/\/vellaescola.gal\/producto\/taller-de-stencil-art\/","name":"Obradoiro de arte con estarcido - VELLA ESCOLA Cultura Urbana","isPartOf":{"@id":"https:\/\/vellaescola.gal\/#website"},"primaryImageOfPage":{"@id":"https:\/\/vellaescola.gal\/producto\/taller-de-stencil-art\/#primaryimage"},"image":{"@id":"https:\/\/vellaescola.gal\/producto\/taller-de-stencil-art\/#primaryimage"},"thumbnailUrl":"https:\/\/vellaescola.gal\/wp-content\/uploads\/2024\/07\/Stencil-Web.jpg","datePublished":"2024-07-09T11:08:16+00:00","dateModified":"2026-03-04T15:25:49+00:00","description":"El stencil es una t\u00e9cnica de arte urbana que utiliza plantillas para la realizaci\u00f3n de las obras art\u00edsticas que pueden aplicarse sobre diferentes soportes.","breadcrumb":{"@id":"https:\/\/vellaescola.gal\/producto\/taller-de-stencil-art\/#breadcrumb"},"inLanguage":"gl-ES","potentialAction":[{"@type":"ReadAction","target":["https:\/\/vellaescola.gal\/producto\/taller-de-stencil-art\/"]}]},{"@type":"ImageObject","inLanguage":"gl-ES","@id":"https:\/\/vellaescola.gal\/producto\/taller-de-stencil-art\/#primaryimage","url":"https:\/\/vellaescola.gal\/wp-content\/uploads\/2024\/07\/Stencil-Web.jpg","contentUrl":"https:\/\/vellaescola.gal\/wp-content\/uploads\/2024\/07\/Stencil-Web.jpg","width":2001,"height":1500},{"@type":"BreadcrumbList","@id":"https:\/\/vellaescola.gal\/producto\/taller-de-stencil-art\/#breadcrumb","itemListElement":[{"@type":"ListItem","position":1,"name":"Home","item":"https:\/\/vellaescola.gal\/"},{"@type":"ListItem","position":2,"name":"Productos","item":"https:\/\/vellaescola.gal\/shop\/"},{"@type":"ListItem","position":3,"name":"Taller de Stencil Art"}]},{"@type":"WebSite","@id":"https:\/\/vellaescola.gal\/#website","url":"https:\/\/vellaescola.gal\/","name":"VELLA ESCOLA Cultura Urbana","description":"L\u00edderes en Cultura Urbana en Galicia dende 2009. Obradoiros de Graffiti, Skate, Parkour e Breakdance para eventos e instituci\u00f3ns. Murais para empresas e particulares en toda Espa\u00f1a.","potentialAction":[{"@type":"SearchAction","target":{"@type":"EntryPoint","urlTemplate":"https:\/\/vellaescola.gal\/?s={search_term_string}"},"query-input":{"@type":"PropertyValueSpecification","valueRequired":true,"valueName":"search_term_string"}}],"inLanguage":"gl-ES"}]}},"_links":{"self":[{"href":"https:\/\/vellaescola.gal\/gl\/wp-json\/wp\/v2\/product\/8667","targetHints":{"allow":["GET"]}}],"collection":[{"href":"https:\/\/vellaescola.gal\/gl\/wp-json\/wp\/v2\/product"}],"about":[{"href":"https:\/\/vellaescola.gal\/gl\/wp-json\/wp\/v2\/types\/product"}],"replies":[{"embeddable":true,"href":"https:\/\/vellaescola.gal\/gl\/wp-json\/wp\/v2\/comments?post=8667"}],"wp:featuredmedia":[{"embeddable":true,"href":"https:\/\/vellaescola.gal\/gl\/wp-json\/wp\/v2\/media\/14915"}],"wp:attachment":[{"href":"https:\/\/vellaescola.gal\/gl\/wp-json\/wp\/v2\/media?parent=8667"}],"wp:term":[{"taxonomy":"product_brand","embeddable":true,"href":"https:\/\/vellaescola.gal\/gl\/wp-json\/wp\/v2\/product_brand?post=8667"},{"taxonomy":"product_cat","embeddable":true,"href":"https:\/\/vellaescola.gal\/gl\/wp-json\/wp\/v2\/product_cat?post=8667"},{"taxonomy":"product_tag","embeddable":true,"href":"https:\/\/vellaescola.gal\/gl\/wp-json\/wp\/v2\/product_tag?post=8667"}],"curies":[{"name":"wp","href":"https:\/\/api.w.org\/{rel}","templated":true}]}}