{"id":8666,"date":"2024-04-15T12:02:33","date_gmt":"2024-04-15T11:02:33","guid":{"rendered":"https:\/\/vellaescola.gal\/?post_type=product&#038;p=8666"},"modified":"2026-03-04T16:43:12","modified_gmt":"2026-03-04T15:43:12","slug":"taller-de-cap-paint","status":"publish","type":"product","link":"https:\/\/vellaescola.gal\/gl\/produto\/taller-de-cap-paint\/","title":{"rendered":"Taller de Cap Paint"},"content":{"rendered":"<p>Neste obradoiro aprender\u00e1s as t\u00e9cnicas b\u00e1sicas para decorar a t\u00faa gorra.<\/p>","protected":false},"excerpt":{"rendered":"<p>A gorra trucker apareceu nos Estados Unidos entre as d\u00e9cadas de 1930 e 1960, usado por condutores de cami\u00f3ns e mec\u00e1nicos como parte do seu uniforme. Na d\u00e9cada de 1980, a gorra trucker volveu po\u00f1erse de moda entre os seguidores da cultura hip-hop, especialmente os bailar\u00edns de breakdance, que pintaban a parte dianteira do gorro co seu alcume de b-boy. No noso obradoiro de pintura de gorros de camioneta, crearemos un dese\u00f1o co teu nome ou alcume en letras de grafiti, conseguindo un estilo \u00fanico.<\/p>","protected":false},"featured_media":14910,"comment_status":"open","ping_status":"closed","template":"","meta":[],"product_brand":[],"product_cat":[1350],"product_tag":[1370,1360,1359,1371,1372,1377,1358,1375,1374,1376,1351,1373],"class_list":{"0":"post-8666","1":"product","2":"type-product","3":"status-publish","4":"has-post-thumbnail","6":"product_cat-talleres","7":"product_tag-cap-paint","8":"product_tag-clases","9":"product_tag-curso","10":"product_tag-custom","11":"product_tag-gorras","12":"product_tag-moda","13":"product_tag-obradoiro","14":"product_tag-personalizacion","15":"product_tag-pintura","16":"product_tag-roupa","17":"product_tag-taller","18":"product_tag-trucker","20":"first","21":"instock","22":"taxable","23":"shipping-taxable","24":"purchasable","25":"product-type-simple"},"yoast_head":"<!-- This site is optimized with the Yoast SEO plugin v27.2 - https:\/\/yoast.com\/product\/yoast-seo-wordpress\/ -->\n<title>Taller de Cap Paint - VELLA ESCOLA Cultura Urbana<\/title>\n<meta name=\"description\" content=\"En el taller de pintado de gorras trucker haremos ei dese\u00f1o de nuestro nombre o apodo en letras de Graffiti con un estilo propio.\" \/>\n<meta name=\"robots\" content=\"index, follow, max-snippet:-1, max-image-preview:large, max-video-preview:-1\" \/>\n<link rel=\"canonical\" href=\"https:\/\/vellaescola.gal\/gl\/producto\/taller-de-cap-paint\/\" \/>\n<meta property=\"og:locale\" content=\"gl_ES\" \/>\n<meta property=\"og:type\" content=\"article\" \/>\n<meta property=\"og:title\" content=\"Taller de Cap Paint - VELLA ESCOLA Cultura Urbana\" \/>\n<meta property=\"og:description\" content=\"En el taller de pintado de gorras trucker haremos ei dese\u00f1o de nuestro nombre o apodo en letras de Graffiti con un estilo propio.\" \/>\n<meta property=\"og:url\" content=\"https:\/\/vellaescola.gal\/gl\/producto\/taller-de-cap-paint\/\" \/>\n<meta property=\"og:site_name\" content=\"VELLA ESCOLA Cultura Urbana\" \/>\n<meta property=\"article:modified_time\" content=\"2026-03-04T15:43:12+00:00\" \/>\n<meta property=\"og:image\" content=\"https:\/\/vellaescola.gal\/wp-content\/uploads\/2024\/04\/CapPaint-Web.jpg\" \/>\n\t<meta property=\"og:image:width\" content=\"2001\" \/>\n\t<meta property=\"og:image:height\" content=\"1500\" \/>\n\t<meta property=\"og:image:type\" content=\"image\/jpeg\" \/>\n<meta name=\"twitter:label1\" content=\"Tempo de lectura\" \/>\n\t<meta name=\"twitter:data1\" content=\"1 minuto\" \/>\n<script type=\"application\/ld+json\" class=\"yoast-schema-graph\">{\"@context\":\"https:\/\/schema.org\",\"@graph\":[{\"@type\":\"WebPage\",\"@id\":\"https:\/\/vellaescola.gal\/producto\/taller-de-cap-paint\/\",\"url\":\"https:\/\/vellaescola.gal\/producto\/taller-de-cap-paint\/\",\"name\":\"Taller de Cap Paint - VELLA ESCOLA Cultura Urbana\",\"isPartOf\":{\"@id\":\"https:\/\/vellaescola.gal\/#website\"},\"primaryImageOfPage\":{\"@id\":\"https:\/\/vellaescola.gal\/producto\/taller-de-cap-paint\/#primaryimage\"},\"image\":{\"@id\":\"https:\/\/vellaescola.gal\/producto\/taller-de-cap-paint\/#primaryimage\"},\"thumbnailUrl\":\"https:\/\/vellaescola.gal\/wp-content\/uploads\/2024\/04\/CapPaint-Web.jpg\",\"datePublished\":\"2024-04-15T11:02:33+00:00\",\"dateModified\":\"2026-03-04T15:43:12+00:00\",\"description\":\"En el taller de pintado de gorras trucker haremos ei dese\u00f1o de nuestro nombre o apodo en letras de Graffiti con un estilo propio.\",\"breadcrumb\":{\"@id\":\"https:\/\/vellaescola.gal\/producto\/taller-de-cap-paint\/#breadcrumb\"},\"inLanguage\":\"gl-ES\",\"potentialAction\":[{\"@type\":\"ReadAction\",\"target\":[\"https:\/\/vellaescola.gal\/producto\/taller-de-cap-paint\/\"]}]},{\"@type\":\"ImageObject\",\"inLanguage\":\"gl-ES\",\"@id\":\"https:\/\/vellaescola.gal\/producto\/taller-de-cap-paint\/#primaryimage\",\"url\":\"https:\/\/vellaescola.gal\/wp-content\/uploads\/2024\/04\/CapPaint-Web.jpg\",\"contentUrl\":\"https:\/\/vellaescola.gal\/wp-content\/uploads\/2024\/04\/CapPaint-Web.jpg\",\"width\":2001,\"height\":1500},{\"@type\":\"BreadcrumbList\",\"@id\":\"https:\/\/vellaescola.gal\/producto\/taller-de-cap-paint\/#breadcrumb\",\"itemListElement\":[{\"@type\":\"ListItem\",\"position\":1,\"name\":\"Home\",\"item\":\"https:\/\/vellaescola.gal\/\"},{\"@type\":\"ListItem\",\"position\":2,\"name\":\"Productos\",\"item\":\"https:\/\/vellaescola.gal\/shop\/\"},{\"@type\":\"ListItem\",\"position\":3,\"name\":\"Taller de Cap Paint\"}]},{\"@type\":\"WebSite\",\"@id\":\"https:\/\/vellaescola.gal\/#website\",\"url\":\"https:\/\/vellaescola.gal\/\",\"name\":\"VELLA ESCOLA Cultura Urbana\",\"description\":\"L\u00edderes en Cultura Urbana en Galicia desde 2009. Talleres de Graffiti, Skate, Parkour y Breakdance para eventos e instituciones. Murales para empresas y particulares en toda Espa\u00f1a.\",\"potentialAction\":[{\"@type\":\"SearchAction\",\"target\":{\"@type\":\"EntryPoint\",\"urlTemplate\":\"https:\/\/vellaescola.gal\/?s={search_term_string}\"},\"query-input\":{\"@type\":\"PropertyValueSpecification\",\"valueRequired\":true,\"valueName\":\"search_term_string\"}}],\"inLanguage\":\"gl-ES\"}]}<\/script>\n<!-- \/ Yoast SEO plugin. -->","yoast_head_json":{"title":"Obradoiro de Pintura de Gorras - Cultura Urbana VELLA ESCOLA","description":"No obradoiro de pintado de gorras de camioneta dese\u00f1aremos o noso nome ou alcume en letras de grafiti co noso propio estilo.","robots":{"index":"index","follow":"follow","max-snippet":"max-snippet:-1","max-image-preview":"max-image-preview:large","max-video-preview":"max-video-preview:-1"},"canonical":"https:\/\/vellaescola.gal\/gl\/producto\/taller-de-cap-paint\/","og_locale":"gl_ES","og_type":"article","og_title":"Taller de Cap Paint - VELLA ESCOLA Cultura Urbana","og_description":"En el taller de pintado de gorras trucker haremos ei dese\u00f1o de nuestro nombre o apodo en letras de Graffiti con un estilo propio.","og_url":"https:\/\/vellaescola.gal\/gl\/producto\/taller-de-cap-paint\/","og_site_name":"VELLA ESCOLA Cultura Urbana","article_modified_time":"2026-03-04T15:43:12+00:00","og_image":[{"width":2001,"height":1500,"url":"https:\/\/vellaescola.gal\/wp-content\/uploads\/2024\/04\/CapPaint-Web.jpg","type":"image\/jpeg"}],"twitter_misc":{"Tempo de lectura":"1 minuto"},"schema":{"@context":"https:\/\/schema.org","@graph":[{"@type":"WebPage","@id":"https:\/\/vellaescola.gal\/producto\/taller-de-cap-paint\/","url":"https:\/\/vellaescola.gal\/producto\/taller-de-cap-paint\/","name":"Obradoiro de Pintura de Gorras - Cultura Urbana VELLA ESCOLA","isPartOf":{"@id":"https:\/\/vellaescola.gal\/#website"},"primaryImageOfPage":{"@id":"https:\/\/vellaescola.gal\/producto\/taller-de-cap-paint\/#primaryimage"},"image":{"@id":"https:\/\/vellaescola.gal\/producto\/taller-de-cap-paint\/#primaryimage"},"thumbnailUrl":"https:\/\/vellaescola.gal\/wp-content\/uploads\/2024\/04\/CapPaint-Web.jpg","datePublished":"2024-04-15T11:02:33+00:00","dateModified":"2026-03-04T15:43:12+00:00","description":"No obradoiro de pintado de gorras de camioneta dese\u00f1aremos o noso nome ou alcume en letras de grafiti co noso propio estilo.","breadcrumb":{"@id":"https:\/\/vellaescola.gal\/producto\/taller-de-cap-paint\/#breadcrumb"},"inLanguage":"gl-ES","potentialAction":[{"@type":"ReadAction","target":["https:\/\/vellaescola.gal\/producto\/taller-de-cap-paint\/"]}]},{"@type":"ImageObject","inLanguage":"gl-ES","@id":"https:\/\/vellaescola.gal\/producto\/taller-de-cap-paint\/#primaryimage","url":"https:\/\/vellaescola.gal\/wp-content\/uploads\/2024\/04\/CapPaint-Web.jpg","contentUrl":"https:\/\/vellaescola.gal\/wp-content\/uploads\/2024\/04\/CapPaint-Web.jpg","width":2001,"height":1500},{"@type":"BreadcrumbList","@id":"https:\/\/vellaescola.gal\/producto\/taller-de-cap-paint\/#breadcrumb","itemListElement":[{"@type":"ListItem","position":1,"name":"Home","item":"https:\/\/vellaescola.gal\/"},{"@type":"ListItem","position":2,"name":"Productos","item":"https:\/\/vellaescola.gal\/shop\/"},{"@type":"ListItem","position":3,"name":"Taller de Cap Paint"}]},{"@type":"WebSite","@id":"https:\/\/vellaescola.gal\/#website","url":"https:\/\/vellaescola.gal\/","name":"VELLA ESCOLA Cultura Urbana","description":"L\u00edderes en Cultura Urbana en Galicia dende 2009. Obradoiros de Graffiti, Skate, Parkour e Breakdance para eventos e instituci\u00f3ns. Murais para empresas e particulares en toda Espa\u00f1a.","potentialAction":[{"@type":"SearchAction","target":{"@type":"EntryPoint","urlTemplate":"https:\/\/vellaescola.gal\/?s={search_term_string}"},"query-input":{"@type":"PropertyValueSpecification","valueRequired":true,"valueName":"search_term_string"}}],"inLanguage":"gl-ES"}]}},"_links":{"self":[{"href":"https:\/\/vellaescola.gal\/gl\/wp-json\/wp\/v2\/product\/8666","targetHints":{"allow":["GET"]}}],"collection":[{"href":"https:\/\/vellaescola.gal\/gl\/wp-json\/wp\/v2\/product"}],"about":[{"href":"https:\/\/vellaescola.gal\/gl\/wp-json\/wp\/v2\/types\/product"}],"replies":[{"embeddable":true,"href":"https:\/\/vellaescola.gal\/gl\/wp-json\/wp\/v2\/comments?post=8666"}],"wp:featuredmedia":[{"embeddable":true,"href":"https:\/\/vellaescola.gal\/gl\/wp-json\/wp\/v2\/media\/14910"}],"wp:attachment":[{"href":"https:\/\/vellaescola.gal\/gl\/wp-json\/wp\/v2\/media?parent=8666"}],"wp:term":[{"taxonomy":"product_brand","embeddable":true,"href":"https:\/\/vellaescola.gal\/gl\/wp-json\/wp\/v2\/product_brand?post=8666"},{"taxonomy":"product_cat","embeddable":true,"href":"https:\/\/vellaescola.gal\/gl\/wp-json\/wp\/v2\/product_cat?post=8666"},{"taxonomy":"product_tag","embeddable":true,"href":"https:\/\/vellaescola.gal\/gl\/wp-json\/wp\/v2\/product_tag?post=8666"}],"curies":[{"name":"wp","href":"https:\/\/api.w.org\/{rel}","templated":true}]}}