{"id":8623,"date":"2024-04-14T15:06:04","date_gmt":"2024-04-14T14:06:04","guid":{"rendered":"https:\/\/vellaescola.gal\/?post_type=product&#038;p=8623"},"modified":"2026-03-04T16:46:09","modified_gmt":"2026-03-04T15:46:09","slug":"taller-de-breaking","status":"publish","type":"product","link":"https:\/\/vellaescola.gal\/gl\/produto\/taller-de-breaking\/","title":{"rendered":"Taller de Breaking"},"content":{"rendered":"<p>Neste obradoiro aprender\u00e1s as t\u00e9cnicas b\u00e1sicas do Breakdance.<\/p>","protected":false},"excerpt":{"rendered":"<p>O breaking \u00e9 unha danza que se orixinou nos Estados Unidos a finais da d\u00e9cada de 1970. A maior\u00eda das s\u00faas t\u00e9cnicas real\u00edzanse preto do chan e caracter\u00edzanse por un alto compo\u00f1ente acrob\u00e1tico, con saltos, equilibrios e innumerables xiros espectaculares. Practicar o breaking fomenta o esp\u00edrito de superaci\u00f3n persoal, aumenta a autoestima e estimula a creatividade, xa que ofrece a oportunidade de conectar cos demais e expresarse libremente a trav\u00e9s do movemento.<\/p>","protected":false},"featured_media":14913,"comment_status":"open","ping_status":"closed","template":"","meta":[],"product_brand":[],"product_cat":[1350],"product_tag":[1353,1352,1359,1354,1358,1351],"class_list":{"0":"post-8623","1":"product","2":"type-product","3":"status-publish","4":"has-post-thumbnail","6":"product_cat-talleres","7":"product_tag-breakdance","8":"product_tag-breaking","9":"product_tag-curso","10":"product_tag-danza","11":"product_tag-obradoiro","12":"product_tag-taller","14":"first","15":"instock","16":"taxable","17":"shipping-taxable","18":"purchasable","19":"product-type-simple"},"yoast_head":"<!-- This site is optimized with the Yoast SEO plugin v27.2 - https:\/\/yoast.com\/product\/yoast-seo-wordpress\/ -->\n<title>Taller de Breaking - VELLA ESCOLA Cultura Urbana<\/title>\n<meta name=\"description\" content=\"El Breaking es una danza acrob\u00e1tica originaria de los Estados Unidos nacida a finales de los a\u00f1os 70 y popularizada en la d\u00e9cada de los 80..\" \/>\n<meta name=\"robots\" content=\"index, follow, max-snippet:-1, max-image-preview:large, max-video-preview:-1\" \/>\n<link rel=\"canonical\" href=\"https:\/\/vellaescola.gal\/gl\/producto\/taller-de-breaking\/\" \/>\n<meta property=\"og:locale\" content=\"gl_ES\" \/>\n<meta property=\"og:type\" content=\"article\" \/>\n<meta property=\"og:title\" content=\"Taller de Breaking - VELLA ESCOLA Cultura Urbana\" \/>\n<meta property=\"og:description\" content=\"El Breaking es una danza acrob\u00e1tica originaria de los Estados Unidos nacida a finales de los a\u00f1os 70 y popularizada en la d\u00e9cada de los 80..\" \/>\n<meta property=\"og:url\" content=\"https:\/\/vellaescola.gal\/gl\/producto\/taller-de-breaking\/\" \/>\n<meta property=\"og:site_name\" content=\"VELLA ESCOLA Cultura Urbana\" \/>\n<meta property=\"article:modified_time\" content=\"2026-03-04T15:46:09+00:00\" \/>\n<meta property=\"og:image\" content=\"https:\/\/vellaescola.gal\/wp-content\/uploads\/2024\/04\/Breaking-Web.jpg\" \/>\n\t<meta property=\"og:image:width\" content=\"2001\" \/>\n\t<meta property=\"og:image:height\" content=\"1500\" \/>\n\t<meta property=\"og:image:type\" content=\"image\/jpeg\" \/>\n<meta name=\"twitter:label1\" content=\"Tempo de lectura\" \/>\n\t<meta name=\"twitter:data1\" content=\"1 minuto\" \/>\n<script type=\"application\/ld+json\" class=\"yoast-schema-graph\">{\"@context\":\"https:\/\/schema.org\",\"@graph\":[{\"@type\":\"WebPage\",\"@id\":\"https:\/\/vellaescola.gal\/producto\/taller-de-breaking\/\",\"url\":\"https:\/\/vellaescola.gal\/producto\/taller-de-breaking\/\",\"name\":\"Taller de Breaking - VELLA ESCOLA Cultura Urbana\",\"isPartOf\":{\"@id\":\"https:\/\/vellaescola.gal\/#website\"},\"primaryImageOfPage\":{\"@id\":\"https:\/\/vellaescola.gal\/producto\/taller-de-breaking\/#primaryimage\"},\"image\":{\"@id\":\"https:\/\/vellaescola.gal\/producto\/taller-de-breaking\/#primaryimage\"},\"thumbnailUrl\":\"https:\/\/vellaescola.gal\/wp-content\/uploads\/2024\/04\/Breaking-Web.jpg\",\"datePublished\":\"2024-04-14T14:06:04+00:00\",\"dateModified\":\"2026-03-04T15:46:09+00:00\",\"description\":\"El Breaking es una danza acrob\u00e1tica originaria de los Estados Unidos nacida a finales de los a\u00f1os 70 y popularizada en la d\u00e9cada de los 80..\",\"breadcrumb\":{\"@id\":\"https:\/\/vellaescola.gal\/producto\/taller-de-breaking\/#breadcrumb\"},\"inLanguage\":\"gl-ES\",\"potentialAction\":[{\"@type\":\"ReadAction\",\"target\":[\"https:\/\/vellaescola.gal\/producto\/taller-de-breaking\/\"]}]},{\"@type\":\"ImageObject\",\"inLanguage\":\"gl-ES\",\"@id\":\"https:\/\/vellaescola.gal\/producto\/taller-de-breaking\/#primaryimage\",\"url\":\"https:\/\/vellaescola.gal\/wp-content\/uploads\/2024\/04\/Breaking-Web.jpg\",\"contentUrl\":\"https:\/\/vellaescola.gal\/wp-content\/uploads\/2024\/04\/Breaking-Web.jpg\",\"width\":2001,\"height\":1500},{\"@type\":\"BreadcrumbList\",\"@id\":\"https:\/\/vellaescola.gal\/producto\/taller-de-breaking\/#breadcrumb\",\"itemListElement\":[{\"@type\":\"ListItem\",\"position\":1,\"name\":\"Home\",\"item\":\"https:\/\/vellaescola.gal\/\"},{\"@type\":\"ListItem\",\"position\":2,\"name\":\"Productos\",\"item\":\"https:\/\/vellaescola.gal\/shop\/\"},{\"@type\":\"ListItem\",\"position\":3,\"name\":\"Taller de Breaking\"}]},{\"@type\":\"WebSite\",\"@id\":\"https:\/\/vellaescola.gal\/#website\",\"url\":\"https:\/\/vellaescola.gal\/\",\"name\":\"VELLA ESCOLA Cultura Urbana\",\"description\":\"L\u00edderes en Cultura Urbana en Galicia desde 2009. Talleres de Graffiti, Skate, Parkour y Breakdance para eventos e instituciones. Murales para empresas y particulares en toda Espa\u00f1a.\",\"potentialAction\":[{\"@type\":\"SearchAction\",\"target\":{\"@type\":\"EntryPoint\",\"urlTemplate\":\"https:\/\/vellaescola.gal\/?s={search_term_string}\"},\"query-input\":{\"@type\":\"PropertyValueSpecification\",\"valueRequired\":true,\"valueName\":\"search_term_string\"}}],\"inLanguage\":\"gl-ES\"}]}<\/script>\n<!-- \/ Yoast SEO plugin. -->","yoast_head_json":{"title":"Taller de Breaking - VELLA ESCOLA Cultura Urbana","description":"El Breaking es una danza acrob\u00e1tica originaria de los Estados Unidos nacida a finales de los a\u00f1os 70 y popularizada en la d\u00e9cada de los 80..","robots":{"index":"index","follow":"follow","max-snippet":"max-snippet:-1","max-image-preview":"max-image-preview:large","max-video-preview":"max-video-preview:-1"},"canonical":"https:\/\/vellaescola.gal\/gl\/producto\/taller-de-breaking\/","og_locale":"gl_ES","og_type":"article","og_title":"Taller de Breaking - VELLA ESCOLA Cultura Urbana","og_description":"El Breaking es una danza acrob\u00e1tica originaria de los Estados Unidos nacida a finales de los a\u00f1os 70 y popularizada en la d\u00e9cada de los 80..","og_url":"https:\/\/vellaescola.gal\/gl\/producto\/taller-de-breaking\/","og_site_name":"VELLA ESCOLA Cultura Urbana","article_modified_time":"2026-03-04T15:46:09+00:00","og_image":[{"width":2001,"height":1500,"url":"https:\/\/vellaescola.gal\/wp-content\/uploads\/2024\/04\/Breaking-Web.jpg","type":"image\/jpeg"}],"twitter_misc":{"Tempo de lectura":"1 minuto"},"schema":{"@context":"https:\/\/schema.org","@graph":[{"@type":"WebPage","@id":"https:\/\/vellaescola.gal\/producto\/taller-de-breaking\/","url":"https:\/\/vellaescola.gal\/producto\/taller-de-breaking\/","name":"Taller de Breaking - VELLA ESCOLA Cultura Urbana","isPartOf":{"@id":"https:\/\/vellaescola.gal\/#website"},"primaryImageOfPage":{"@id":"https:\/\/vellaescola.gal\/producto\/taller-de-breaking\/#primaryimage"},"image":{"@id":"https:\/\/vellaescola.gal\/producto\/taller-de-breaking\/#primaryimage"},"thumbnailUrl":"https:\/\/vellaescola.gal\/wp-content\/uploads\/2024\/04\/Breaking-Web.jpg","datePublished":"2024-04-14T14:06:04+00:00","dateModified":"2026-03-04T15:46:09+00:00","description":"El Breaking es una danza acrob\u00e1tica originaria de los Estados Unidos nacida a finales de los a\u00f1os 70 y popularizada en la d\u00e9cada de los 80..","breadcrumb":{"@id":"https:\/\/vellaescola.gal\/producto\/taller-de-breaking\/#breadcrumb"},"inLanguage":"gl-ES","potentialAction":[{"@type":"ReadAction","target":["https:\/\/vellaescola.gal\/producto\/taller-de-breaking\/"]}]},{"@type":"ImageObject","inLanguage":"gl-ES","@id":"https:\/\/vellaescola.gal\/producto\/taller-de-breaking\/#primaryimage","url":"https:\/\/vellaescola.gal\/wp-content\/uploads\/2024\/04\/Breaking-Web.jpg","contentUrl":"https:\/\/vellaescola.gal\/wp-content\/uploads\/2024\/04\/Breaking-Web.jpg","width":2001,"height":1500},{"@type":"BreadcrumbList","@id":"https:\/\/vellaescola.gal\/producto\/taller-de-breaking\/#breadcrumb","itemListElement":[{"@type":"ListItem","position":1,"name":"Home","item":"https:\/\/vellaescola.gal\/"},{"@type":"ListItem","position":2,"name":"Productos","item":"https:\/\/vellaescola.gal\/shop\/"},{"@type":"ListItem","position":3,"name":"Taller de Breaking"}]},{"@type":"WebSite","@id":"https:\/\/vellaescola.gal\/#website","url":"https:\/\/vellaescola.gal\/","name":"VELLA ESCOLA Cultura Urbana","description":"L\u00edderes en Cultura Urbana en Galicia dende 2009. Obradoiros de Graffiti, Skate, Parkour e Breakdance para eventos e instituci\u00f3ns. Murais para empresas e particulares en toda Espa\u00f1a.","potentialAction":[{"@type":"SearchAction","target":{"@type":"EntryPoint","urlTemplate":"https:\/\/vellaescola.gal\/?s={search_term_string}"},"query-input":{"@type":"PropertyValueSpecification","valueRequired":true,"valueName":"search_term_string"}}],"inLanguage":"gl-ES"}]}},"_links":{"self":[{"href":"https:\/\/vellaescola.gal\/gl\/wp-json\/wp\/v2\/product\/8623","targetHints":{"allow":["GET"]}}],"collection":[{"href":"https:\/\/vellaescola.gal\/gl\/wp-json\/wp\/v2\/product"}],"about":[{"href":"https:\/\/vellaescola.gal\/gl\/wp-json\/wp\/v2\/types\/product"}],"replies":[{"embeddable":true,"href":"https:\/\/vellaescola.gal\/gl\/wp-json\/wp\/v2\/comments?post=8623"}],"wp:featuredmedia":[{"embeddable":true,"href":"https:\/\/vellaescola.gal\/gl\/wp-json\/wp\/v2\/media\/14913"}],"wp:attachment":[{"href":"https:\/\/vellaescola.gal\/gl\/wp-json\/wp\/v2\/media?parent=8623"}],"wp:term":[{"taxonomy":"product_brand","embeddable":true,"href":"https:\/\/vellaescola.gal\/gl\/wp-json\/wp\/v2\/product_brand?post=8623"},{"taxonomy":"product_cat","embeddable":true,"href":"https:\/\/vellaescola.gal\/gl\/wp-json\/wp\/v2\/product_cat?post=8623"},{"taxonomy":"product_tag","embeddable":true,"href":"https:\/\/vellaescola.gal\/gl\/wp-json\/wp\/v2\/product_tag?post=8623"}],"curies":[{"name":"wp","href":"https:\/\/api.w.org\/{rel}","templated":true}]}}