{"id":16402,"date":"2026-02-08T09:22:08","date_gmt":"2026-02-08T08:22:08","guid":{"rendered":"https:\/\/vellaescola.gal\/?post_type=product&#038;p=16402"},"modified":"2026-03-10T15:45:36","modified_gmt":"2026-03-10T14:45:36","slug":"world-chase-tag-quad","status":"publish","type":"product","link":"https:\/\/vellaescola.gal\/gl\/produto\/world-chase-tag-quad\/","title":{"rendered":"World Chase Tag Quad"},"content":{"rendered":"<div class=\"mkdf-pli-image\">\n<p>Aluguer de Quad oficial do World Chase Tag (deporte de pilla pilla con obst\u00e1culos). O WCT \u00e9 a primeira competici\u00f3n profesional de Tag do mundo. 20 segundos. Un chaser. Un evader. A proba definitiva de velocidade, axilidade e parkour.<br \/>\n\u2013<\/p>\n<p>&nbsp;<\/p>\n<p>ESPECIFICACI\u00d3NS:<\/p>\n<p>&nbsp;<\/p>\n<ul>\n<li>1 x Quad oficial WCT (8 x 8 m)<\/li>\n<li>Per\u00edmetro (9 x 9 m)<\/li>\n<li>Sistema de puntuaci\u00f3n da APP<\/li>\n<li>Marcador LED instalado en truss<\/li>\n<\/ul>\n<\/div>\n<p>&nbsp;<\/p>\n<p><strong>+INFORMACI\u00d3N:<\/strong> <a href=\"https:\/\/vellaescola.gal\/world-chase-tag\/\">https:\/\/vellaescola.gal\/world-chase-tag\/<\/a><\/p>\n<p>&nbsp;<\/p>","protected":false},"excerpt":{"rendered":"<p>https:\/\/vimeo.com\/1160999364<\/p>\n<p>Aluguer de parque oficial quad de World Chase Tag (pilla pilla con obst\u00e1culos).<\/p>\n<p>&nbsp;<\/p>","protected":false},"featured_media":16407,"comment_status":"open","ping_status":"closed","template":"","meta":[],"product_brand":[],"product_cat":[1445],"product_tag":[1565,1561,1419,1466,1367,1475,1448,1563,1564,1407,1452,1560,1562],"class_list":{"0":"post-16402","1":"product","2":"type-product","3":"status-publish","4":"has-post-thumbnail","6":"product_cat-parques","7":"product_tag-ana","8":"product_tag-chase-tag","9":"product_tag-galicia","10":"product_tag-park","11":"product_tag-parkour","12":"product_tag-parque-de-barras","13":"product_tag-parque-urbano","14":"product_tag-pilla-pilla","15":"product_tag-tag","16":"product_tag-urban","17":"product_tag-vella-escola","18":"product_tag-wct","19":"product_tag-world-chase-tag","21":"first","22":"instock","23":"taxable","24":"shipping-taxable","25":"purchasable","26":"product-type-simple"},"yoast_head":"<!-- This site is optimized with the Yoast SEO plugin v27.2 - https:\/\/yoast.com\/product\/yoast-seo-wordpress\/ -->\n<title>World Chase Tag Quad - VELLA ESCOLA Cultura Urbana<\/title>\n<meta name=\"description\" content=\"Aluquiler de parque oficial Quad de World Chase Tag. WCT es la primera competici\u00f3n profesional de Tag (pilla pilla) a nivel mundial.\" \/>\n<meta name=\"robots\" content=\"index, follow, max-snippet:-1, max-image-preview:large, max-video-preview:-1\" \/>\n<link rel=\"canonical\" href=\"https:\/\/vellaescola.gal\/gl\/producto\/world-chase-tag-quad\/\" \/>\n<meta property=\"og:locale\" content=\"gl_ES\" \/>\n<meta property=\"og:type\" content=\"article\" \/>\n<meta property=\"og:title\" content=\"World Chase Tag Quad\" \/>\n<meta property=\"og:description\" content=\"Aluguer de parque oficial Quad de World Chase Tag (pilla pilla con obst\u00e1culos). WCT \u00e9 a primeira competici\u00f3n profesional de Tag (pilla pilla) a nivel mundial. 20 Segundos.\" \/>\n<meta property=\"og:url\" content=\"https:\/\/vellaescola.gal\/gl\/producto\/world-chase-tag-quad\/\" \/>\n<meta property=\"og:site_name\" content=\"VELLA ESCOLA Cultura Urbana\" \/>\n<meta property=\"article:modified_time\" content=\"2026-03-10T14:45:36+00:00\" \/>\n<meta property=\"og:image\" content=\"https:\/\/vellaescola.gal\/wp-content\/uploads\/2026\/02\/wct_web_01.jpg\" \/>\n\t<meta property=\"og:image:width\" content=\"2048\" \/>\n\t<meta property=\"og:image:height\" content=\"1310\" \/>\n\t<meta property=\"og:image:type\" content=\"image\/jpeg\" \/>\n<meta name=\"twitter:label1\" content=\"Tempo de lectura\" \/>\n\t<meta name=\"twitter:data1\" content=\"1 minuto\" \/>\n<script type=\"application\/ld+json\" class=\"yoast-schema-graph\">{\"@context\":\"https:\/\/schema.org\",\"@graph\":[{\"@type\":\"WebPage\",\"@id\":\"https:\/\/vellaescola.gal\/producto\/world-chase-tag-quad\/\",\"url\":\"https:\/\/vellaescola.gal\/producto\/world-chase-tag-quad\/\",\"name\":\"World Chase Tag Quad - VELLA ESCOLA Cultura Urbana\",\"isPartOf\":{\"@id\":\"https:\/\/vellaescola.gal\/#website\"},\"primaryImageOfPage\":{\"@id\":\"https:\/\/vellaescola.gal\/producto\/world-chase-tag-quad\/#primaryimage\"},\"image\":{\"@id\":\"https:\/\/vellaescola.gal\/producto\/world-chase-tag-quad\/#primaryimage\"},\"thumbnailUrl\":\"https:\/\/vellaescola.gal\/wp-content\/uploads\/2026\/02\/Trans_wct_02.png\",\"datePublished\":\"2026-02-08T08:22:08+00:00\",\"dateModified\":\"2026-03-10T14:45:36+00:00\",\"description\":\"Aluquiler de parque oficial Quad de World Chase Tag. WCT es la primera competici\u00f3n profesional de Tag (pilla pilla) a nivel mundial.\",\"breadcrumb\":{\"@id\":\"https:\/\/vellaescola.gal\/producto\/world-chase-tag-quad\/#breadcrumb\"},\"inLanguage\":\"gl-ES\",\"potentialAction\":[{\"@type\":\"ReadAction\",\"target\":[\"https:\/\/vellaescola.gal\/producto\/world-chase-tag-quad\/\"]}]},{\"@type\":\"ImageObject\",\"inLanguage\":\"gl-ES\",\"@id\":\"https:\/\/vellaescola.gal\/producto\/world-chase-tag-quad\/#primaryimage\",\"url\":\"https:\/\/vellaescola.gal\/wp-content\/uploads\/2026\/02\/Trans_wct_02.png\",\"contentUrl\":\"https:\/\/vellaescola.gal\/wp-content\/uploads\/2026\/02\/Trans_wct_02.png\",\"width\":851,\"height\":851,\"caption\":\"World Chase Tag Quad\"},{\"@type\":\"BreadcrumbList\",\"@id\":\"https:\/\/vellaescola.gal\/producto\/world-chase-tag-quad\/#breadcrumb\",\"itemListElement\":[{\"@type\":\"ListItem\",\"position\":1,\"name\":\"Home\",\"item\":\"https:\/\/vellaescola.gal\/\"},{\"@type\":\"ListItem\",\"position\":2,\"name\":\"Productos\",\"item\":\"https:\/\/vellaescola.gal\/shop\/\"},{\"@type\":\"ListItem\",\"position\":3,\"name\":\"World Chase Tag Quad\"}]},{\"@type\":\"WebSite\",\"@id\":\"https:\/\/vellaescola.gal\/#website\",\"url\":\"https:\/\/vellaescola.gal\/\",\"name\":\"VELLA ESCOLA Cultura Urbana\",\"description\":\"L\u00edderes en Cultura Urbana en Galicia desde 2009. Talleres de Graffiti, Skate, Parkour y Breakdance para eventos e instituciones. Murales para empresas y particulares en toda Espa\u00f1a.\",\"potentialAction\":[{\"@type\":\"SearchAction\",\"target\":{\"@type\":\"EntryPoint\",\"urlTemplate\":\"https:\/\/vellaescola.gal\/?s={search_term_string}\"},\"query-input\":{\"@type\":\"PropertyValueSpecification\",\"valueRequired\":true,\"valueName\":\"search_term_string\"}}],\"inLanguage\":\"gl-ES\"}]}<\/script>\n<!-- \/ Yoast SEO plugin. -->","yoast_head_json":{"title":"World Chase Tag Quad - VELLA ESCOLA Cultura Urbana","description":"Aluquiler de parque oficial Quad de World Chase Tag. WCT es la primera competici\u00f3n profesional de Tag (pilla pilla) a nivel mundial.","robots":{"index":"index","follow":"follow","max-snippet":"max-snippet:-1","max-image-preview":"max-image-preview:large","max-video-preview":"max-video-preview:-1"},"canonical":"https:\/\/vellaescola.gal\/gl\/producto\/world-chase-tag-quad\/","og_locale":"gl_ES","og_type":"article","og_title":"World Chase Tag Quad","og_description":"Aluguer de parque oficial Quad de World Chase Tag (pilla pilla con obst\u00e1culos). WCT \u00e9 a primeira competici\u00f3n profesional de Tag (pilla pilla) a nivel mundial. 20 Segundos.","og_url":"https:\/\/vellaescola.gal\/gl\/producto\/world-chase-tag-quad\/","og_site_name":"VELLA ESCOLA Cultura Urbana","article_modified_time":"2026-03-10T14:45:36+00:00","og_image":[{"width":2048,"height":1310,"url":"https:\/\/vellaescola.gal\/wp-content\/uploads\/2026\/02\/wct_web_01.jpg","type":"image\/jpeg"}],"twitter_misc":{"Tempo de lectura":"1 minuto"},"schema":{"@context":"https:\/\/schema.org","@graph":[{"@type":"WebPage","@id":"https:\/\/vellaescola.gal\/producto\/world-chase-tag-quad\/","url":"https:\/\/vellaescola.gal\/producto\/world-chase-tag-quad\/","name":"World Chase Tag Quad - VELLA ESCOLA Cultura Urbana","isPartOf":{"@id":"https:\/\/vellaescola.gal\/#website"},"primaryImageOfPage":{"@id":"https:\/\/vellaescola.gal\/producto\/world-chase-tag-quad\/#primaryimage"},"image":{"@id":"https:\/\/vellaescola.gal\/producto\/world-chase-tag-quad\/#primaryimage"},"thumbnailUrl":"https:\/\/vellaescola.gal\/wp-content\/uploads\/2026\/02\/Trans_wct_02.png","datePublished":"2026-02-08T08:22:08+00:00","dateModified":"2026-03-10T14:45:36+00:00","description":"Aluquiler de parque oficial Quad de World Chase Tag. WCT es la primera competici\u00f3n profesional de Tag (pilla pilla) a nivel mundial.","breadcrumb":{"@id":"https:\/\/vellaescola.gal\/producto\/world-chase-tag-quad\/#breadcrumb"},"inLanguage":"gl-ES","potentialAction":[{"@type":"ReadAction","target":["https:\/\/vellaescola.gal\/producto\/world-chase-tag-quad\/"]}]},{"@type":"ImageObject","inLanguage":"gl-ES","@id":"https:\/\/vellaescola.gal\/producto\/world-chase-tag-quad\/#primaryimage","url":"https:\/\/vellaescola.gal\/wp-content\/uploads\/2026\/02\/Trans_wct_02.png","contentUrl":"https:\/\/vellaescola.gal\/wp-content\/uploads\/2026\/02\/Trans_wct_02.png","width":851,"height":851,"caption":"World Chase Tag Quad"},{"@type":"BreadcrumbList","@id":"https:\/\/vellaescola.gal\/producto\/world-chase-tag-quad\/#breadcrumb","itemListElement":[{"@type":"ListItem","position":1,"name":"Home","item":"https:\/\/vellaescola.gal\/"},{"@type":"ListItem","position":2,"name":"Productos","item":"https:\/\/vellaescola.gal\/shop\/"},{"@type":"ListItem","position":3,"name":"World Chase Tag Quad"}]},{"@type":"WebSite","@id":"https:\/\/vellaescola.gal\/#website","url":"https:\/\/vellaescola.gal\/","name":"VELLA ESCOLA Cultura Urbana","description":"L\u00edderes en Cultura Urbana en Galicia dende 2009. Obradoiros de Graffiti, Skate, Parkour e Breakdance para eventos e instituci\u00f3ns. Murais para empresas e particulares en toda Espa\u00f1a.","potentialAction":[{"@type":"SearchAction","target":{"@type":"EntryPoint","urlTemplate":"https:\/\/vellaescola.gal\/?s={search_term_string}"},"query-input":{"@type":"PropertyValueSpecification","valueRequired":true,"valueName":"search_term_string"}}],"inLanguage":"gl-ES"}]}},"_links":{"self":[{"href":"https:\/\/vellaescola.gal\/gl\/wp-json\/wp\/v2\/product\/16402","targetHints":{"allow":["GET"]}}],"collection":[{"href":"https:\/\/vellaescola.gal\/gl\/wp-json\/wp\/v2\/product"}],"about":[{"href":"https:\/\/vellaescola.gal\/gl\/wp-json\/wp\/v2\/types\/product"}],"replies":[{"embeddable":true,"href":"https:\/\/vellaescola.gal\/gl\/wp-json\/wp\/v2\/comments?post=16402"}],"wp:featuredmedia":[{"embeddable":true,"href":"https:\/\/vellaescola.gal\/gl\/wp-json\/wp\/v2\/media\/16407"}],"wp:attachment":[{"href":"https:\/\/vellaescola.gal\/gl\/wp-json\/wp\/v2\/media?parent=16402"}],"wp:term":[{"taxonomy":"product_brand","embeddable":true,"href":"https:\/\/vellaescola.gal\/gl\/wp-json\/wp\/v2\/product_brand?post=16402"},{"taxonomy":"product_cat","embeddable":true,"href":"https:\/\/vellaescola.gal\/gl\/wp-json\/wp\/v2\/product_cat?post=16402"},{"taxonomy":"product_tag","embeddable":true,"href":"https:\/\/vellaescola.gal\/gl\/wp-json\/wp\/v2\/product_tag?post=16402"}],"curies":[{"name":"wp","href":"https:\/\/api.w.org\/{rel}","templated":true}]}}