{"id":14937,"date":"2026-01-07T12:07:25","date_gmt":"2026-01-07T11:07:25","guid":{"rendered":"https:\/\/vellaescola.gal\/?post_type=product&#038;p=14937"},"modified":"2026-03-04T16:50:28","modified_gmt":"2026-03-04T15:50:28","slug":"arcade-all-in-one","status":"publish","type":"product","link":"https:\/\/vellaescola.gal\/gl\/produto\/arcade-all-in-one\/","title":{"rendered":"Arcade All In One"},"content":{"rendered":"<p>Esta m\u00e1quina recreativa est\u00e1 dispo\u00f1ible para alugar e incl\u00fae:<\/p>\n<ul>\n<li>3000 xogos arcade, 3D e para PC.<\/li>\n<li>2 pistolas Aimtrack para xogos de disparos.<\/li>\n<li>Teclado e rato para xogos de PC.<\/li>\n<li>Pantalla XL de 24 polgadas.<\/li>\n<li>Funci\u00f3n de gardar a partida.<\/li>\n<li>2 xogadores.<\/li>\n<\/ul>","protected":false},"excerpt":{"rendered":"<div class=\"mkdf-pli-image\">Soluci\u00f3n de m\u00e1quinas recreativas que emprega un sistema Windows con m\u00e1is de 3000 xogos recreativos e de PC. Tam\u00e9n ten pistolas Aimtrack para xogos de disparos.<\/div>","protected":false},"featured_media":14938,"comment_status":"open","ping_status":"closed","template":"","meta":[],"product_brand":[],"product_cat":[1416],"product_tag":[1423,1424,1526,1524,1418,1420,1425,1527,1419,1422,1525,1417,1421,1432],"class_list":{"0":"post-14937","1":"product","2":"type-product","3":"status-publish","4":"has-post-thumbnail","6":"product_cat-recreativas","7":"product_tag-80s","8":"product_tag-90s","9":"product_tag-aimtrack","10":"product_tag-all-in-one","11":"product_tag-alquiler-de-recreativas-galicia","12":"product_tag-arcade","13":"product_tag-bartop","14":"product_tag-disparos","15":"product_tag-galicia","16":"product_tag-gaming","17":"product_tag-pc","18":"product_tag-recreativa","19":"product_tag-retro","20":"product_tag-shooter","22":"first","23":"instock","24":"taxable","25":"shipping-taxable","26":"purchasable","27":"product-type-simple"},"yoast_head":"<!-- This site is optimized with the Yoast SEO plugin v27.2 - https:\/\/yoast.com\/product\/yoast-seo-wordpress\/ -->\n<title>Arcade All In One - VELLA ESCOLA Cultura Urbana<\/title>\n<meta name=\"description\" content=\"Alquiler de m\u00e1quina arcade todo en uno que monta sistema Windows con m\u00e1s de 3.000 juegos arcade y que incluye juegos de PC.\" \/>\n<meta name=\"robots\" content=\"index, follow, max-snippet:-1, max-image-preview:large, max-video-preview:-1\" \/>\n<link rel=\"canonical\" href=\"https:\/\/vellaescola.gal\/gl\/producto\/arcade-all-in-one\/\" \/>\n<meta property=\"og:locale\" content=\"gl_ES\" \/>\n<meta property=\"og:type\" content=\"article\" \/>\n<meta property=\"og:title\" content=\"Arcade All In One - VELLA ESCOLA Cultura Urbana\" \/>\n<meta property=\"og:description\" content=\"Alquiler de m\u00e1quina arcade todo en uno que monta sistema Windows con m\u00e1s de 3.000 juegos arcade y que incluye juegos de PC.\" \/>\n<meta property=\"og:url\" content=\"https:\/\/vellaescola.gal\/gl\/producto\/arcade-all-in-one\/\" \/>\n<meta property=\"og:site_name\" content=\"VELLA ESCOLA Cultura Urbana\" \/>\n<meta property=\"article:modified_time\" content=\"2026-03-04T15:50:28+00:00\" \/>\n<meta property=\"og:image\" content=\"https:\/\/vellaescola.gal\/wp-content\/uploads\/2026\/01\/Trans_Arcade_All_In_One.png\" \/>\n\t<meta property=\"og:image:width\" content=\"851\" \/>\n\t<meta property=\"og:image:height\" content=\"851\" \/>\n\t<meta property=\"og:image:type\" content=\"image\/png\" \/>\n<meta name=\"twitter:label1\" content=\"Tempo de lectura\" \/>\n\t<meta name=\"twitter:data1\" content=\"1 minuto\" \/>\n<script type=\"application\/ld+json\" class=\"yoast-schema-graph\">{\"@context\":\"https:\/\/schema.org\",\"@graph\":[{\"@type\":\"WebPage\",\"@id\":\"https:\/\/vellaescola.gal\/producto\/arcade-all-in-one\/\",\"url\":\"https:\/\/vellaescola.gal\/producto\/arcade-all-in-one\/\",\"name\":\"Arcade All In One - VELLA ESCOLA Cultura Urbana\",\"isPartOf\":{\"@id\":\"https:\/\/vellaescola.gal\/#website\"},\"primaryImageOfPage\":{\"@id\":\"https:\/\/vellaescola.gal\/producto\/arcade-all-in-one\/#primaryimage\"},\"image\":{\"@id\":\"https:\/\/vellaescola.gal\/producto\/arcade-all-in-one\/#primaryimage\"},\"thumbnailUrl\":\"https:\/\/vellaescola.gal\/wp-content\/uploads\/2026\/01\/Trans_Arcade_All_In_One.png\",\"datePublished\":\"2026-01-07T11:07:25+00:00\",\"dateModified\":\"2026-03-04T15:50:28+00:00\",\"description\":\"Alquiler de m\u00e1quina arcade todo en uno que monta sistema Windows con m\u00e1s de 3.000 juegos arcade y que incluye juegos de PC.\",\"breadcrumb\":{\"@id\":\"https:\/\/vellaescola.gal\/producto\/arcade-all-in-one\/#breadcrumb\"},\"inLanguage\":\"gl-ES\",\"potentialAction\":[{\"@type\":\"ReadAction\",\"target\":[\"https:\/\/vellaescola.gal\/producto\/arcade-all-in-one\/\"]}]},{\"@type\":\"ImageObject\",\"inLanguage\":\"gl-ES\",\"@id\":\"https:\/\/vellaescola.gal\/producto\/arcade-all-in-one\/#primaryimage\",\"url\":\"https:\/\/vellaescola.gal\/wp-content\/uploads\/2026\/01\/Trans_Arcade_All_In_One.png\",\"contentUrl\":\"https:\/\/vellaescola.gal\/wp-content\/uploads\/2026\/01\/Trans_Arcade_All_In_One.png\",\"width\":851,\"height\":851},{\"@type\":\"BreadcrumbList\",\"@id\":\"https:\/\/vellaescola.gal\/producto\/arcade-all-in-one\/#breadcrumb\",\"itemListElement\":[{\"@type\":\"ListItem\",\"position\":1,\"name\":\"Home\",\"item\":\"https:\/\/vellaescola.gal\/\"},{\"@type\":\"ListItem\",\"position\":2,\"name\":\"Productos\",\"item\":\"https:\/\/vellaescola.gal\/shop\/\"},{\"@type\":\"ListItem\",\"position\":3,\"name\":\"Arcade All In One\"}]},{\"@type\":\"WebSite\",\"@id\":\"https:\/\/vellaescola.gal\/#website\",\"url\":\"https:\/\/vellaescola.gal\/\",\"name\":\"VELLA ESCOLA Cultura Urbana\",\"description\":\"L\u00edderes en Cultura Urbana en Galicia desde 2009. Talleres de Graffiti, Skate, Parkour y Breakdance para eventos e instituciones. Murales para empresas y particulares en toda Espa\u00f1a.\",\"potentialAction\":[{\"@type\":\"SearchAction\",\"target\":{\"@type\":\"EntryPoint\",\"urlTemplate\":\"https:\/\/vellaescola.gal\/?s={search_term_string}\"},\"query-input\":{\"@type\":\"PropertyValueSpecification\",\"valueRequired\":true,\"valueName\":\"search_term_string\"}}],\"inLanguage\":\"gl-ES\"}]}<\/script>\n<!-- \/ Yoast SEO plugin. -->","yoast_head_json":{"title":"Arcade All In One - VELLA ESCOLA Cultura Urbana","description":"Alquiler de m\u00e1quina arcade todo en uno que monta sistema Windows con m\u00e1s de 3.000 juegos arcade y que incluye juegos de PC.","robots":{"index":"index","follow":"follow","max-snippet":"max-snippet:-1","max-image-preview":"max-image-preview:large","max-video-preview":"max-video-preview:-1"},"canonical":"https:\/\/vellaescola.gal\/gl\/producto\/arcade-all-in-one\/","og_locale":"gl_ES","og_type":"article","og_title":"Arcade All In One - VELLA ESCOLA Cultura Urbana","og_description":"Alquiler de m\u00e1quina arcade todo en uno que monta sistema Windows con m\u00e1s de 3.000 juegos arcade y que incluye juegos de PC.","og_url":"https:\/\/vellaescola.gal\/gl\/producto\/arcade-all-in-one\/","og_site_name":"VELLA ESCOLA Cultura Urbana","article_modified_time":"2026-03-04T15:50:28+00:00","og_image":[{"width":851,"height":851,"url":"https:\/\/vellaescola.gal\/wp-content\/uploads\/2026\/01\/Trans_Arcade_All_In_One.png","type":"image\/png"}],"twitter_misc":{"Tempo de lectura":"1 minuto"},"schema":{"@context":"https:\/\/schema.org","@graph":[{"@type":"WebPage","@id":"https:\/\/vellaescola.gal\/producto\/arcade-all-in-one\/","url":"https:\/\/vellaescola.gal\/producto\/arcade-all-in-one\/","name":"Arcade All In One - VELLA ESCOLA Cultura Urbana","isPartOf":{"@id":"https:\/\/vellaescola.gal\/#website"},"primaryImageOfPage":{"@id":"https:\/\/vellaescola.gal\/producto\/arcade-all-in-one\/#primaryimage"},"image":{"@id":"https:\/\/vellaescola.gal\/producto\/arcade-all-in-one\/#primaryimage"},"thumbnailUrl":"https:\/\/vellaescola.gal\/wp-content\/uploads\/2026\/01\/Trans_Arcade_All_In_One.png","datePublished":"2026-01-07T11:07:25+00:00","dateModified":"2026-03-04T15:50:28+00:00","description":"Alquiler de m\u00e1quina arcade todo en uno que monta sistema Windows con m\u00e1s de 3.000 juegos arcade y que incluye juegos de PC.","breadcrumb":{"@id":"https:\/\/vellaescola.gal\/producto\/arcade-all-in-one\/#breadcrumb"},"inLanguage":"gl-ES","potentialAction":[{"@type":"ReadAction","target":["https:\/\/vellaescola.gal\/producto\/arcade-all-in-one\/"]}]},{"@type":"ImageObject","inLanguage":"gl-ES","@id":"https:\/\/vellaescola.gal\/producto\/arcade-all-in-one\/#primaryimage","url":"https:\/\/vellaescola.gal\/wp-content\/uploads\/2026\/01\/Trans_Arcade_All_In_One.png","contentUrl":"https:\/\/vellaescola.gal\/wp-content\/uploads\/2026\/01\/Trans_Arcade_All_In_One.png","width":851,"height":851},{"@type":"BreadcrumbList","@id":"https:\/\/vellaescola.gal\/producto\/arcade-all-in-one\/#breadcrumb","itemListElement":[{"@type":"ListItem","position":1,"name":"Home","item":"https:\/\/vellaescola.gal\/"},{"@type":"ListItem","position":2,"name":"Productos","item":"https:\/\/vellaescola.gal\/shop\/"},{"@type":"ListItem","position":3,"name":"Arcade All In One"}]},{"@type":"WebSite","@id":"https:\/\/vellaescola.gal\/#website","url":"https:\/\/vellaescola.gal\/","name":"VELLA ESCOLA Cultura Urbana","description":"L\u00edderes en Cultura Urbana en Galicia dende 2009. Obradoiros de Graffiti, Skate, Parkour e Breakdance para eventos e instituci\u00f3ns. Murais para empresas e particulares en toda Espa\u00f1a.","potentialAction":[{"@type":"SearchAction","target":{"@type":"EntryPoint","urlTemplate":"https:\/\/vellaescola.gal\/?s={search_term_string}"},"query-input":{"@type":"PropertyValueSpecification","valueRequired":true,"valueName":"search_term_string"}}],"inLanguage":"gl-ES"}]}},"_links":{"self":[{"href":"https:\/\/vellaescola.gal\/gl\/wp-json\/wp\/v2\/product\/14937","targetHints":{"allow":["GET"]}}],"collection":[{"href":"https:\/\/vellaescola.gal\/gl\/wp-json\/wp\/v2\/product"}],"about":[{"href":"https:\/\/vellaescola.gal\/gl\/wp-json\/wp\/v2\/types\/product"}],"replies":[{"embeddable":true,"href":"https:\/\/vellaescola.gal\/gl\/wp-json\/wp\/v2\/comments?post=14937"}],"wp:featuredmedia":[{"embeddable":true,"href":"https:\/\/vellaescola.gal\/gl\/wp-json\/wp\/v2\/media\/14938"}],"wp:attachment":[{"href":"https:\/\/vellaescola.gal\/gl\/wp-json\/wp\/v2\/media?parent=14937"}],"wp:term":[{"taxonomy":"product_brand","embeddable":true,"href":"https:\/\/vellaescola.gal\/gl\/wp-json\/wp\/v2\/product_brand?post=14937"},{"taxonomy":"product_cat","embeddable":true,"href":"https:\/\/vellaescola.gal\/gl\/wp-json\/wp\/v2\/product_cat?post=14937"},{"taxonomy":"product_tag","embeddable":true,"href":"https:\/\/vellaescola.gal\/gl\/wp-json\/wp\/v2\/product_tag?post=14937"}],"curies":[{"name":"wp","href":"https:\/\/api.w.org\/{rel}","templated":true}]}}