{"id":13009,"date":"2025-10-30T16:29:48","date_gmt":"2025-10-30T15:29:48","guid":{"rendered":"https:\/\/vellaescola.gal\/?post_type=product&#038;p=13009"},"modified":"2026-03-04T16:51:34","modified_gmt":"2026-03-04T15:51:34","slug":"gameboy-xxl","status":"publish","type":"product","link":"https:\/\/vellaescola.gal\/gl\/produto\/gameboy-xxl\/","title":{"rendered":"GameBoy XXL"},"content":{"rendered":"<p>Esta m\u00e1quina recreativa est\u00e1 dispo\u00f1ible para alugar e incl\u00fae:<\/p>\n<ul>\n<li>GameBoy XXL, 3 m de altura, cunha pantalla de 75 polgadas.<\/li>\n<li>Sistema Pandora Box con 3.000 xogos arcade.<\/li>\n<li>Controladores inal\u00e1mbricos para arcade.<\/li>\n<li>Banco de parque para xogar sentado (opcional).<\/li>\n<li>Funci\u00f3n de gardar a partida.<\/li>\n<li>2 xogadores.<\/li>\n<\/ul>","protected":false},"excerpt":{"rendered":"<p>Aluguer dunha m\u00e1quina recreativa GameBoy XXL, de 3 metros de altura, cunha pantalla de 75 polgadas, sistema Pandora Box con 3000 xogos e mandos sen f\u00edos.<\/p>","protected":false},"featured_media":13010,"comment_status":"open","ping_status":"closed","template":"","meta":[],"product_brand":[],"product_cat":[1416],"product_tag":[1423,1424,1418,1420,1425,1500,1419,1512,1422,1513,1417,1421],"class_list":{"0":"post-13009","1":"product","2":"type-product","3":"status-publish","4":"has-post-thumbnail","6":"product_cat-recreativas","7":"product_tag-80s","8":"product_tag-90s","9":"product_tag-alquiler-de-recreativas-galicia","10":"product_tag-arcade","11":"product_tag-bartop","12":"product_tag-cambio","13":"product_tag-galicia","14":"product_tag-gameboy-xxl","15":"product_tag-gaming","16":"product_tag-pandora-box","17":"product_tag-recreativa","18":"product_tag-retro","20":"first","21":"instock","22":"taxable","23":"shipping-taxable","24":"purchasable","25":"product-type-simple"},"yoast_head":"<!-- This site is optimized with the Yoast SEO plugin v27.2 - https:\/\/yoast.com\/product\/yoast-seo-wordpress\/ -->\n<title>GameBoy XXL - VELLA ESCOLA Cultura Urbana<\/title>\n<meta name=\"description\" content=\"Alquiler de m\u00e1quina recreativa GameBoy XXL de 3 metros de altura con pantalla de 75 pulgadas, sistema Pandora Box con 3000 juegos y mandos inal\u00e1mbricos.\" \/>\n<meta name=\"robots\" content=\"index, follow, max-snippet:-1, max-image-preview:large, max-video-preview:-1\" \/>\n<link rel=\"canonical\" href=\"https:\/\/vellaescola.gal\/gl\/producto\/gameboy-xxl\/\" \/>\n<meta property=\"og:locale\" content=\"gl_ES\" \/>\n<meta property=\"og:type\" content=\"article\" \/>\n<meta property=\"og:title\" content=\"GameBoy XXL - VELLA ESCOLA Cultura Urbana\" \/>\n<meta property=\"og:description\" content=\"Alquiler de m\u00e1quina recreativa GameBoy XXL de 3 metros de altura con pantalla de 75 pulgadas, sistema Pandora Box con 3000 juegos y mandos inal\u00e1mbricos.\" \/>\n<meta property=\"og:url\" content=\"https:\/\/vellaescola.gal\/gl\/producto\/gameboy-xxl\/\" \/>\n<meta property=\"og:site_name\" content=\"VELLA ESCOLA Cultura Urbana\" \/>\n<meta property=\"article:modified_time\" content=\"2026-03-04T15:51:34+00:00\" \/>\n<meta property=\"og:image\" content=\"https:\/\/vellaescola.gal\/wp-content\/uploads\/2025\/10\/Trans_Park_GameBoy_XXL.png\" \/>\n\t<meta property=\"og:image:width\" content=\"851\" \/>\n\t<meta property=\"og:image:height\" content=\"851\" \/>\n\t<meta property=\"og:image:type\" content=\"image\/png\" \/>\n<meta name=\"twitter:label1\" content=\"Tempo de lectura\" \/>\n\t<meta name=\"twitter:data1\" content=\"1 minuto\" \/>\n<script type=\"application\/ld+json\" class=\"yoast-schema-graph\">{\"@context\":\"https:\/\/schema.org\",\"@graph\":[{\"@type\":\"WebPage\",\"@id\":\"https:\/\/vellaescola.gal\/producto\/gameboy-xxl\/\",\"url\":\"https:\/\/vellaescola.gal\/producto\/gameboy-xxl\/\",\"name\":\"GameBoy XXL - VELLA ESCOLA Cultura Urbana\",\"isPartOf\":{\"@id\":\"https:\/\/vellaescola.gal\/#website\"},\"primaryImageOfPage\":{\"@id\":\"https:\/\/vellaescola.gal\/producto\/gameboy-xxl\/#primaryimage\"},\"image\":{\"@id\":\"https:\/\/vellaescola.gal\/producto\/gameboy-xxl\/#primaryimage\"},\"thumbnailUrl\":\"https:\/\/vellaescola.gal\/wp-content\/uploads\/2025\/10\/Trans_Park_GameBoy_XXL.png\",\"datePublished\":\"2025-10-30T15:29:48+00:00\",\"dateModified\":\"2026-03-04T15:51:34+00:00\",\"description\":\"Alquiler de m\u00e1quina recreativa GameBoy XXL de 3 metros de altura con pantalla de 75 pulgadas, sistema Pandora Box con 3000 juegos y mandos inal\u00e1mbricos.\",\"breadcrumb\":{\"@id\":\"https:\/\/vellaescola.gal\/producto\/gameboy-xxl\/#breadcrumb\"},\"inLanguage\":\"gl-ES\",\"potentialAction\":[{\"@type\":\"ReadAction\",\"target\":[\"https:\/\/vellaescola.gal\/producto\/gameboy-xxl\/\"]}]},{\"@type\":\"ImageObject\",\"inLanguage\":\"gl-ES\",\"@id\":\"https:\/\/vellaescola.gal\/producto\/gameboy-xxl\/#primaryimage\",\"url\":\"https:\/\/vellaescola.gal\/wp-content\/uploads\/2025\/10\/Trans_Park_GameBoy_XXL.png\",\"contentUrl\":\"https:\/\/vellaescola.gal\/wp-content\/uploads\/2025\/10\/Trans_Park_GameBoy_XXL.png\",\"width\":851,\"height\":851},{\"@type\":\"BreadcrumbList\",\"@id\":\"https:\/\/vellaescola.gal\/producto\/gameboy-xxl\/#breadcrumb\",\"itemListElement\":[{\"@type\":\"ListItem\",\"position\":1,\"name\":\"Home\",\"item\":\"https:\/\/vellaescola.gal\/\"},{\"@type\":\"ListItem\",\"position\":2,\"name\":\"Productos\",\"item\":\"https:\/\/vellaescola.gal\/shop\/\"},{\"@type\":\"ListItem\",\"position\":3,\"name\":\"GameBoy XXL\"}]},{\"@type\":\"WebSite\",\"@id\":\"https:\/\/vellaescola.gal\/#website\",\"url\":\"https:\/\/vellaescola.gal\/\",\"name\":\"VELLA ESCOLA Cultura Urbana\",\"description\":\"L\u00edderes en Cultura Urbana en Galicia desde 2009. Talleres de Graffiti, Skate, Parkour y Breakdance para eventos e instituciones. Murales para empresas y particulares en toda Espa\u00f1a.\",\"potentialAction\":[{\"@type\":\"SearchAction\",\"target\":{\"@type\":\"EntryPoint\",\"urlTemplate\":\"https:\/\/vellaescola.gal\/?s={search_term_string}\"},\"query-input\":{\"@type\":\"PropertyValueSpecification\",\"valueRequired\":true,\"valueName\":\"search_term_string\"}}],\"inLanguage\":\"gl-ES\"}]}<\/script>\n<!-- \/ Yoast SEO plugin. -->","yoast_head_json":{"title":"GameBoy XXL - VELLA ESCOLA Cultura Urbana","description":"Aluguer dunha m\u00e1quina recreativa GameBoy XXL, de 3 metros de altura, cunha pantalla de 75 polgadas, sistema Pandora Box con 3000 xogos e mandos sen f\u00edos.","robots":{"index":"index","follow":"follow","max-snippet":"max-snippet:-1","max-image-preview":"max-image-preview:large","max-video-preview":"max-video-preview:-1"},"canonical":"https:\/\/vellaescola.gal\/gl\/producto\/gameboy-xxl\/","og_locale":"gl_ES","og_type":"article","og_title":"GameBoy XXL - VELLA ESCOLA Cultura Urbana","og_description":"Alquiler de m\u00e1quina recreativa GameBoy XXL de 3 metros de altura con pantalla de 75 pulgadas, sistema Pandora Box con 3000 juegos y mandos inal\u00e1mbricos.","og_url":"https:\/\/vellaescola.gal\/gl\/producto\/gameboy-xxl\/","og_site_name":"VELLA ESCOLA Cultura Urbana","article_modified_time":"2026-03-04T15:51:34+00:00","og_image":[{"width":851,"height":851,"url":"https:\/\/vellaescola.gal\/wp-content\/uploads\/2025\/10\/Trans_Park_GameBoy_XXL.png","type":"image\/png"}],"twitter_misc":{"Tempo de lectura":"1 minuto"},"schema":{"@context":"https:\/\/schema.org","@graph":[{"@type":"WebPage","@id":"https:\/\/vellaescola.gal\/producto\/gameboy-xxl\/","url":"https:\/\/vellaescola.gal\/producto\/gameboy-xxl\/","name":"GameBoy XXL - VELLA ESCOLA Cultura Urbana","isPartOf":{"@id":"https:\/\/vellaescola.gal\/#website"},"primaryImageOfPage":{"@id":"https:\/\/vellaescola.gal\/producto\/gameboy-xxl\/#primaryimage"},"image":{"@id":"https:\/\/vellaescola.gal\/producto\/gameboy-xxl\/#primaryimage"},"thumbnailUrl":"https:\/\/vellaescola.gal\/wp-content\/uploads\/2025\/10\/Trans_Park_GameBoy_XXL.png","datePublished":"2025-10-30T15:29:48+00:00","dateModified":"2026-03-04T15:51:34+00:00","description":"Aluguer dunha m\u00e1quina recreativa GameBoy XXL, de 3 metros de altura, cunha pantalla de 75 polgadas, sistema Pandora Box con 3000 xogos e mandos sen f\u00edos.","breadcrumb":{"@id":"https:\/\/vellaescola.gal\/producto\/gameboy-xxl\/#breadcrumb"},"inLanguage":"gl-ES","potentialAction":[{"@type":"ReadAction","target":["https:\/\/vellaescola.gal\/producto\/gameboy-xxl\/"]}]},{"@type":"ImageObject","inLanguage":"gl-ES","@id":"https:\/\/vellaescola.gal\/producto\/gameboy-xxl\/#primaryimage","url":"https:\/\/vellaescola.gal\/wp-content\/uploads\/2025\/10\/Trans_Park_GameBoy_XXL.png","contentUrl":"https:\/\/vellaescola.gal\/wp-content\/uploads\/2025\/10\/Trans_Park_GameBoy_XXL.png","width":851,"height":851},{"@type":"BreadcrumbList","@id":"https:\/\/vellaescola.gal\/producto\/gameboy-xxl\/#breadcrumb","itemListElement":[{"@type":"ListItem","position":1,"name":"Home","item":"https:\/\/vellaescola.gal\/"},{"@type":"ListItem","position":2,"name":"Productos","item":"https:\/\/vellaescola.gal\/shop\/"},{"@type":"ListItem","position":3,"name":"GameBoy XXL"}]},{"@type":"WebSite","@id":"https:\/\/vellaescola.gal\/#website","url":"https:\/\/vellaescola.gal\/","name":"VELLA ESCOLA Cultura Urbana","description":"L\u00edderes en Cultura Urbana en Galicia dende 2009. Obradoiros de Graffiti, Skate, Parkour e Breakdance para eventos e instituci\u00f3ns. Murais para empresas e particulares en toda Espa\u00f1a.","potentialAction":[{"@type":"SearchAction","target":{"@type":"EntryPoint","urlTemplate":"https:\/\/vellaescola.gal\/?s={search_term_string}"},"query-input":{"@type":"PropertyValueSpecification","valueRequired":true,"valueName":"search_term_string"}}],"inLanguage":"gl-ES"}]}},"_links":{"self":[{"href":"https:\/\/vellaescola.gal\/gl\/wp-json\/wp\/v2\/product\/13009","targetHints":{"allow":["GET"]}}],"collection":[{"href":"https:\/\/vellaescola.gal\/gl\/wp-json\/wp\/v2\/product"}],"about":[{"href":"https:\/\/vellaescola.gal\/gl\/wp-json\/wp\/v2\/types\/product"}],"replies":[{"embeddable":true,"href":"https:\/\/vellaescola.gal\/gl\/wp-json\/wp\/v2\/comments?post=13009"}],"wp:featuredmedia":[{"embeddable":true,"href":"https:\/\/vellaescola.gal\/gl\/wp-json\/wp\/v2\/media\/13010"}],"wp:attachment":[{"href":"https:\/\/vellaescola.gal\/gl\/wp-json\/wp\/v2\/media?parent=13009"}],"wp:term":[{"taxonomy":"product_brand","embeddable":true,"href":"https:\/\/vellaescola.gal\/gl\/wp-json\/wp\/v2\/product_brand?post=13009"},{"taxonomy":"product_cat","embeddable":true,"href":"https:\/\/vellaescola.gal\/gl\/wp-json\/wp\/v2\/product_cat?post=13009"},{"taxonomy":"product_tag","embeddable":true,"href":"https:\/\/vellaescola.gal\/gl\/wp-json\/wp\/v2\/product_tag?post=13009"}],"curies":[{"name":"wp","href":"https:\/\/api.w.org\/{rel}","templated":true}]}}